{"id":3,"date":"2022-10-07T00:33:05","date_gmt":"2022-10-07T00:33:05","guid":{"rendered":"https:\/\/economiaportal.com\/?page_id=3"},"modified":"2022-10-20T13:46:57","modified_gmt":"2022-10-20T13:46:57","slug":"datenschutzbestimmungen","status":"publish","type":"page","link":"https:\/\/economiaportal.com\/de\/privacy-policy\/","title":{"rendered":"Datenschutzrichtlinie"},"content":{"rendered":"<!-- wp:t\u00edtulo -->\n<h2>Wer wir sind<\/h2>\n<!-- \/wp:t\u00edtulo -->\n\n<!-- wp:par\u00e1grafo -->\n\nUnsere Website-Adresse lautet:economyportal.com.\n\n<!-- \/wp:par\u00e1grafo -->\n\n<!-- wp:t\u00edtulo -->\n<h2>Kommentare<\/h2>\n<!-- \/wp:t\u00edtulo -->\n\n<!-- wp:par\u00e1grafo -->\n\nWenn Besucher Kommentare auf der Website hinterlassen, erfassen wir die im Kommentarformular angezeigten Daten sowie die IP-Adresse des Besuchers und den User-Agent-String des Browsers, um die Spam-Erkennung zu unterst\u00fctzen.\n\n<!-- \/wp:par\u00e1grafo -->\n\n<!-- wp:par\u00e1grafo -->\n\nEine aus Ihrer E-Mail-Adresse erstellte anonymisierte Zeichenfolge (auch Hash genannt) kann dem Gravatar-Dienst zur Verf\u00fcgung gestellt werden, um festzustellen, ob Sie ihn verwenden. Die Datenschutzrichtlinie des Gravatar-Dienstes finden Sie hier: https:\/\/automattic.com\/privacy\/. Nach Freigabe Ihres Kommentars ist Ihr Profilfoto im Kontext Ihres Kommentars \u00f6ffentlich sichtbar.\n\n<!-- \/wp:par\u00e1grafo -->\n\n<!-- wp:t\u00edtulo -->\n<h2>Medien<\/h2>\n<!-- \/wp:t\u00edtulo -->\n\n<!-- wp:par\u00e1grafo -->\n\nWenn Sie Bilder auf die Website hochladen, vermeiden Sie das Hochladen von Bildern mit eingebetteten Standortdaten (EXIF GPS). Website-Besucher k\u00f6nnen beliebige Standortdaten aus Bildern auf der Website herunterladen und extrahieren.\n\n<!-- \/wp:par\u00e1grafo -->\n\n<!-- wp:t\u00edtulo -->\n<h2>Kekse<\/h2>\n<!-- \/wp:t\u00edtulo -->\n\n<!-- wp:par\u00e1grafo -->\n\nWenn Sie einen Kommentar auf unserer Website hinterlassen, k\u00f6nnen Sie der Speicherung Ihres Namens, Ihrer E-Mail-Adresse und Ihrer Website in Cookies zustimmen. Diese dienen Ihrer Bequemlichkeit, damit Sie Ihre Daten nicht erneut eingeben m\u00fcssen, wenn Sie einen weiteren Kommentar hinterlassen. Diese Cookies sind ein Jahr haltbar.\n\n<!-- \/wp:par\u00e1grafo -->\n\n<!-- wp:par\u00e1grafo -->\n\nWenn Sie unsere Anmeldeseite besuchen, setzen wir ein tempor\u00e4res Cookie, um festzustellen, ob Ihr Browser Cookies akzeptiert. Dieses Cookie enth\u00e4lt keine personenbezogenen Daten und wird verworfen, wenn Sie Ihren Browser schlie\u00dfen.\n\n<!-- \/wp:par\u00e1grafo -->\n\n<!-- wp:par\u00e1grafo -->\n\nWenn Sie sich anmelden, richten wir au\u00dferdem mehrere Cookies ein, um Ihre Anmeldeinformationen und Ihre Bildschirmanzeigeoptionen zu speichern. Anmelde-Cookies sind zwei Tage und Bildschirmoptionen-Cookies ein Jahr g\u00fcltig. Wenn Sie \u201eAngemeldet bleiben\u201c ausw\u00e4hlen, bleibt Ihr Login zwei Wochen lang bestehen. Wenn Sie sich von Ihrem Konto abmelden, werden Ihre Anmeldecookies entfernt.\n\n<!-- \/wp:par\u00e1grafo -->\n\n<!-- wp:par\u00e1grafo -->\n\nWenn Sie einen Artikel bearbeiten oder ver\u00f6ffentlichen, wird ein zus\u00e4tzlicher Cookie in Ihrem Browser gespeichert. Dieses Cookie enth\u00e4lt keine personenbezogenen Daten und gibt lediglich die Beitrags-ID des Artikels an, den Sie gerade bearbeitet haben. Es l\u00e4uft nach 1 Tag ab.\n\n<!-- \/wp:par\u00e1grafo -->\n\n<!-- wp:t\u00edtulo -->\n<h2>Eingebettete Inhalte von anderen Websites<\/h2>\n<!-- \/wp:t\u00edtulo -->\n\n<!-- wp:par\u00e1grafo -->\n\nArtikel auf dieser Website k\u00f6nnen eingebettete Inhalte enthalten (z. B. Videos, Bilder, Artikel usw.). Eingebettete Inhalte von anderen Websites verhalten sich genauso, als ob der Besucher die andere Website besucht h\u00e4tte.\n\n<!-- \/wp:par\u00e1grafo -->\n\n<!-- wp:par\u00e1grafo -->\n\nDiese Websites k\u00f6nnen Daten \u00fcber Sie sammeln, Cookies verwenden, zus\u00e4tzliches Tracking von Drittanbietern einbetten und Ihre Interaktion mit diesem eingebetteten Inhalt \u00fcberwachen, einschlie\u00dflich der Verfolgung Ihrer Interaktion mit dem eingebetteten Inhalt, wenn Sie \u00fcber ein Konto verf\u00fcgen und auf dieser Website angemeldet sind.\n\n<!-- \/wp:par\u00e1grafo -->\n\n<!-- wp:t\u00edtulo -->\n<h2>Mit wem wir Ihre Daten teilen<\/h2>\n<!-- \/wp:t\u00edtulo -->\n\n<!-- wp:par\u00e1grafo -->\n\nWenn Sie eine Passwortzur\u00fccksetzung anfordern, wird Ihre IP-Adresse in die Zur\u00fccksetzungs-E-Mail aufgenommen.\n\n<!-- \/wp:par\u00e1grafo -->\n\n<!-- wp:t\u00edtulo -->\n<h2>Wie lange bewahren wir Ihre Daten auf?<\/h2>\n<!-- \/wp:t\u00edtulo -->\n\n<!-- wp:par\u00e1grafo -->\n\nWenn Sie einen Kommentar hinterlassen, werden der Kommentar und seine Metadaten auf unbestimmte Zeit gespeichert. Auf diese Weise k\u00f6nnen wir Folgekommentare automatisch erkennen und genehmigen, anstatt sie in einer Moderationswarteschlange festzuhalten.\n\n<!-- \/wp:par\u00e1grafo -->\n\n<!-- wp:par\u00e1grafo -->\n\nF\u00fcr Nutzer, die sich auf unserer Website registrieren (sofern vorhanden), speichern wir au\u00dferdem die von ihnen angegebenen personenbezogenen Daten in ihrem Nutzerprofil. Alle Benutzer k\u00f6nnen ihre pers\u00f6nlichen Daten jederzeit einsehen, bearbeiten oder l\u00f6schen (mit der Ausnahme, dass sie ihren Benutzernamen nicht \u00e4ndern k\u00f6nnen). Site-Administratoren k\u00f6nnen diese Informationen auch anzeigen und bearbeiten.\n\n<!-- \/wp:par\u00e1grafo -->\n\n<!-- wp:t\u00edtulo -->\n<h2>Welche Rechte haben Sie an Ihren Daten?<\/h2>\n<!-- \/wp:t\u00edtulo -->\n\n<!-- wp:par\u00e1grafo -->\n\nWenn Sie ein Konto auf dieser Website haben oder Kommentare hinterlassen haben, k\u00f6nnen Sie den Erhalt einer exportierten Datei der personenbezogenen Daten anfordern, die wir \u00fcber Sie gespeichert haben, einschlie\u00dflich aller Daten, die Sie uns zur Verf\u00fcgung gestellt haben. Sie k\u00f6nnen auch verlangen, dass wir alle personenbezogenen Daten, die wir \u00fcber Sie gespeichert haben, l\u00f6schen. Hiervon ausgenommen sind Daten, zu deren Aufbewahrung wir f\u00fcr beh\u00f6rdliche, rechtliche oder sonstige Zwecke verpflichtet sind.","protected":false},"excerpt":{"rendered":"<p>Wer wir sind Unsere Website-Adresse lautet: economiaportal.com. Kommentare Wenn Besucher Kommentare auf der Website hinterlassen, erfassen wir die im Kommentarformular angezeigten Daten sowie die IP-Adresse des Besuchers \u2026 <\/p>","protected":false},"author":14,"featured_media":0,"parent":0,"menu_order":0,"comment_status":"closed","ping_status":"open","template":"","meta":{"footnotes":""},"class_list":["post-3","page","type-page","status-publish","hentry","latest_post"],"yoast_head":"<!-- This site is optimized with the Yoast SEO plugin v26.8 - https:\/\/yoast.com\/product\/yoast-seo-wordpress\/ -->\n<title>Pol\u00edtica de Privacidade - Economia Portal<\/title>\n<meta name=\"robots\" content=\"index, follow, max-snippet:-1, max-image-preview:large, max-video-preview:-1\" \/>\n<link rel=\"canonical\" href=\"https:\/\/economiaportal.com\/de\/datenschutzbestimmungen\/\" \/>\n<meta property=\"og:locale\" content=\"de_DE\" \/>\n<meta property=\"og:type\" content=\"article\" \/>\n<meta property=\"og:title\" content=\"Pol\u00edtica de Privacidade - Economia Portal\" \/>\n<meta property=\"og:description\" content=\"Quem somos O endere\u00e7o do nosso site \u00e9: economiaportal.com. Coment\u00e1rios Quando os visitantes deixam coment\u00e1rios no site, coletamos os dados mostrados no formul\u00e1rio de coment\u00e1rios e tamb\u00e9m o endere\u00e7o IP &hellip;\" \/>\n<meta property=\"og:url\" content=\"https:\/\/economiaportal.com\/de\/datenschutzbestimmungen\/\" \/>\n<meta property=\"og:site_name\" content=\"Economia Portal\" \/>\n<meta property=\"article:modified_time\" content=\"2022-10-20T13:46:57+00:00\" \/>\n<meta name=\"twitter:card\" content=\"summary_large_image\" \/>\n<meta name=\"twitter:label1\" content=\"Gesch\u00e4tzte Lesezeit\" \/>\n\t<meta name=\"twitter:data1\" content=\"4\u00a0Minuten\" \/>\n<script type=\"application\/ld+json\" class=\"yoast-schema-graph\">{\"@context\":\"https:\/\/schema.org\",\"@graph\":[{\"@type\":\"WebPage\",\"@id\":\"https:\/\/economiaportal.com\/privacy-policy\/\",\"url\":\"https:\/\/economiaportal.com\/privacy-policy\/\",\"name\":\"Pol\u00edtica de Privacidade - Economia Portal\",\"isPartOf\":{\"@id\":\"https:\/\/economiaportal.com\/#website\"},\"datePublished\":\"2022-10-07T00:33:05+00:00\",\"dateModified\":\"2022-10-20T13:46:57+00:00\",\"breadcrumb\":{\"@id\":\"https:\/\/economiaportal.com\/privacy-policy\/#breadcrumb\"},\"inLanguage\":\"de\",\"potentialAction\":[{\"@type\":\"ReadAction\",\"target\":[\"https:\/\/economiaportal.com\/privacy-policy\/\"]}]},{\"@type\":\"BreadcrumbList\",\"@id\":\"https:\/\/economiaportal.com\/privacy-policy\/#breadcrumb\",\"itemListElement\":[{\"@type\":\"ListItem\",\"position\":1,\"name\":\"In\u00edcio\",\"item\":\"https:\/\/economiaportal.com\/\"},{\"@type\":\"ListItem\",\"position\":2,\"name\":\"Pol\u00edtica de Privacidade\"}]},{\"@type\":\"WebSite\",\"@id\":\"https:\/\/economiaportal.com\/#website\",\"url\":\"https:\/\/economiaportal.com\/\",\"name\":\"Economia Portal\",\"description\":\"\",\"publisher\":{\"@id\":\"https:\/\/economiaportal.com\/#organization\"},\"potentialAction\":[{\"@type\":\"SearchAction\",\"target\":{\"@type\":\"EntryPoint\",\"urlTemplate\":\"https:\/\/economiaportal.com\/?s={search_term_string}\"},\"query-input\":{\"@type\":\"PropertyValueSpecification\",\"valueRequired\":true,\"valueName\":\"search_term_string\"}}],\"inLanguage\":\"de\"},{\"@type\":\"Organization\",\"@id\":\"https:\/\/economiaportal.com\/#organization\",\"name\":\"Economia Portal\",\"url\":\"https:\/\/economiaportal.com\/\",\"logo\":{\"@type\":\"ImageObject\",\"inLanguage\":\"de\",\"@id\":\"https:\/\/economiaportal.com\/#\/schema\/logo\/image\/\",\"url\":\"https:\/\/economiaportal.com\/wp-content\/uploads\/2024\/07\/cropped-Design-sem-nome.jpg\",\"contentUrl\":\"https:\/\/economiaportal.com\/wp-content\/uploads\/2024\/07\/cropped-Design-sem-nome.jpg\",\"width\":161,\"height\":45,\"caption\":\"Economia Portal\"},\"image\":{\"@id\":\"https:\/\/economiaportal.com\/#\/schema\/logo\/image\/\"}}]}<\/script>\n<!-- \/ Yoast SEO plugin. -->","yoast_head_json":{"title":"Datenschutzrichtlinie - Economia Portal","robots":{"index":"index","follow":"follow","max-snippet":"max-snippet:-1","max-image-preview":"max-image-preview:large","max-video-preview":"max-video-preview:-1"},"canonical":"https:\/\/economiaportal.com\/de\/datenschutzbestimmungen\/","og_locale":"de_DE","og_type":"article","og_title":"Pol\u00edtica de Privacidade - Economia Portal","og_description":"Quem somos O endere\u00e7o do nosso site \u00e9: economiaportal.com. Coment\u00e1rios Quando os visitantes deixam coment\u00e1rios no site, coletamos os dados mostrados no formul\u00e1rio de coment\u00e1rios e tamb\u00e9m o endere\u00e7o IP &hellip;","og_url":"https:\/\/economiaportal.com\/de\/datenschutzbestimmungen\/","og_site_name":"Economia Portal","article_modified_time":"2022-10-20T13:46:57+00:00","twitter_card":"summary_large_image","twitter_misc":{"Gesch\u00e4tzte Lesezeit":"4\u00a0Minuten"},"schema":{"@context":"https:\/\/schema.org","@graph":[{"@type":"WebPage","@id":"https:\/\/economiaportal.com\/privacy-policy\/","url":"https:\/\/economiaportal.com\/privacy-policy\/","name":"Datenschutzrichtlinie - Economia Portal","isPartOf":{"@id":"https:\/\/economiaportal.com\/#website"},"datePublished":"2022-10-07T00:33:05+00:00","dateModified":"2022-10-20T13:46:57+00:00","breadcrumb":{"@id":"https:\/\/economiaportal.com\/privacy-policy\/#breadcrumb"},"inLanguage":"de","potentialAction":[{"@type":"ReadAction","target":["https:\/\/economiaportal.com\/privacy-policy\/"]}]},{"@type":"BreadcrumbList","@id":"https:\/\/economiaportal.com\/privacy-policy\/#breadcrumb","itemListElement":[{"@type":"ListItem","position":1,"name":"In\u00edcio","item":"https:\/\/economiaportal.com\/"},{"@type":"ListItem","position":2,"name":"Pol\u00edtica de Privacidade"}]},{"@type":"WebSite","@id":"https:\/\/economiaportal.com\/#website","url":"https:\/\/economiaportal.com\/","name":"Wirtschaftsportal","description":"","publisher":{"@id":"https:\/\/economiaportal.com\/#organization"},"potentialAction":[{"@type":"SearchAction","target":{"@type":"EntryPoint","urlTemplate":"https:\/\/economiaportal.com\/?s={search_term_string}"},"query-input":{"@type":"PropertyValueSpecification","valueRequired":true,"valueName":"search_term_string"}}],"inLanguage":"de"},{"@type":"Organization","@id":"https:\/\/economiaportal.com\/#organization","name":"Wirtschaftsportal","url":"https:\/\/economiaportal.com\/","logo":{"@type":"ImageObject","inLanguage":"de","@id":"https:\/\/economiaportal.com\/#\/schema\/logo\/image\/","url":"https:\/\/economiaportal.com\/wp-content\/uploads\/2024\/07\/cropped-Design-sem-nome.jpg","contentUrl":"https:\/\/economiaportal.com\/wp-content\/uploads\/2024\/07\/cropped-Design-sem-nome.jpg","width":161,"height":45,"caption":"Economia Portal"},"image":{"@id":"https:\/\/economiaportal.com\/#\/schema\/logo\/image\/"}}]}},"_links":{"self":[{"href":"https:\/\/economiaportal.com\/de\/wp-json\/wp\/v2\/pages\/3","targetHints":{"allow":["GET"]}}],"collection":[{"href":"https:\/\/economiaportal.com\/de\/wp-json\/wp\/v2\/pages"}],"about":[{"href":"https:\/\/economiaportal.com\/de\/wp-json\/wp\/v2\/types\/page"}],"author":[{"embeddable":true,"href":"https:\/\/economiaportal.com\/de\/wp-json\/wp\/v2\/users\/14"}],"replies":[{"embeddable":true,"href":"https:\/\/economiaportal.com\/de\/wp-json\/wp\/v2\/comments?post=3"}],"version-history":[{"count":2,"href":"https:\/\/economiaportal.com\/de\/wp-json\/wp\/v2\/pages\/3\/revisions"}],"predecessor-version":[{"id":123,"href":"https:\/\/economiaportal.com\/de\/wp-json\/wp\/v2\/pages\/3\/revisions\/123"}],"wp:attachment":[{"href":"https:\/\/economiaportal.com\/de\/wp-json\/wp\/v2\/media?parent=3"}],"curies":[{"name":"wp","href":"https:\/\/api.w.org\/{rel}","templated":true}]}}