{"id":3,"date":"2022-10-07T00:33:05","date_gmt":"2022-10-07T00:33:05","guid":{"rendered":"https:\/\/economiaportal.com\/?page_id=3"},"modified":"2022-10-20T13:46:57","modified_gmt":"2022-10-20T13:46:57","slug":"politica-de-privacidad","status":"publish","type":"page","link":"https:\/\/economiaportal.com\/es\/privacy-policy\/","title":{"rendered":"Pol\u00edtica de privacidad"},"content":{"rendered":"<!-- wp:t\u00edtulo -->\n<h2>Quienes somos<\/h2>\n<!-- \/wp:t\u00edtulo -->\n\n<!-- wp:par\u00e1grafo -->\n\nLa direcci\u00f3n de nuestro sitio web es:economyportal.com.\n\n<!-- \/wp:par\u00e1grafo -->\n\n<!-- wp:t\u00edtulo -->\n<h2>Comentarios<\/h2>\n<!-- \/wp:t\u00edtulo -->\n\n<!-- wp:par\u00e1grafo -->\n\nCuando los visitantes dejan comentarios en el sitio, recopilamos los datos que se muestran en el formulario de comentarios, y tambi\u00e9n la direcci\u00f3n IP del visitante y la cadena de agente de usuario del navegador para ayudar a la detecci\u00f3n de spam.\n\n<!-- \/wp:par\u00e1grafo -->\n\n<!-- wp:par\u00e1grafo -->\n\nEs posible que se proporcione al servicio Gravatar una cadena an\u00f3nima creada a partir de su direcci\u00f3n de correo electr\u00f3nico (tambi\u00e9n llamada hash) para ver si la est\u00e1 utilizando. La pol\u00edtica de privacidad del servicio Gravatar est\u00e1 disponible aqu\u00ed: https:\/\/automattic.com\/privacy\/. Una vez aprobado su comentario, su foto de perfil ser\u00e1 visible para el p\u00fablico en el contexto de su comentario.\n\n<!-- \/wp:par\u00e1grafo -->\n\n<!-- wp:t\u00edtulo -->\n<h2>Medios de comunicaci\u00f3n<\/h2>\n<!-- \/wp:t\u00edtulo -->\n\n<!-- wp:par\u00e1grafo -->\n\nSi subes im\u00e1genes al sitio web, evita subir im\u00e1genes con datos de ubicaci\u00f3n incrustados (GPS EXIF) incluidos. Los visitantes del sitio web pueden descargar y extraer cualquier dato de ubicaci\u00f3n de las im\u00e1genes del sitio web.\n\n<!-- \/wp:par\u00e1grafo -->\n\n<!-- wp:t\u00edtulo -->\n<h2>Galletas<\/h2>\n<!-- \/wp:t\u00edtulo -->\n\n<!-- wp:par\u00e1grafo -->\n\nSi deja un comentario en nuestro sitio, puede optar por guardar su nombre, direcci\u00f3n de correo electr\u00f3nico y sitio web en cookies. Esto es para tu comodidad para que no tengas que volver a completar tus datos cuando dejes otro comentario. Estas cookies duran un a\u00f1o.\n\n<!-- \/wp:par\u00e1grafo -->\n\n<!-- wp:par\u00e1grafo -->\n\nSi visita nuestra p\u00e1gina de inicio de sesi\u00f3n, configuraremos una cookie temporal para determinar si su navegador acepta cookies. Esta cookie no contiene datos personales y se descarta al cerrar el navegador.\n\n<!-- \/wp:par\u00e1grafo -->\n\n<!-- wp:par\u00e1grafo -->\n\nCuando inicie sesi\u00f3n, tambi\u00e9n configuraremos varias cookies para guardar su informaci\u00f3n de inicio de sesi\u00f3n y sus opciones de visualizaci\u00f3n de pantalla. Las cookies de inicio de sesi\u00f3n tienen una duraci\u00f3n de dos d\u00edas y las cookies de opciones de pantalla tienen una duraci\u00f3n de un a\u00f1o. Si selecciona &quot;Recordarme&quot;, su inicio de sesi\u00f3n persistir\u00e1 durante dos semanas. Si cierra sesi\u00f3n en su cuenta, se eliminar\u00e1n las cookies de inicio de sesi\u00f3n.\n\n<!-- \/wp:par\u00e1grafo -->\n\n<!-- wp:par\u00e1grafo -->\n\nSi edita o publica un art\u00edculo, se guardar\u00e1 una cookie adicional en su navegador. Esta cookie no incluye datos personales y simplemente indica el ID de la publicaci\u00f3n del art\u00edculo que acaba de editar. Caduca despu\u00e9s de 1 d\u00eda.\n\n<!-- \/wp:par\u00e1grafo -->\n\n<!-- wp:t\u00edtulo -->\n<h2>Contenido incrustado de otros sitios web<\/h2>\n<!-- \/wp:t\u00edtulo -->\n\n<!-- wp:par\u00e1grafo -->\n\nLos art\u00edculos de este sitio pueden incluir contenido incrustado (por ejemplo, v\u00eddeos, im\u00e1genes, art\u00edculos, etc.). El contenido incrustado de otros sitios web se comporta exactamente de la misma manera que si el visitante hubiera visitado el otro sitio web.\n\n<!-- \/wp:par\u00e1grafo -->\n\n<!-- wp:par\u00e1grafo -->\n\nEstos sitios web pueden recopilar datos sobre usted, utilizar cookies, incorporar seguimiento adicional de terceros y monitorear su interacci\u00f3n con ese contenido incrustado, incluido el seguimiento de su interacci\u00f3n con el contenido incrustado si tiene una cuenta y ha iniciado sesi\u00f3n en ese sitio web.\n\n<!-- \/wp:par\u00e1grafo -->\n\n<!-- wp:t\u00edtulo -->\n<h2>Con qui\u00e9n compartimos tus datos<\/h2>\n<!-- \/wp:t\u00edtulo -->\n\n<!-- wp:par\u00e1grafo -->\n\nSi solicita un restablecimiento de contrase\u00f1a, su direcci\u00f3n IP se incluir\u00e1 en el correo electr\u00f3nico de restablecimiento.\n\n<!-- \/wp:par\u00e1grafo -->\n\n<!-- wp:t\u00edtulo -->\n<h2>\u00bfCu\u00e1nto tiempo conservamos tus datos?<\/h2>\n<!-- \/wp:t\u00edtulo -->\n\n<!-- wp:par\u00e1grafo -->\n\nSi deja un comentario, el comentario y sus metadatos se conservar\u00e1n indefinidamente. Esto es para que podamos reconocer y aprobar cualquier comentario de seguimiento autom\u00e1ticamente, en lugar de mantenerlos en una cola de moderaci\u00f3n.\n\n<!-- \/wp:par\u00e1grafo -->\n\n<!-- wp:par\u00e1grafo -->\n\nPara los usuarios que se registran en nuestro sitio web (si los hay), tambi\u00e9n almacenamos la informaci\u00f3n personal que proporcionan en su perfil de usuario. Todos los usuarios pueden ver, editar o eliminar su informaci\u00f3n personal en cualquier momento (excepto que no pueden cambiar su nombre de usuario). Los administradores del sitio tambi\u00e9n pueden ver y editar esta informaci\u00f3n.\n\n<!-- \/wp:par\u00e1grafo -->\n\n<!-- wp:t\u00edtulo -->\n<h2>\u00bfQu\u00e9 derechos tienes sobre tus datos?<\/h2>\n<!-- \/wp:t\u00edtulo -->\n\n<!-- wp:par\u00e1grafo -->\n\nSi tiene una cuenta en este sitio o ha dejado comentarios, puede solicitar recibir un archivo exportado de los datos personales que tenemos sobre usted, incluidos los datos que nos haya proporcionado. Tambi\u00e9n puede solicitar que borremos cualquier dato personal que tengamos sobre usted. Esto no incluye ning\u00fan dato que estemos obligados a conservar con fines administrativos, legales,","protected":false},"excerpt":{"rendered":"<p>Qui\u00e9nes somos. La direcci\u00f3n de nuestro sitio web es: economiaportal.com. Comentarios: Cuando los visitantes dejan comentarios en el sitio, recopilamos los datos que se muestran en el formulario de comentarios, as\u00ed como su direcci\u00f3n IP. <\/p>","protected":false},"author":14,"featured_media":0,"parent":0,"menu_order":0,"comment_status":"closed","ping_status":"open","template":"","meta":{"footnotes":""},"class_list":["post-3","page","type-page","status-publish","hentry","latest_post"],"yoast_head":"<!-- This site is optimized with the Yoast SEO plugin v26.8 - https:\/\/yoast.com\/product\/yoast-seo-wordpress\/ -->\n<title>Pol\u00edtica de Privacidade - Economia Portal<\/title>\n<meta name=\"robots\" content=\"index, follow, max-snippet:-1, max-image-preview:large, max-video-preview:-1\" \/>\n<link rel=\"canonical\" href=\"https:\/\/economiaportal.com\/es\/politica-de-privacidad\/\" \/>\n<meta property=\"og:locale\" content=\"es_MX\" \/>\n<meta property=\"og:type\" content=\"article\" \/>\n<meta property=\"og:title\" content=\"Pol\u00edtica de Privacidade - Economia Portal\" \/>\n<meta property=\"og:description\" content=\"Quem somos O endere\u00e7o do nosso site \u00e9: economiaportal.com. Coment\u00e1rios Quando os visitantes deixam coment\u00e1rios no site, coletamos os dados mostrados no formul\u00e1rio de coment\u00e1rios e tamb\u00e9m o endere\u00e7o IP &hellip;\" \/>\n<meta property=\"og:url\" content=\"https:\/\/economiaportal.com\/es\/politica-de-privacidad\/\" \/>\n<meta property=\"og:site_name\" content=\"Economia Portal\" \/>\n<meta property=\"article:modified_time\" content=\"2022-10-20T13:46:57+00:00\" \/>\n<meta name=\"twitter:card\" content=\"summary_large_image\" \/>\n<meta name=\"twitter:label1\" content=\"Tiempo de lectura\" \/>\n\t<meta name=\"twitter:data1\" content=\"4 minutos\" \/>\n<script type=\"application\/ld+json\" class=\"yoast-schema-graph\">{\"@context\":\"https:\/\/schema.org\",\"@graph\":[{\"@type\":\"WebPage\",\"@id\":\"https:\/\/economiaportal.com\/privacy-policy\/\",\"url\":\"https:\/\/economiaportal.com\/privacy-policy\/\",\"name\":\"Pol\u00edtica de Privacidade - Economia Portal\",\"isPartOf\":{\"@id\":\"https:\/\/economiaportal.com\/#website\"},\"datePublished\":\"2022-10-07T00:33:05+00:00\",\"dateModified\":\"2022-10-20T13:46:57+00:00\",\"breadcrumb\":{\"@id\":\"https:\/\/economiaportal.com\/privacy-policy\/#breadcrumb\"},\"inLanguage\":\"es\",\"potentialAction\":[{\"@type\":\"ReadAction\",\"target\":[\"https:\/\/economiaportal.com\/privacy-policy\/\"]}]},{\"@type\":\"BreadcrumbList\",\"@id\":\"https:\/\/economiaportal.com\/privacy-policy\/#breadcrumb\",\"itemListElement\":[{\"@type\":\"ListItem\",\"position\":1,\"name\":\"In\u00edcio\",\"item\":\"https:\/\/economiaportal.com\/\"},{\"@type\":\"ListItem\",\"position\":2,\"name\":\"Pol\u00edtica de Privacidade\"}]},{\"@type\":\"WebSite\",\"@id\":\"https:\/\/economiaportal.com\/#website\",\"url\":\"https:\/\/economiaportal.com\/\",\"name\":\"Economia Portal\",\"description\":\"\",\"publisher\":{\"@id\":\"https:\/\/economiaportal.com\/#organization\"},\"potentialAction\":[{\"@type\":\"SearchAction\",\"target\":{\"@type\":\"EntryPoint\",\"urlTemplate\":\"https:\/\/economiaportal.com\/?s={search_term_string}\"},\"query-input\":{\"@type\":\"PropertyValueSpecification\",\"valueRequired\":true,\"valueName\":\"search_term_string\"}}],\"inLanguage\":\"es\"},{\"@type\":\"Organization\",\"@id\":\"https:\/\/economiaportal.com\/#organization\",\"name\":\"Economia Portal\",\"url\":\"https:\/\/economiaportal.com\/\",\"logo\":{\"@type\":\"ImageObject\",\"inLanguage\":\"es\",\"@id\":\"https:\/\/economiaportal.com\/#\/schema\/logo\/image\/\",\"url\":\"https:\/\/economiaportal.com\/wp-content\/uploads\/2024\/07\/cropped-Design-sem-nome.jpg\",\"contentUrl\":\"https:\/\/economiaportal.com\/wp-content\/uploads\/2024\/07\/cropped-Design-sem-nome.jpg\",\"width\":161,\"height\":45,\"caption\":\"Economia Portal\"},\"image\":{\"@id\":\"https:\/\/economiaportal.com\/#\/schema\/logo\/image\/\"}}]}<\/script>\n<!-- \/ Yoast SEO plugin. -->","yoast_head_json":{"title":"Pol\u00edtica de privacidad - Portal de Econom\u00eda","robots":{"index":"index","follow":"follow","max-snippet":"max-snippet:-1","max-image-preview":"max-image-preview:large","max-video-preview":"max-video-preview:-1"},"canonical":"https:\/\/economiaportal.com\/es\/politica-de-privacidad\/","og_locale":"es_MX","og_type":"article","og_title":"Pol\u00edtica de Privacidade - Economia Portal","og_description":"Quem somos O endere\u00e7o do nosso site \u00e9: economiaportal.com. Coment\u00e1rios Quando os visitantes deixam coment\u00e1rios no site, coletamos os dados mostrados no formul\u00e1rio de coment\u00e1rios e tamb\u00e9m o endere\u00e7o IP &hellip;","og_url":"https:\/\/economiaportal.com\/es\/politica-de-privacidad\/","og_site_name":"Economia Portal","article_modified_time":"2022-10-20T13:46:57+00:00","twitter_card":"summary_large_image","twitter_misc":{"Tiempo de lectura":"4 minutos"},"schema":{"@context":"https:\/\/schema.org","@graph":[{"@type":"WebPage","@id":"https:\/\/economiaportal.com\/privacy-policy\/","url":"https:\/\/economiaportal.com\/privacy-policy\/","name":"Pol\u00edtica de privacidad - Portal de Econom\u00eda","isPartOf":{"@id":"https:\/\/economiaportal.com\/#website"},"datePublished":"2022-10-07T00:33:05+00:00","dateModified":"2022-10-20T13:46:57+00:00","breadcrumb":{"@id":"https:\/\/economiaportal.com\/privacy-policy\/#breadcrumb"},"inLanguage":"es","potentialAction":[{"@type":"ReadAction","target":["https:\/\/economiaportal.com\/privacy-policy\/"]}]},{"@type":"BreadcrumbList","@id":"https:\/\/economiaportal.com\/privacy-policy\/#breadcrumb","itemListElement":[{"@type":"ListItem","position":1,"name":"In\u00edcio","item":"https:\/\/economiaportal.com\/"},{"@type":"ListItem","position":2,"name":"Pol\u00edtica de Privacidade"}]},{"@type":"WebSite","@id":"https:\/\/economiaportal.com\/#website","url":"https:\/\/economiaportal.com\/","name":"Portal de Econom\u00eda","description":"","publisher":{"@id":"https:\/\/economiaportal.com\/#organization"},"potentialAction":[{"@type":"SearchAction","target":{"@type":"EntryPoint","urlTemplate":"https:\/\/economiaportal.com\/?s={search_term_string}"},"query-input":{"@type":"PropertyValueSpecification","valueRequired":true,"valueName":"search_term_string"}}],"inLanguage":"es"},{"@type":"Organization","@id":"https:\/\/economiaportal.com\/#organization","name":"Portal de Econom\u00eda","url":"https:\/\/economiaportal.com\/","logo":{"@type":"ImageObject","inLanguage":"es","@id":"https:\/\/economiaportal.com\/#\/schema\/logo\/image\/","url":"https:\/\/economiaportal.com\/wp-content\/uploads\/2024\/07\/cropped-Design-sem-nome.jpg","contentUrl":"https:\/\/economiaportal.com\/wp-content\/uploads\/2024\/07\/cropped-Design-sem-nome.jpg","width":161,"height":45,"caption":"Economia Portal"},"image":{"@id":"https:\/\/economiaportal.com\/#\/schema\/logo\/image\/"}}]}},"_links":{"self":[{"href":"https:\/\/economiaportal.com\/es\/wp-json\/wp\/v2\/pages\/3","targetHints":{"allow":["GET"]}}],"collection":[{"href":"https:\/\/economiaportal.com\/es\/wp-json\/wp\/v2\/pages"}],"about":[{"href":"https:\/\/economiaportal.com\/es\/wp-json\/wp\/v2\/types\/page"}],"author":[{"embeddable":true,"href":"https:\/\/economiaportal.com\/es\/wp-json\/wp\/v2\/users\/14"}],"replies":[{"embeddable":true,"href":"https:\/\/economiaportal.com\/es\/wp-json\/wp\/v2\/comments?post=3"}],"version-history":[{"count":2,"href":"https:\/\/economiaportal.com\/es\/wp-json\/wp\/v2\/pages\/3\/revisions"}],"predecessor-version":[{"id":123,"href":"https:\/\/economiaportal.com\/es\/wp-json\/wp\/v2\/pages\/3\/revisions\/123"}],"wp:attachment":[{"href":"https:\/\/economiaportal.com\/es\/wp-json\/wp\/v2\/media?parent=3"}],"curies":[{"name":"gracias","href":"https:\/\/api.w.org\/{rel}","templated":true}]}}