{"id":1512,"date":"2024-11-11T16:03:49","date_gmt":"2024-11-11T13:03:49","guid":{"rendered":"https:\/\/economiaportal.com\/?page_id=1512"},"modified":"2024-11-11T16:03:50","modified_gmt":"2024-11-11T13:03:50","slug":"a-propos-de-nous","status":"publish","type":"page","link":"https:\/\/economiaportal.com\/fr\/sobre-nos\/","title":{"rendered":"\u00c0 propos de nous"},"content":{"rendered":"<p>Bienvenue \u00e0 <strong>Portail de l&#039;\u00e9conomie<\/strong>!<\/p>\n\n\n\n<p>Ici, nous pensons que le <strong>informations financi\u00e8res<\/strong> \u00e7a doit \u00eatre <strong>simple et accessible<\/strong> pour tout le monde. Notre objectif est d&#039;apporter du contenu de <strong>qualit\u00e9<\/strong> qui transforment vos choix financiers et vous aident \u00e0 b\u00e2tir une vie \u00e9conomique <strong>stable et prosp\u00e8re<\/strong>.<\/p>\n\n\n\n<h3 class=\"wp-block-heading\">Notre mission<\/h3>\n\n\n\n<p>Au <strong>Portail de l&#039;\u00e9conomie<\/strong>, nous voulons <strong>habiliter<\/strong> nos lecteurs avec des connaissances pour qu&#039;ils puissent faire <strong>des d\u00e9cisions intelligentes et s\u00fbres<\/strong> dans la vie de tous les jours. Nous pensons que la compr\u00e9hension <strong>\u00e9conomie, investissements<\/strong> C&#039;est <strong>planification financi\u00e8re<\/strong> est la cl\u00e9 de la libert\u00e9 financi\u00e8re.<\/p>\n\n\n\n<h3 class=\"wp-block-heading\">Ce que vous trouvez ici<\/h3>\n\n\n\n<p>Nous proposons une gamme de contenus sur des sujets allant de <strong>investissements<\/strong>, <strong>gestion des finances personnelles<\/strong>, <strong>technologie appliqu\u00e9e \u00e0 l&#039;\u00e9conomie<\/strong> C&#039;est <strong>l&#039;actualit\u00e9 du march\u00e9 financier<\/strong>. Nous savons que l&#039;information est un outil puissant et nous cherchons \u00e0 la diffuser de mani\u00e8re <strong>clair et pratique<\/strong>.<\/p>\n\n\n\n<p>Vous trouverez des sections comme :<\/p>\n\n\n\n<ul class=\"wp-block-list\">\n<li><strong>Conseils pour \u00e9conomiser<\/strong>: Conseils pratiques pour <strong>r\u00e9duire les d\u00e9penses<\/strong> C&#039;est <strong>pour \u00e9conomiser de l&#039;argent<\/strong> dans la vie de tous les jours.<\/li>\n\n\n\n<li><strong>Guides d&#039;investissement<\/strong>: \u00c9tape par \u00e9tape comment <strong>investir en toute s\u00e9curit\u00e9<\/strong>, que vous soyez d\u00e9butant ou confirm\u00e9.<\/li>\n\n\n\n<li><strong>Mises \u00e0 jour du march\u00e9<\/strong>: Au <strong>meilleures nouvelles<\/strong> et les tendances du monde \u00e9conomique, avec une analyse d\u00e9taill\u00e9e et accessible.<\/li>\n\n\n\n<li><strong>Technologie financi\u00e8re<\/strong>: Comment utiliser <strong>applications<\/strong> C&#039;est <strong>outils en ligne<\/strong> pour am\u00e9liorer votre vie financi\u00e8re.<\/li>\n<\/ul>\n\n\n\n<h3 class=\"wp-block-heading\">Notre \u00e9quipe<\/h3>\n\n\n\n<p>Form\u00e9 par une \u00e9quipe de <strong>experts<\/strong> en \u00e9conomie, finance et technologie, le <strong>Portail de l&#039;\u00e9conomie<\/strong> Il compte des \u00e9crivains, des analystes et des passionn\u00e9s du monde financier. Chaque article, guide ou conseil est r\u00e9dig\u00e9 avec <strong>d\u00e9vouement<\/strong> et d&#039;engagement, offrant le meilleur de <strong>contenu financier<\/strong>.<\/p>\n\n\n\n<h3 class=\"wp-block-heading\">Allons-y ensemble !<\/h3>\n\n\n\n<p>Nous sommes l\u00e0 pour marcher \u00e0 vos c\u00f4t\u00e9s <strong>voyage vers la libert\u00e9 financi\u00e8re<\/strong>. Suivez nos articles, participez \u00e0 nos d\u00e9bats et explorez les astuces qui transforment. Apr\u00e8s tout, le <strong>Portail de l&#039;\u00e9conomie<\/strong> Il est fait pour vous et par vous.<\/p>\n\n\n\n<p><strong>Acc\u00e9dez, \u00e9conomisez et transformez vos finances\u00a0!<\/strong><\/p>\n\n\n\n<hr class=\"wp-block-separator has-alpha-channel-opacity\"\/>","protected":false},"excerpt":{"rendered":"<p>Bienvenue sur le portail \u00e9conomique\u00a0! Ici, nous pensons que l\u2019information financi\u00e8re doit \u00eatre simple et accessible \u00e0 tous. Notre objectif est de proposer un contenu de qualit\u00e9 qui transforme vos choix financiers et\u2026 <\/p>","protected":false},"author":14,"featured_media":0,"parent":0,"menu_order":0,"comment_status":"closed","ping_status":"closed","template":"","meta":{"footnotes":""},"class_list":["post-1512","page","type-page","status-publish","hentry","latest_post"],"yoast_head":"<!-- This site is optimized with the Yoast SEO plugin v26.8 - https:\/\/yoast.com\/product\/yoast-seo-wordpress\/ -->\n<title>Sobre N\u00f3s - Economia Portal<\/title>\n<meta name=\"robots\" content=\"index, follow, max-snippet:-1, max-image-preview:large, max-video-preview:-1\" \/>\n<link rel=\"canonical\" href=\"https:\/\/economiaportal.com\/fr\/a-propos-de-nous\/\" \/>\n<meta property=\"og:locale\" content=\"fr_FR\" \/>\n<meta property=\"og:type\" content=\"article\" \/>\n<meta property=\"og:title\" content=\"Sobre N\u00f3s - Economia Portal\" \/>\n<meta property=\"og:description\" content=\"Bem-vindo ao Economia Portal! Aqui, acreditamos que a informa\u00e7\u00e3o financeira deve ser simples e acess\u00edvel para todos. Nosso objetivo \u00e9 trazer conte\u00fados de qualidade que transformem suas escolhas financeiras e &hellip;\" \/>\n<meta property=\"og:url\" content=\"https:\/\/economiaportal.com\/fr\/a-propos-de-nous\/\" \/>\n<meta property=\"og:site_name\" content=\"Economia Portal\" \/>\n<meta property=\"article:modified_time\" content=\"2024-11-11T13:03:50+00:00\" \/>\n<meta name=\"twitter:card\" content=\"summary_large_image\" \/>\n<meta name=\"twitter:label1\" content=\"Dur\u00e9e de lecture estim\u00e9e\" \/>\n\t<meta name=\"twitter:data1\" content=\"2 minutes\" \/>\n<script type=\"application\/ld+json\" class=\"yoast-schema-graph\">{\"@context\":\"https:\/\/schema.org\",\"@graph\":[{\"@type\":\"WebPage\",\"@id\":\"https:\/\/economiaportal.com\/sobre-nos\/\",\"url\":\"https:\/\/economiaportal.com\/sobre-nos\/\",\"name\":\"Sobre N\u00f3s - Economia Portal\",\"isPartOf\":{\"@id\":\"https:\/\/economiaportal.com\/#website\"},\"datePublished\":\"2024-11-11T13:03:49+00:00\",\"dateModified\":\"2024-11-11T13:03:50+00:00\",\"breadcrumb\":{\"@id\":\"https:\/\/economiaportal.com\/sobre-nos\/#breadcrumb\"},\"inLanguage\":\"fr-FR\",\"potentialAction\":[{\"@type\":\"ReadAction\",\"target\":[\"https:\/\/economiaportal.com\/sobre-nos\/\"]}]},{\"@type\":\"BreadcrumbList\",\"@id\":\"https:\/\/economiaportal.com\/sobre-nos\/#breadcrumb\",\"itemListElement\":[{\"@type\":\"ListItem\",\"position\":1,\"name\":\"In\u00edcio\",\"item\":\"https:\/\/economiaportal.com\/\"},{\"@type\":\"ListItem\",\"position\":2,\"name\":\"Sobre N\u00f3s\"}]},{\"@type\":\"WebSite\",\"@id\":\"https:\/\/economiaportal.com\/#website\",\"url\":\"https:\/\/economiaportal.com\/\",\"name\":\"Economia Portal\",\"description\":\"\",\"publisher\":{\"@id\":\"https:\/\/economiaportal.com\/#organization\"},\"potentialAction\":[{\"@type\":\"SearchAction\",\"target\":{\"@type\":\"EntryPoint\",\"urlTemplate\":\"https:\/\/economiaportal.com\/?s={search_term_string}\"},\"query-input\":{\"@type\":\"PropertyValueSpecification\",\"valueRequired\":true,\"valueName\":\"search_term_string\"}}],\"inLanguage\":\"fr-FR\"},{\"@type\":\"Organization\",\"@id\":\"https:\/\/economiaportal.com\/#organization\",\"name\":\"Economia Portal\",\"url\":\"https:\/\/economiaportal.com\/\",\"logo\":{\"@type\":\"ImageObject\",\"inLanguage\":\"fr-FR\",\"@id\":\"https:\/\/economiaportal.com\/#\/schema\/logo\/image\/\",\"url\":\"https:\/\/economiaportal.com\/wp-content\/uploads\/2024\/07\/cropped-Design-sem-nome.jpg\",\"contentUrl\":\"https:\/\/economiaportal.com\/wp-content\/uploads\/2024\/07\/cropped-Design-sem-nome.jpg\",\"width\":161,\"height\":45,\"caption\":\"Economia Portal\"},\"image\":{\"@id\":\"https:\/\/economiaportal.com\/#\/schema\/logo\/image\/\"}}]}<\/script>\n<!-- \/ Yoast SEO plugin. -->","yoast_head_json":{"title":"\u00c0 propos de nous - Portail \u00e9conomique","robots":{"index":"index","follow":"follow","max-snippet":"max-snippet:-1","max-image-preview":"max-image-preview:large","max-video-preview":"max-video-preview:-1"},"canonical":"https:\/\/economiaportal.com\/fr\/a-propos-de-nous\/","og_locale":"fr_FR","og_type":"article","og_title":"Sobre N\u00f3s - Economia Portal","og_description":"Bem-vindo ao Economia Portal! Aqui, acreditamos que a informa\u00e7\u00e3o financeira deve ser simples e acess\u00edvel para todos. Nosso objetivo \u00e9 trazer conte\u00fados de qualidade que transformem suas escolhas financeiras e &hellip;","og_url":"https:\/\/economiaportal.com\/fr\/a-propos-de-nous\/","og_site_name":"Economia Portal","article_modified_time":"2024-11-11T13:03:50+00:00","twitter_card":"summary_large_image","twitter_misc":{"Dur\u00e9e de lecture estim\u00e9e":"2 minutes"},"schema":{"@context":"https:\/\/schema.org","@graph":[{"@type":"WebPage","@id":"https:\/\/economiaportal.com\/sobre-nos\/","url":"https:\/\/economiaportal.com\/sobre-nos\/","name":"\u00c0 propos de nous - Portail \u00e9conomique","isPartOf":{"@id":"https:\/\/economiaportal.com\/#website"},"datePublished":"2024-11-11T13:03:49+00:00","dateModified":"2024-11-11T13:03:50+00:00","breadcrumb":{"@id":"https:\/\/economiaportal.com\/sobre-nos\/#breadcrumb"},"inLanguage":"fr-FR","potentialAction":[{"@type":"ReadAction","target":["https:\/\/economiaportal.com\/sobre-nos\/"]}]},{"@type":"BreadcrumbList","@id":"https:\/\/economiaportal.com\/sobre-nos\/#breadcrumb","itemListElement":[{"@type":"ListItem","position":1,"name":"In\u00edcio","item":"https:\/\/economiaportal.com\/"},{"@type":"ListItem","position":2,"name":"Sobre N\u00f3s"}]},{"@type":"WebSite","@id":"https:\/\/economiaportal.com\/#website","url":"https:\/\/economiaportal.com\/","name":"Portail de l&#039;\u00e9conomie","description":"","publisher":{"@id":"https:\/\/economiaportal.com\/#organization"},"potentialAction":[{"@type":"SearchAction","target":{"@type":"EntryPoint","urlTemplate":"https:\/\/economiaportal.com\/?s={search_term_string}"},"query-input":{"@type":"PropertyValueSpecification","valueRequired":true,"valueName":"search_term_string"}}],"inLanguage":"fr-FR"},{"@type":"Organization","@id":"https:\/\/economiaportal.com\/#organization","name":"Portail de l&#039;\u00e9conomie","url":"https:\/\/economiaportal.com\/","logo":{"@type":"ImageObject","inLanguage":"fr-FR","@id":"https:\/\/economiaportal.com\/#\/schema\/logo\/image\/","url":"https:\/\/economiaportal.com\/wp-content\/uploads\/2024\/07\/cropped-Design-sem-nome.jpg","contentUrl":"https:\/\/economiaportal.com\/wp-content\/uploads\/2024\/07\/cropped-Design-sem-nome.jpg","width":161,"height":45,"caption":"Economia Portal"},"image":{"@id":"https:\/\/economiaportal.com\/#\/schema\/logo\/image\/"}}]}},"_links":{"self":[{"href":"https:\/\/economiaportal.com\/fr\/wp-json\/wp\/v2\/pages\/1512","targetHints":{"allow":["GET"]}}],"collection":[{"href":"https:\/\/economiaportal.com\/fr\/wp-json\/wp\/v2\/pages"}],"about":[{"href":"https:\/\/economiaportal.com\/fr\/wp-json\/wp\/v2\/types\/page"}],"author":[{"embeddable":true,"href":"https:\/\/economiaportal.com\/fr\/wp-json\/wp\/v2\/users\/14"}],"replies":[{"embeddable":true,"href":"https:\/\/economiaportal.com\/fr\/wp-json\/wp\/v2\/comments?post=1512"}],"version-history":[{"count":1,"href":"https:\/\/economiaportal.com\/fr\/wp-json\/wp\/v2\/pages\/1512\/revisions"}],"predecessor-version":[{"id":1513,"href":"https:\/\/economiaportal.com\/fr\/wp-json\/wp\/v2\/pages\/1512\/revisions\/1513"}],"wp:attachment":[{"href":"https:\/\/economiaportal.com\/fr\/wp-json\/wp\/v2\/media?parent=1512"}],"curies":[{"name":"wp","href":"https:\/\/api.w.org\/{rel}","templated":true}]}}