{"id":1512,"date":"2024-11-11T16:03:49","date_gmt":"2024-11-11T13:03:49","guid":{"rendered":"https:\/\/economiaportal.com\/?page_id=1512"},"modified":"2024-11-11T16:03:50","modified_gmt":"2024-11-11T13:03:50","slug":"%e0%a4%b9%e0%a4%ae%e0%a4%be%e0%a4%b0%e0%a5%87-%e0%a4%ac%e0%a4%be%e0%a4%b0%e0%a5%87-%e0%a4%ae%e0%a5%87%e0%a4%82","status":"publish","type":"page","link":"https:\/\/economiaportal.com\/hi\/sobre-nos\/","title":{"rendered":"\u0939\u092e\u093e\u0930\u0947 \u092c\u093e\u0930\u0947 \u092e\u0947\u0902"},"content":{"rendered":"<p>\u0906\u092a\u0915\u093e \u0938\u094d\u0935\u093e\u0917\u0924 \u0939\u0948 <strong>\u0905\u0930\u094d\u0925\u0935\u094d\u092f\u0935\u0938\u094d\u0925\u093e \u092a\u094b\u0930\u094d\u091f\u0932<\/strong>!<\/p>\n\n\n\n<p>\u092f\u0939\u093e\u0901, \u0939\u092e \u092e\u093e\u0928\u0924\u0947 \u0939\u0948\u0902 \u0915\u093f <strong>\u0935\u093f\u0924\u094d\u0924\u0940\u092f \u091c\u093e\u0928\u0915\u093e\u0930\u0940<\/strong> \u092f\u0939 \u0939\u094b\u0928\u093e \u0939\u0940 \u091a\u093e\u0939\u093f\u090f <strong>\u0938\u0930\u0932 \u0914\u0930 \u0938\u0941\u0932\u092d<\/strong> \u0938\u092d\u0940 \u0915\u0947 \u0932\u093f\u090f\u0964 \u0939\u092e\u093e\u0930\u093e \u0932\u0915\u094d\u0937\u094d\u092f \u0938\u093e\u092e\u0917\u094d\u0930\u0940 \u0932\u093e\u0928\u093e \u0939\u0948 <strong>\u0917\u0941\u0923\u0935\u0924\u094d\u0924\u093e<\/strong> \u091c\u094b \u0906\u092a\u0915\u0947 \u0935\u093f\u0924\u094d\u0924\u0940\u092f \u0935\u093f\u0915\u0932\u094d\u092a\u094b\u0902 \u0915\u094b \u092c\u0926\u0932 \u0926\u0947\u0924\u093e \u0939\u0948 \u0914\u0930 \u0906\u092a\u0915\u094b \u090f\u0915 \u0915\u093f\u092b\u093e\u092f\u0924\u0940 \u091c\u0940\u0935\u0928 \u092c\u0928\u093e\u0928\u0947 \u092e\u0947\u0902 \u092e\u0926\u0926 \u0915\u0930\u0924\u093e \u0939\u0948 <strong>\u0938\u094d\u0925\u093f\u0930 \u0914\u0930 \u0938\u092e\u0943\u0926\u094d\u0927<\/strong>.<\/p>\n\n\n\n<h3 class=\"wp-block-heading\">\u0939\u092e\u093e\u0930\u093e \u0935\u093f\u0936\u0947\u0937 \u0915\u093e\u0930\u094d\u092f<\/h3>\n\n\n\n<p>\u092a\u0930 <strong>\u0905\u0930\u094d\u0925\u0935\u094d\u092f\u0935\u0938\u094d\u0925\u093e \u092a\u094b\u0930\u094d\u091f\u0932<\/strong>, \u0939\u092e \u091a\u093e\u0939\u0924\u0947 \u0939\u0948\u0902 <strong>\u0938\u0936\u0915\u094d\u0924<\/strong> \u0939\u092e\u093e\u0930\u0947 \u092a\u093e\u0920\u0915\u094b\u0902 \u0915\u094b \u091c\u094d\u091e\u093e\u0928 \u0939\u0948 \u0924\u093e\u0915\u093f \u0935\u0947 \u0910\u0938\u093e \u0915\u0930 \u0938\u0915\u0947\u0902 <strong>\u0938\u094d\u092e\u093e\u0930\u094d\u091f \u0914\u0930 \u0938\u0941\u0930\u0915\u094d\u0937\u093f\u0924 \u0928\u093f\u0930\u094d\u0923\u092f<\/strong> \u0930\u094b\u091c\u092e\u0930\u094d\u0930\u093e \u0915\u0940 \u091c\u093f\u0902\u0926\u0917\u0940 \u092e\u0947\u0902. \u0939\u092e \u0909\u0938 \u0938\u092e\u091d \u092a\u0930 \u0935\u093f\u0936\u094d\u0935\u093e\u0938 \u0915\u0930\u0924\u0947 \u0939\u0948\u0902 <strong>\u0905\u0930\u094d\u0925\u0935\u094d\u092f\u0935\u0938\u094d\u0925\u093e, \u0928\u093f\u0935\u0947\u0936<\/strong> \u092f\u0939 \u0939\u0948 <strong>\u0935\u093f\u0924\u094d\u0924\u0940\u092f \u0928\u093f\u092f\u094b\u091c\u0928<\/strong> \u0935\u093f\u0924\u094d\u0924\u0940\u092f \u0938\u094d\u0935\u0924\u0902\u0924\u094d\u0930\u0924\u093e \u0915\u0940 \u0915\u0941\u0902\u091c\u0940 \u0939\u0948.<\/p>\n\n\n\n<h3 class=\"wp-block-heading\">\u0906\u092a\u0915\u094b \u092f\u0939\u093e\u0902 \u0915\u094d\u092f\u093e \u092e\u093f\u0932\u0924\u093e \u0939\u0948<\/h3>\n\n\n\n<p>\u0939\u092e \u0935\u093f\u092d\u093f\u0928\u094d\u0928 \u0935\u093f\u0937\u092f\u094b\u0902 \u092a\u0930 \u0938\u093e\u092e\u0917\u094d\u0930\u0940 \u0915\u0940 \u090f\u0915 \u0936\u094d\u0930\u0943\u0902\u0916\u0932\u093e \u092a\u094d\u0930\u0926\u093e\u0928 \u0915\u0930\u0924\u0947 \u0939\u0948\u0902 <strong>\u0928\u093f\u0935\u0947\u0936<\/strong>, <strong>\u0935\u094d\u092f\u0915\u094d\u0924\u093f\u0917\u0924 \u0935\u093f\u0924\u094d\u0924 \u092a\u094d\u0930\u092c\u0902\u0927\u0928<\/strong>, <strong>\u092a\u094d\u0930\u094c\u0926\u094d\u092f\u094b\u0917\u093f\u0915\u0940 \u0915\u094b \u0905\u0930\u094d\u0925\u0935\u094d\u092f\u0935\u0938\u094d\u0925\u093e \u092e\u0947\u0902 \u0932\u093e\u0917\u0942 \u0915\u093f\u092f\u093e \u0917\u092f\u093e<\/strong> \u092f\u0939 \u0939\u0948 <strong>\u0935\u093f\u0924\u094d\u0924\u0940\u092f \u092c\u093e\u091c\u093c\u093e\u0930 \u0915\u0947 \u092c\u093e\u0930\u0947 \u092e\u0947\u0902 \u0938\u092e\u093e\u091a\u093e\u0930<\/strong>. \u0939\u092e \u091c\u093e\u0928\u0924\u0947 \u0939\u0948\u0902 \u0915\u093f \u091c\u093e\u0928\u0915\u093e\u0930\u0940 \u090f\u0915 \u0936\u0915\u094d\u0924\u093f\u0936\u093e\u0932\u0940 \u0909\u092a\u0915\u0930\u0923 \u0939\u0948 \u0914\u0930 \u0939\u092e \u0907\u0938\u0947 \u0906\u0938\u093e\u0928\u0940 \u0938\u0947 \u0909\u092a\u0932\u092c\u094d\u0927 \u0915\u0930\u093e\u0928\u093e \u091a\u093e\u0939\u0924\u0947 \u0939\u0948\u0902 <strong>\u0938\u094d\u092a\u0937\u094d\u091f \u0914\u0930 \u0935\u094d\u092f\u093e\u0935\u0939\u093e\u0930\u093f\u0915<\/strong>.<\/p>\n\n\n\n<p>\u0906\u092a\u0915\u094b \u0907\u0938 \u092a\u094d\u0930\u0915\u093e\u0930 \u0915\u0947 \u0905\u0928\u0941\u092d\u093e\u0917 \u092e\u093f\u0932\u0947\u0902\u0917\u0947:<\/p>\n\n\n\n<ul class=\"wp-block-list\">\n<li><strong>\u092c\u091a\u0924 \u092f\u0941\u0915\u094d\u0924\u093f\u092f\u093e\u0901<\/strong>: \u0915\u0947 \u0932\u093f\u090f \u0935\u094d\u092f\u093e\u0935\u0939\u093e\u0930\u093f\u0915 \u092e\u093e\u0930\u094d\u0917\u0926\u0930\u094d\u0936\u0928 <strong>\u0916\u0930\u094d\u091a\u094b\u0902 \u092e\u0947\u0902 \u0915\u091f\u094c\u0924\u0940<\/strong> \u092f\u0939 \u0939\u0948 <strong>\u092a\u0948\u0938\u0947 \u092c\u091a\u093e\u0928\u0947 \u0915\u0947 \u0932\u093f\u090f<\/strong> \u0930\u094b\u091c\u092e\u0930\u094d\u0930\u093e \u0915\u0940 \u091c\u093f\u0902\u0926\u0917\u0940 \u092e\u0947\u0902.<\/li>\n\n\n\n<li><strong>\u0928\u093f\u0935\u0947\u0936 \u092e\u093e\u0930\u094d\u0917\u0926\u0930\u094d\u0936\u093f\u0915\u093e\u090f\u0901<\/strong>: \u0915\u0948\u0938\u0947 \u092a\u0930 \u0915\u0926\u092e \u0926\u0930 \u0915\u0926\u092e <strong>\u0938\u0941\u0930\u0915\u094d\u0937\u093f\u0924 \u0930\u0942\u092a \u0938\u0947 \u0928\u093f\u0935\u0947\u0936 \u0915\u0930\u0947\u0902<\/strong>, \u091a\u093e\u0939\u0947 \u0906\u092a \u0936\u0941\u0930\u0941\u0906\u0924\u0940 \u0939\u094b\u0902 \u092f\u093e \u0909\u0928\u094d\u0928\u0924\u0964<\/li>\n\n\n\n<li><strong>\u092c\u093e\u091c\u093c\u093e\u0930 \u0905\u0926\u094d\u092f\u0924\u0928<\/strong>: \u0924\u0915 <strong>\u0936\u0940\u0930\u094d\u0937 \u0938\u092e\u093e\u091a\u093e\u0930<\/strong> \u0914\u0930 \u0906\u0930\u094d\u0925\u093f\u0915 \u0926\u0941\u0928\u093f\u092f\u093e \u092e\u0947\u0902 \u0930\u0941\u091d\u093e\u0928, \u0935\u093f\u0938\u094d\u0924\u0943\u0924 \u0914\u0930 \u0938\u0941\u0932\u092d \u0935\u093f\u0936\u094d\u0932\u0947\u0937\u0923 \u0915\u0947 \u0938\u093e\u0925\u0964<\/li>\n\n\n\n<li><strong>\u0935\u093f\u0924\u094d\u0924\u0940\u092f \u092a\u094d\u0930\u094c\u0926\u094d\u092f\u094b\u0917\u093f\u0915\u0940<\/strong>: \u0915\u093e \u0909\u092a\u092f\u094b\u0917 \u0915\u0948\u0938\u0947 \u0915\u0930\u0947\u0902 <strong>\u0910\u092a\u094d\u0938<\/strong> \u092f\u0939 \u0939\u0948 <strong>\u0911\u0928\u0932\u093e\u0907\u0928 \u0909\u092a\u0915\u0930\u0923<\/strong> \u0905\u092a\u0928\u0947 \u0935\u093f\u0924\u094d\u0924\u0940\u092f \u091c\u0940\u0935\u0928 \u0915\u094b \u092c\u0947\u0939\u0924\u0930 \u092c\u0928\u093e\u0928\u0947 \u0915\u0947 \u0932\u093f\u090f\u0964<\/li>\n<\/ul>\n\n\n\n<h3 class=\"wp-block-heading\">\u0939\u092e\u093e\u0930\u0940 \u091f\u0940\u092e<\/h3>\n\n\n\n<p>\u0915\u0940 \u090f\u0915 \u091f\u0940\u092e \u0926\u094d\u0935\u093e\u0930\u093e \u0917\u0920\u093f\u0924 \u0915\u093f\u092f\u093e \u0917\u092f\u093e <strong>\u0935\u093f\u0936\u0947\u0937\u091c\u094d\u091e\u094b\u0902<\/strong> \u0905\u0930\u094d\u0925\u0936\u093e\u0938\u094d\u0924\u094d\u0930, \u0935\u093f\u0924\u094d\u0924 \u0914\u0930 \u092a\u094d\u0930\u094c\u0926\u094d\u092f\u094b\u0917\u093f\u0915\u0940 \u092e\u0947\u0902, <strong>\u0905\u0930\u094d\u0925\u0935\u094d\u092f\u0935\u0938\u094d\u0925\u093e \u092a\u094b\u0930\u094d\u091f\u0932<\/strong> \u0907\u0938\u092e\u0947\u0902 \u0935\u093f\u0924\u094d\u0924\u0940\u092f \u091c\u0917\u0924 \u0915\u0947 \u0932\u0947\u0916\u0915, \u0935\u093f\u0936\u094d\u0932\u0947\u0937\u0915 \u0914\u0930 \u0909\u0924\u094d\u0938\u093e\u0939\u0940 \u0932\u094b\u0917 \u0939\u0948\u0902\u0964 \u092a\u094d\u0930\u0924\u094d\u092f\u0947\u0915 \u0932\u0947\u0916, \u0917\u093e\u0907\u0921 \u092f\u093e \u091f\u093f\u092a \u0915\u0947 \u0938\u093e\u0925 \u0932\u093f\u0916\u093e \u0917\u092f\u093e \u0939\u0948 <strong>\u0938\u092e\u0930\u094d\u092a\u0923<\/strong> \u0914\u0930 \u092a\u094d\u0930\u0924\u093f\u092c\u0926\u094d\u0927\u0924\u093e, \u0938\u0930\u094d\u0935\u094b\u0924\u094d\u0924\u092e \u0915\u0940 \u092a\u0947\u0936\u0915\u0936 <strong>\u0935\u093f\u0924\u094d\u0924\u0940\u092f \u0938\u093e\u092e\u0917\u094d\u0930\u0940<\/strong>.<\/p>\n\n\n\n<h3 class=\"wp-block-heading\">\u091a\u0932\u094b \u0938\u093e\u0925 \u091a\u0932\u0924\u0947 \u0939\u0948\u0902!<\/h3>\n\n\n\n<p>\u0939\u092e \u092f\u0939\u093e\u0902 \u0906\u092a\u0915\u0947 \u0938\u093e\u0925 \u091a\u0932\u0928\u0947 \u0915\u0947 \u0932\u093f\u090f \u0939\u0948\u0902 <strong>\u0935\u093f\u0924\u094d\u0924\u0940\u092f \u0938\u094d\u0935\u0924\u0902\u0924\u094d\u0930\u0924\u093e \u092f\u093e\u0924\u094d\u0930\u093e<\/strong>. \u0939\u092e\u093e\u0930\u0947 \u0932\u0947\u0916\u094b\u0902 \u0915\u093e \u0905\u0928\u0941\u0938\u0930\u0923 \u0915\u0930\u0947\u0902, \u0939\u092e\u093e\u0930\u0940 \u092c\u0939\u0938\u094b\u0902 \u092e\u0947\u0902 \u092d\u093e\u0917 \u0932\u0947\u0902 \u0914\u0930 \u092c\u0926\u0932\u093e\u0935 \u0932\u093e\u0928\u0947 \u0935\u093e\u0932\u0940 \u092f\u0941\u0915\u094d\u0924\u093f\u092f\u094b\u0902 \u0915\u093e \u092a\u0924\u093e \u0932\u0917\u093e\u090f\u0902\u0964 \u0906\u0916\u093c\u093f\u0930\u0915\u093e\u0930, <strong>\u0905\u0930\u094d\u0925\u0935\u094d\u092f\u0935\u0938\u094d\u0925\u093e \u092a\u094b\u0930\u094d\u091f\u0932<\/strong> \u092f\u0939 \u0906\u092a\u0915\u0947 \u0932\u093f\u090f \u0914\u0930 \u0906\u092a\u0915\u0947 \u0926\u094d\u0935\u093e\u0930\u093e \u092c\u0928\u093e\u092f\u093e \u0917\u092f\u093e \u0939\u0948\u0964<\/p>\n\n\n\n<p><strong>\u0905\u092a\u0928\u0947 \u0935\u093f\u0924\u094d\u0924 \u0924\u0915 \u092a\u0939\u0941\u0901\u091a\u0947\u0902, \u092c\u091a\u093e\u090f\u0901 \u0914\u0930 \u092c\u0926\u0932\u0947\u0902!<\/strong><\/p>\n\n\n\n<hr class=\"wp-block-separator has-alpha-channel-opacity\"\/>","protected":false},"excerpt":{"rendered":"<p>\u0907\u0915\u094b\u0928\u094b\u092e\u093f\u092f\u093e \u092a\u094b\u0930\u094d\u091f\u0932 \u092e\u0947\u0902 \u0906\u092a\u0915\u093e \u0938\u094d\u0935\u093e\u0917\u0924 \u0939\u0948! \u092f\u0939\u093e\u0901, \u0939\u092e\u093e\u0930\u093e \u092e\u093e\u0928\u0928\u093e \u0939\u0948 \u0915\u093f \u0935\u093f\u0924\u094d\u0924\u0940\u092f \u091c\u093e\u0928\u0915\u093e\u0930\u0940 \u0938\u0930\u0932 \u0914\u0930 \u0938\u092d\u0940 \u0915\u0947 \u0932\u093f\u090f \u0938\u0941\u0932\u092d \u0939\u094b\u0928\u0940 \u091a\u093e\u0939\u093f\u090f\u0964 \u0939\u092e\u093e\u0930\u093e \u0932\u0915\u094d\u0937\u094d\u092f \u0906\u092a\u0915\u094b \u0910\u0938\u0940 \u0917\u0941\u0923\u0935\u0924\u094d\u0924\u093e\u092a\u0942\u0930\u094d\u0923 \u0938\u093e\u092e\u0917\u094d\u0930\u0940 \u0909\u092a\u0932\u092c\u094d\u0927 \u0915\u0930\u093e\u0928\u093e \u0939\u0948 \u091c\u094b \u0906\u092a\u0915\u0947 \u0935\u093f\u0924\u094d\u0924\u0940\u092f \u0935\u093f\u0915\u0932\u094d\u092a\u094b\u0902 \u0915\u094b \u092c\u0926\u0932 \u0926\u0947 \u0914\u0930 \u2026 <\/p>","protected":false},"author":14,"featured_media":0,"parent":0,"menu_order":0,"comment_status":"closed","ping_status":"closed","template":"","meta":{"footnotes":""},"class_list":["post-1512","page","type-page","status-publish","hentry","latest_post"],"yoast_head":"<!-- This site is optimized with the Yoast SEO plugin v26.8 - https:\/\/yoast.com\/product\/yoast-seo-wordpress\/ -->\n<title>Sobre N\u00f3s - Economia Portal<\/title>\n<meta name=\"robots\" content=\"index, follow, max-snippet:-1, max-image-preview:large, max-video-preview:-1\" \/>\n<link rel=\"canonical\" href=\"https:\/\/economiaportal.com\/hi\/\u0939\u092e\u093e\u0930\u0947-\u092c\u093e\u0930\u0947-\u092e\u0947\u0902\/\" \/>\n<meta property=\"og:locale\" content=\"hi_IN\" \/>\n<meta property=\"og:type\" content=\"article\" \/>\n<meta property=\"og:title\" content=\"Sobre N\u00f3s - Economia Portal\" \/>\n<meta property=\"og:description\" content=\"Bem-vindo ao Economia Portal! Aqui, acreditamos que a informa\u00e7\u00e3o financeira deve ser simples e acess\u00edvel para todos. Nosso objetivo \u00e9 trazer conte\u00fados de qualidade que transformem suas escolhas financeiras e &hellip;\" \/>\n<meta property=\"og:url\" content=\"https:\/\/economiaportal.com\/hi\/\u0939\u092e\u093e\u0930\u0947-\u092c\u093e\u0930\u0947-\u092e\u0947\u0902\/\" \/>\n<meta property=\"og:site_name\" content=\"Economia Portal\" \/>\n<meta property=\"article:modified_time\" content=\"2024-11-11T13:03:50+00:00\" \/>\n<meta name=\"twitter:card\" content=\"summary_large_image\" \/>\n<meta name=\"twitter:label1\" content=\"\u0905\u0928\u0941\u092e\u093e\u0928\u093f\u0924 \u092a\u0922\u093c\u0928\u0947 \u0915\u093e \u0938\u092e\u092f\" \/>\n\t<meta name=\"twitter:data1\" content=\"2 \u092e\u093f\u0928\u091f\" \/>\n<script type=\"application\/ld+json\" class=\"yoast-schema-graph\">{\"@context\":\"https:\/\/schema.org\",\"@graph\":[{\"@type\":\"WebPage\",\"@id\":\"https:\/\/economiaportal.com\/sobre-nos\/\",\"url\":\"https:\/\/economiaportal.com\/sobre-nos\/\",\"name\":\"Sobre N\u00f3s - Economia Portal\",\"isPartOf\":{\"@id\":\"https:\/\/economiaportal.com\/#website\"},\"datePublished\":\"2024-11-11T13:03:49+00:00\",\"dateModified\":\"2024-11-11T13:03:50+00:00\",\"breadcrumb\":{\"@id\":\"https:\/\/economiaportal.com\/sobre-nos\/#breadcrumb\"},\"inLanguage\":\"hi-IN\",\"potentialAction\":[{\"@type\":\"ReadAction\",\"target\":[\"https:\/\/economiaportal.com\/sobre-nos\/\"]}]},{\"@type\":\"BreadcrumbList\",\"@id\":\"https:\/\/economiaportal.com\/sobre-nos\/#breadcrumb\",\"itemListElement\":[{\"@type\":\"ListItem\",\"position\":1,\"name\":\"In\u00edcio\",\"item\":\"https:\/\/economiaportal.com\/\"},{\"@type\":\"ListItem\",\"position\":2,\"name\":\"Sobre N\u00f3s\"}]},{\"@type\":\"WebSite\",\"@id\":\"https:\/\/economiaportal.com\/#website\",\"url\":\"https:\/\/economiaportal.com\/\",\"name\":\"Economia Portal\",\"description\":\"\",\"publisher\":{\"@id\":\"https:\/\/economiaportal.com\/#organization\"},\"potentialAction\":[{\"@type\":\"SearchAction\",\"target\":{\"@type\":\"EntryPoint\",\"urlTemplate\":\"https:\/\/economiaportal.com\/?s={search_term_string}\"},\"query-input\":{\"@type\":\"PropertyValueSpecification\",\"valueRequired\":true,\"valueName\":\"search_term_string\"}}],\"inLanguage\":\"hi-IN\"},{\"@type\":\"Organization\",\"@id\":\"https:\/\/economiaportal.com\/#organization\",\"name\":\"Economia Portal\",\"url\":\"https:\/\/economiaportal.com\/\",\"logo\":{\"@type\":\"ImageObject\",\"inLanguage\":\"hi-IN\",\"@id\":\"https:\/\/economiaportal.com\/#\/schema\/logo\/image\/\",\"url\":\"https:\/\/economiaportal.com\/wp-content\/uploads\/2024\/07\/cropped-Design-sem-nome.jpg\",\"contentUrl\":\"https:\/\/economiaportal.com\/wp-content\/uploads\/2024\/07\/cropped-Design-sem-nome.jpg\",\"width\":161,\"height\":45,\"caption\":\"Economia Portal\"},\"image\":{\"@id\":\"https:\/\/economiaportal.com\/#\/schema\/logo\/image\/\"}}]}<\/script>\n<!-- \/ Yoast SEO plugin. -->","yoast_head_json":{"title":"\u0939\u092e\u093e\u0930\u0947 \u092c\u093e\u0930\u0947 \u092e\u0947\u0902 - \u0905\u0930\u094d\u0925\u0935\u094d\u092f\u0935\u0938\u094d\u0925\u093e \u092a\u094b\u0930\u094d\u091f\u0932","robots":{"index":"index","follow":"follow","max-snippet":"max-snippet:-1","max-image-preview":"max-image-preview:large","max-video-preview":"max-video-preview:-1"},"canonical":"https:\/\/economiaportal.com\/hi\/\u0939\u092e\u093e\u0930\u0947-\u092c\u093e\u0930\u0947-\u092e\u0947\u0902\/","og_locale":"hi_IN","og_type":"article","og_title":"Sobre N\u00f3s - Economia Portal","og_description":"Bem-vindo ao Economia Portal! Aqui, acreditamos que a informa\u00e7\u00e3o financeira deve ser simples e acess\u00edvel para todos. Nosso objetivo \u00e9 trazer conte\u00fados de qualidade que transformem suas escolhas financeiras e &hellip;","og_url":"https:\/\/economiaportal.com\/hi\/\u0939\u092e\u093e\u0930\u0947-\u092c\u093e\u0930\u0947-\u092e\u0947\u0902\/","og_site_name":"Economia Portal","article_modified_time":"2024-11-11T13:03:50+00:00","twitter_card":"summary_large_image","twitter_misc":{"\u0905\u0928\u0941\u092e\u093e\u0928\u093f\u0924 \u092a\u0922\u093c\u0928\u0947 \u0915\u093e \u0938\u092e\u092f":"2 \u092e\u093f\u0928\u091f"},"schema":{"@context":"https:\/\/schema.org","@graph":[{"@type":"WebPage","@id":"https:\/\/economiaportal.com\/sobre-nos\/","url":"https:\/\/economiaportal.com\/sobre-nos\/","name":"\u0939\u092e\u093e\u0930\u0947 \u092c\u093e\u0930\u0947 \u092e\u0947\u0902 - \u0905\u0930\u094d\u0925\u0935\u094d\u092f\u0935\u0938\u094d\u0925\u093e \u092a\u094b\u0930\u094d\u091f\u0932","isPartOf":{"@id":"https:\/\/economiaportal.com\/#website"},"datePublished":"2024-11-11T13:03:49+00:00","dateModified":"2024-11-11T13:03:50+00:00","breadcrumb":{"@id":"https:\/\/economiaportal.com\/sobre-nos\/#breadcrumb"},"inLanguage":"hi-IN","potentialAction":[{"@type":"ReadAction","target":["https:\/\/economiaportal.com\/sobre-nos\/"]}]},{"@type":"BreadcrumbList","@id":"https:\/\/economiaportal.com\/sobre-nos\/#breadcrumb","itemListElement":[{"@type":"ListItem","position":1,"name":"In\u00edcio","item":"https:\/\/economiaportal.com\/"},{"@type":"ListItem","position":2,"name":"Sobre N\u00f3s"}]},{"@type":"WebSite","@id":"https:\/\/economiaportal.com\/#website","url":"https:\/\/economiaportal.com\/","name":"\u0905\u0930\u094d\u0925\u0935\u094d\u092f\u0935\u0938\u094d\u0925\u093e \u092a\u094b\u0930\u094d\u091f\u0932","description":"","publisher":{"@id":"https:\/\/economiaportal.com\/#organization"},"potentialAction":[{"@type":"SearchAction","target":{"@type":"EntryPoint","urlTemplate":"https:\/\/economiaportal.com\/?s={search_term_string}"},"query-input":{"@type":"PropertyValueSpecification","valueRequired":true,"valueName":"search_term_string"}}],"inLanguage":"hi-IN"},{"@type":"Organization","@id":"https:\/\/economiaportal.com\/#organization","name":"\u0905\u0930\u094d\u0925\u0935\u094d\u092f\u0935\u0938\u094d\u0925\u093e \u092a\u094b\u0930\u094d\u091f\u0932","url":"https:\/\/economiaportal.com\/","logo":{"@type":"ImageObject","inLanguage":"hi-IN","@id":"https:\/\/economiaportal.com\/#\/schema\/logo\/image\/","url":"https:\/\/economiaportal.com\/wp-content\/uploads\/2024\/07\/cropped-Design-sem-nome.jpg","contentUrl":"https:\/\/economiaportal.com\/wp-content\/uploads\/2024\/07\/cropped-Design-sem-nome.jpg","width":161,"height":45,"caption":"Economia Portal"},"image":{"@id":"https:\/\/economiaportal.com\/#\/schema\/logo\/image\/"}}]}},"_links":{"self":[{"href":"https:\/\/economiaportal.com\/hi\/wp-json\/wp\/v2\/pages\/1512","targetHints":{"allow":["GET"]}}],"collection":[{"href":"https:\/\/economiaportal.com\/hi\/wp-json\/wp\/v2\/pages"}],"about":[{"href":"https:\/\/economiaportal.com\/hi\/wp-json\/wp\/v2\/types\/page"}],"author":[{"embeddable":true,"href":"https:\/\/economiaportal.com\/hi\/wp-json\/wp\/v2\/users\/14"}],"replies":[{"embeddable":true,"href":"https:\/\/economiaportal.com\/hi\/wp-json\/wp\/v2\/comments?post=1512"}],"version-history":[{"count":1,"href":"https:\/\/economiaportal.com\/hi\/wp-json\/wp\/v2\/pages\/1512\/revisions"}],"predecessor-version":[{"id":1513,"href":"https:\/\/economiaportal.com\/hi\/wp-json\/wp\/v2\/pages\/1512\/revisions\/1513"}],"wp:attachment":[{"href":"https:\/\/economiaportal.com\/hi\/wp-json\/wp\/v2\/media?parent=1512"}],"curies":[{"name":"\u0921\u092c\u094d\u0932\u094d\u092f\u0942\u092a\u0940","href":"https:\/\/api.w.org\/{rel}","templated":true}]}}