{"id":3,"date":"2022-10-07T00:33:05","date_gmt":"2022-10-07T00:33:05","guid":{"rendered":"https:\/\/economiaportal.com\/?page_id=3"},"modified":"2022-10-20T13:46:57","modified_gmt":"2022-10-20T13:46:57","slug":"pravila-o-privatnosti","status":"publish","type":"page","link":"https:\/\/economiaportal.com\/hr\/privacy-policy\/","title":{"rendered":"Politika privatnosti"},"content":{"rendered":"<!-- wp:t\u00edtulo -->\n<h2>Tko smo mi<\/h2>\n<!-- \/wp:t\u00edtulo -->\n\n<!-- wp:par\u00e1grafo -->\n\nAdresa na\u0161e web stranice je:economiaportal.com.\n\n<!-- \/wp:par\u00e1grafo -->\n\n<!-- wp:t\u00edtulo -->\n<h2>Komentari<\/h2>\n<!-- \/wp:t\u00edtulo -->\n\n<!-- wp:par\u00e1grafo -->\n\nKada posjetitelji ostave komentare na stranici, prikupljamo podatke prikazane u obrascu za komentare, kao i posjetiteljevu IP adresu i niz korisni\u010dkog agenta preglednika kako bismo lak\u0161e otkrili ne\u017eeljenu po\u0161tu.\n\n<!-- \/wp:par\u00e1grafo -->\n\n<!-- wp:par\u00e1grafo -->\n\nAnonimni niz stvoren iz va\u0161e adrese e-po\u0161te (tako\u0111er nazvan hash) mo\u017ee se dostaviti servisu Gravatar kako bi se potvrdilo da ga koristite. Politika privatnosti usluge Gravatar dostupna je ovdje: https:\/\/automattic.com\/privacy\/. Nakon \u0161to je va\u0161 komentar odobren, va\u0161a profilna slika je vidljiva javnosti u kontekstu va\u0161eg komentara.\n\n<!-- \/wp:par\u00e1grafo -->\n\n<!-- wp:t\u00edtulo -->\n<h2>Mediji<\/h2>\n<!-- \/wp:t\u00edtulo -->\n\n<!-- wp:par\u00e1grafo -->\n\nAko u\u010ditavate slike na web mjesto, izbjegavajte u\u010ditavanje slika s ugra\u0111enim podacima o lokaciji (EXIF GPS). Posjetitelji web-mjesta mogu preuzeti i izdvojiti podatke o lokaciji iz slika na web-mjestu.\n\n<!-- \/wp:par\u00e1grafo -->\n\n<!-- wp:t\u00edtulo -->\n<h2>Kola\u010di\u0107i<\/h2>\n<!-- \/wp:t\u00edtulo -->\n\n<!-- wp:par\u00e1grafo -->\n\nAko ostavite komentar na na\u0161oj stranici, mo\u017eete odabrati da svoje ime, adresu e-po\u0161te i web stranicu spremite u kola\u010di\u0107e. Ovo je za va\u0161u udobnost, tako da ne morate ponovno ispunjavati svoje podatke kada ostavljate novi komentar. Ovi kola\u010di\u0107i traju godinu dana.\n\n<!-- \/wp:par\u00e1grafo -->\n\n<!-- wp:par\u00e1grafo -->\n\nAko posjetite na\u0161u stranicu za prijavu, postavit \u0107emo privremeni kola\u010di\u0107 kako bismo utvrdili prihva\u0107a li va\u0161 preglednik kola\u010di\u0107e. Ovaj kola\u010di\u0107 ne sadr\u017ei osobne podatke i odbacuje se kada zatvorite preglednik.\n\n<!-- \/wp:par\u00e1grafo -->\n\n<!-- wp:par\u00e1grafo -->\n\nKada se prijavite, tako\u0111er \u0107emo postaviti nekoliko kola\u010di\u0107a za spremanje va\u0161ih podataka za prijavu i va\u0161ih izbora prikaza na zaslonu. Kola\u010di\u0107i za prijavu traju dva dana, a kola\u010di\u0107i s opcijama zaslona traju godinu dana. Ako odaberete &quot;Zapamti me&quot;, va\u0161a \u0107e prijava trajati dva tjedna. Ako se odjavite sa svog ra\u010duna, kola\u010di\u0107i za prijavu bit \u0107e uklonjeni.\n\n<!-- \/wp:par\u00e1grafo -->\n\n<!-- wp:par\u00e1grafo -->\n\nAko uredite ili objavite \u010dlanak, dodatni kola\u010di\u0107 \u0107e se spremiti u va\u0161 preglednik. Ovaj kola\u010di\u0107 ne uklju\u010duje nikakve osobne podatke i samo ozna\u010dava ID objave \u010dlanka koji ste upravo uredili. Isti\u010de nakon 1 dana.\n\n<!-- \/wp:par\u00e1grafo -->\n\n<!-- wp:t\u00edtulo -->\n<h2>Ugra\u0111eni sadr\u017eaj s drugih web stranica<\/h2>\n<!-- \/wp:t\u00edtulo -->\n\n<!-- wp:par\u00e1grafo -->\n\n\u010clanci na ovoj stranici mogu sadr\u017eavati ugra\u0111eni sadr\u017eaj (npr. videozapise, slike, \u010dlanke itd.). Ugra\u0111eni sadr\u017eaj s drugih web stranica pona\u0161a se na potpuno isti na\u010din kao da je posjetitelj posjetio drugu web stranicu.\n\n<!-- \/wp:par\u00e1grafo -->\n\n<!-- wp:par\u00e1grafo -->\n\nOve web stranice mogu prikupljati podatke o vama, koristiti kola\u010di\u0107e, uklju\u010diti dodatno pra\u0107enje tre\u0107e strane i pratiti va\u0161u interakciju s tim ugra\u0111enim sadr\u017eajem, uklju\u010duju\u0107i pra\u0107enje va\u0161e interakcije s ugra\u0111enim sadr\u017eajem ako imate ra\u010dun i prijavljeni ste na tu stranicu.\n\n<!-- \/wp:par\u00e1grafo -->\n\n<!-- wp:t\u00edtulo -->\n<h2>S kime dijelimo va\u0161e podatke<\/h2>\n<!-- \/wp:t\u00edtulo -->\n\n<!-- wp:par\u00e1grafo -->\n\nAko zatra\u017eite ponovno postavljanje lozinke, va\u0161a IP adresa bit \u0107e uklju\u010dena u e-poruku za ponovno postavljanje.\n\n<!-- \/wp:par\u00e1grafo -->\n\n<!-- wp:t\u00edtulo -->\n<h2>Koliko dugo \u010duvamo va\u0161e podatke<\/h2>\n<!-- \/wp:t\u00edtulo -->\n\n<!-- wp:par\u00e1grafo -->\n\nAko ostavite komentar, komentar i njegovi metapodaci bit \u0107e zadr\u017eani na neodre\u0111eno vrijeme. To je zato da mo\u017eemo automatski prepoznati i odobriti sve naknadne komentare, umjesto da ih dr\u017eimo u redu za moderiranje.\n\n<!-- \/wp:par\u00e1grafo -->\n\n<!-- wp:par\u00e1grafo -->\n\nZa korisnike koji se registriraju na na\u0161oj web stranici (ako postoje), tako\u0111er pohranjujemo osobne podatke koje daju u svom korisni\u010dkom profilu. Svi korisnici mogu pregledavati, ure\u0111ivati ili brisati svoje osobne podatke u bilo kojem trenutku (osim \u0161to ne mogu promijeniti svoje korisni\u010dko ime). Administratori stranice tako\u0111er mogu pregledavati i ure\u0111ivati ove podatke.\n\n<!-- \/wp:par\u00e1grafo -->\n\n<!-- wp:t\u00edtulo -->\n<h2>Koja prava imate nad svojim podacima<\/h2>\n<!-- \/wp:t\u00edtulo -->\n\n<!-- wp:par\u00e1grafo -->\n\nAko imate ra\u010dun na ovoj stranici ili ste ostavili komentare, mo\u017eete zatra\u017eiti izvezenu datoteku osobnih podataka koje imamo o vama, uklju\u010duju\u0107i sve podatke koje ste nam dostavili. Tako\u0111er mo\u017eete zatra\u017eiti da izbri\u0161emo sve osobne podatke koje imamo o vama. To ne uklju\u010duje nikakve podatke koje smo du\u017eni \u010duvati za administrativne, pravne,","protected":false},"excerpt":{"rendered":"<p>Tko smo mi Adresa na\u0161e web stranice je: economiaportal.com. Komentari Kada posjetitelji ostavljaju komentare na stranici, prikupljamo podatke prikazane u obrascu za komentare, kao i IP adresu posjetitelja\u2026 <\/p>","protected":false},"author":14,"featured_media":0,"parent":0,"menu_order":0,"comment_status":"closed","ping_status":"open","template":"","meta":{"footnotes":""},"class_list":["post-3","page","type-page","status-publish","hentry","latest_post"],"yoast_head":"<!-- This site is optimized with the Yoast SEO plugin v26.8 - https:\/\/yoast.com\/product\/yoast-seo-wordpress\/ -->\n<title>Pol\u00edtica de Privacidade - Economia Portal<\/title>\n<meta name=\"robots\" content=\"index, follow, max-snippet:-1, max-image-preview:large, max-video-preview:-1\" \/>\n<link rel=\"canonical\" href=\"https:\/\/economiaportal.com\/hr\/pravila-o-privatnosti\/\" \/>\n<meta property=\"og:locale\" content=\"hr_HR\" \/>\n<meta property=\"og:type\" content=\"article\" \/>\n<meta property=\"og:title\" content=\"Pol\u00edtica de Privacidade - Economia Portal\" \/>\n<meta property=\"og:description\" content=\"Quem somos O endere\u00e7o do nosso site \u00e9: economiaportal.com. Coment\u00e1rios Quando os visitantes deixam coment\u00e1rios no site, coletamos os dados mostrados no formul\u00e1rio de coment\u00e1rios e tamb\u00e9m o endere\u00e7o IP &hellip;\" \/>\n<meta property=\"og:url\" content=\"https:\/\/economiaportal.com\/hr\/pravila-o-privatnosti\/\" \/>\n<meta property=\"og:site_name\" content=\"Economia Portal\" \/>\n<meta property=\"article:modified_time\" content=\"2022-10-20T13:46:57+00:00\" \/>\n<meta name=\"twitter:card\" content=\"summary_large_image\" \/>\n<meta name=\"twitter:label1\" content=\"Procijenjeno vrijeme \u010ditanja\" \/>\n\t<meta name=\"twitter:data1\" content=\"4 minute\" \/>\n<script type=\"application\/ld+json\" class=\"yoast-schema-graph\">{\"@context\":\"https:\/\/schema.org\",\"@graph\":[{\"@type\":\"WebPage\",\"@id\":\"https:\/\/economiaportal.com\/privacy-policy\/\",\"url\":\"https:\/\/economiaportal.com\/privacy-policy\/\",\"name\":\"Pol\u00edtica de Privacidade - Economia Portal\",\"isPartOf\":{\"@id\":\"https:\/\/economiaportal.com\/#website\"},\"datePublished\":\"2022-10-07T00:33:05+00:00\",\"dateModified\":\"2022-10-20T13:46:57+00:00\",\"breadcrumb\":{\"@id\":\"https:\/\/economiaportal.com\/privacy-policy\/#breadcrumb\"},\"inLanguage\":\"hr\",\"potentialAction\":[{\"@type\":\"ReadAction\",\"target\":[\"https:\/\/economiaportal.com\/privacy-policy\/\"]}]},{\"@type\":\"BreadcrumbList\",\"@id\":\"https:\/\/economiaportal.com\/privacy-policy\/#breadcrumb\",\"itemListElement\":[{\"@type\":\"ListItem\",\"position\":1,\"name\":\"In\u00edcio\",\"item\":\"https:\/\/economiaportal.com\/\"},{\"@type\":\"ListItem\",\"position\":2,\"name\":\"Pol\u00edtica de Privacidade\"}]},{\"@type\":\"WebSite\",\"@id\":\"https:\/\/economiaportal.com\/#website\",\"url\":\"https:\/\/economiaportal.com\/\",\"name\":\"Economia Portal\",\"description\":\"\",\"publisher\":{\"@id\":\"https:\/\/economiaportal.com\/#organization\"},\"potentialAction\":[{\"@type\":\"SearchAction\",\"target\":{\"@type\":\"EntryPoint\",\"urlTemplate\":\"https:\/\/economiaportal.com\/?s={search_term_string}\"},\"query-input\":{\"@type\":\"PropertyValueSpecification\",\"valueRequired\":true,\"valueName\":\"search_term_string\"}}],\"inLanguage\":\"hr\"},{\"@type\":\"Organization\",\"@id\":\"https:\/\/economiaportal.com\/#organization\",\"name\":\"Economia Portal\",\"url\":\"https:\/\/economiaportal.com\/\",\"logo\":{\"@type\":\"ImageObject\",\"inLanguage\":\"hr\",\"@id\":\"https:\/\/economiaportal.com\/#\/schema\/logo\/image\/\",\"url\":\"https:\/\/economiaportal.com\/wp-content\/uploads\/2024\/07\/cropped-Design-sem-nome.jpg\",\"contentUrl\":\"https:\/\/economiaportal.com\/wp-content\/uploads\/2024\/07\/cropped-Design-sem-nome.jpg\",\"width\":161,\"height\":45,\"caption\":\"Economia Portal\"},\"image\":{\"@id\":\"https:\/\/economiaportal.com\/#\/schema\/logo\/image\/\"}}]}<\/script>\n<!-- \/ Yoast SEO plugin. -->","yoast_head_json":{"title":"Pravila privatnosti - Gospodarski portal","robots":{"index":"index","follow":"follow","max-snippet":"max-snippet:-1","max-image-preview":"max-image-preview:large","max-video-preview":"max-video-preview:-1"},"canonical":"https:\/\/economiaportal.com\/hr\/pravila-o-privatnosti\/","og_locale":"hr_HR","og_type":"article","og_title":"Pol\u00edtica de Privacidade - Economia Portal","og_description":"Quem somos O endere\u00e7o do nosso site \u00e9: economiaportal.com. Coment\u00e1rios Quando os visitantes deixam coment\u00e1rios no site, coletamos os dados mostrados no formul\u00e1rio de coment\u00e1rios e tamb\u00e9m o endere\u00e7o IP &hellip;","og_url":"https:\/\/economiaportal.com\/hr\/pravila-o-privatnosti\/","og_site_name":"Economia Portal","article_modified_time":"2022-10-20T13:46:57+00:00","twitter_card":"summary_large_image","twitter_misc":{"Procijenjeno vrijeme \u010ditanja":"4 minute"},"schema":{"@context":"https:\/\/schema.org","@graph":[{"@type":"WebPage","@id":"https:\/\/economiaportal.com\/privacy-policy\/","url":"https:\/\/economiaportal.com\/privacy-policy\/","name":"Pravila privatnosti - Gospodarski portal","isPartOf":{"@id":"https:\/\/economiaportal.com\/#website"},"datePublished":"2022-10-07T00:33:05+00:00","dateModified":"2022-10-20T13:46:57+00:00","breadcrumb":{"@id":"https:\/\/economiaportal.com\/privacy-policy\/#breadcrumb"},"inLanguage":"hr","potentialAction":[{"@type":"ReadAction","target":["https:\/\/economiaportal.com\/privacy-policy\/"]}]},{"@type":"BreadcrumbList","@id":"https:\/\/economiaportal.com\/privacy-policy\/#breadcrumb","itemListElement":[{"@type":"ListItem","position":1,"name":"In\u00edcio","item":"https:\/\/economiaportal.com\/"},{"@type":"ListItem","position":2,"name":"Pol\u00edtica de Privacidade"}]},{"@type":"WebSite","@id":"https:\/\/economiaportal.com\/#website","url":"https:\/\/economiaportal.com\/","name":"Portal za gospodarstvo","description":"","publisher":{"@id":"https:\/\/economiaportal.com\/#organization"},"potentialAction":[{"@type":"SearchAction","target":{"@type":"EntryPoint","urlTemplate":"https:\/\/economiaportal.com\/?s={search_term_string}"},"query-input":{"@type":"PropertyValueSpecification","valueRequired":true,"valueName":"search_term_string"}}],"inLanguage":"hr"},{"@type":"Organization","@id":"https:\/\/economiaportal.com\/#organization","name":"Portal za gospodarstvo","url":"https:\/\/economiaportal.com\/","logo":{"@type":"ImageObject","inLanguage":"hr","@id":"https:\/\/economiaportal.com\/#\/schema\/logo\/image\/","url":"https:\/\/economiaportal.com\/wp-content\/uploads\/2024\/07\/cropped-Design-sem-nome.jpg","contentUrl":"https:\/\/economiaportal.com\/wp-content\/uploads\/2024\/07\/cropped-Design-sem-nome.jpg","width":161,"height":45,"caption":"Economia Portal"},"image":{"@id":"https:\/\/economiaportal.com\/#\/schema\/logo\/image\/"}}]}},"_links":{"self":[{"href":"https:\/\/economiaportal.com\/hr\/wp-json\/wp\/v2\/pages\/3","targetHints":{"allow":["GET"]}}],"collection":[{"href":"https:\/\/economiaportal.com\/hr\/wp-json\/wp\/v2\/pages"}],"about":[{"href":"https:\/\/economiaportal.com\/hr\/wp-json\/wp\/v2\/types\/page"}],"author":[{"embeddable":true,"href":"https:\/\/economiaportal.com\/hr\/wp-json\/wp\/v2\/users\/14"}],"replies":[{"embeddable":true,"href":"https:\/\/economiaportal.com\/hr\/wp-json\/wp\/v2\/comments?post=3"}],"version-history":[{"count":0,"href":"https:\/\/economiaportal.com\/hr\/wp-json\/wp\/v2\/pages\/3\/revisions"}],"wp:attachment":[{"href":"https:\/\/economiaportal.com\/hr\/wp-json\/wp\/v2\/media?parent=3"}],"curies":[{"name":"radni list","href":"https:\/\/api.w.org\/{rel}","templated":true}]}}