{"id":3,"date":"2022-10-07T00:33:05","date_gmt":"2022-10-07T00:33:05","guid":{"rendered":"https:\/\/economiaportal.com\/?page_id=3"},"modified":"2022-10-20T13:46:57","modified_gmt":"2022-10-20T13:46:57","slug":"informativa-sulla-privacy","status":"publish","type":"page","link":"https:\/\/economiaportal.com\/it\/privacy-policy\/","title":{"rendered":"politica sulla riservatezza"},"content":{"rendered":"<!-- wp:t\u00edtulo -->\n<h2>Chi siamo<\/h2>\n<!-- \/wp:t\u00edtulo -->\n\n<!-- wp:par\u00e1grafo -->\n\nL&#039;indirizzo del nostro sito web \u00e8: economyportal.com.\n\n<!-- \/wp:par\u00e1grafo -->\n\n<!-- wp:t\u00edtulo -->\n<h2>Commenti<\/h2>\n<!-- \/wp:t\u00edtulo -->\n\n<!-- wp:par\u00e1grafo -->\n\nQuando i visitatori lasciano commenti sul sito, raccogliamo i dati mostrati nel modulo dei commenti, oltre all&#039;indirizzo IP del visitatore e la stringa dello user agent del browser per facilitare il rilevamento dello spam.\n\n<!-- \/wp:par\u00e1grafo -->\n\n<!-- wp:par\u00e1grafo -->\n\nUna stringa anonima creata dal tuo indirizzo email (chiamata anche hash) pu\u00f2 essere fornita al servizio Gravatar per vedere se lo stai utilizzando. La privacy policy del servizio Gravatar \u00e8 disponibile qui: https:\/\/automattic.com\/privacy\/. Dopo che il tuo commento \u00e8 stato approvato, la tua foto del profilo \u00e8 visibile al pubblico nel contesto del tuo commento.\n\n<!-- \/wp:par\u00e1grafo -->\n\n<!-- wp:t\u00edtulo -->\n<h2>Media<\/h2>\n<!-- \/wp:t\u00edtulo -->\n\n<!-- wp:par\u00e1grafo -->\n\nSe carichi immagini sul sito web, evita di caricare immagini con dati di posizione incorporati (EXIF GPS) inclusi. I visitatori del sito web possono scaricare ed estrarre qualsiasi dato sulla posizione dalle immagini sul sito web.\n\n<!-- \/wp:par\u00e1grafo -->\n\n<!-- wp:t\u00edtulo -->\n<h2>Biscotti<\/h2>\n<!-- \/wp:t\u00edtulo -->\n\n<!-- wp:par\u00e1grafo -->\n\nSe lasci un commento sul nostro sito, puoi scegliere di salvare il tuo nome, indirizzo email e sito web nei cookie. Questi sono per la tua comodit\u00e0 in modo che tu non debba inserire nuovamente i tuoi dati quando lasci un altro commento. Questi cookie durano un anno.\n\n<!-- \/wp:par\u00e1grafo -->\n\n<!-- wp:par\u00e1grafo -->\n\nSe visiti la nostra pagina di accesso, imposteremo un cookie temporaneo per determinare se il tuo browser accetta i cookie. Questo cookie non contiene dati personali e viene eliminato quando chiudi il browser.\n\n<!-- \/wp:par\u00e1grafo -->\n\n<!-- wp:par\u00e1grafo -->\n\nQuando accedi, imposteremo anche diversi cookie per salvare le tue informazioni di accesso e le tue scelte di visualizzazione dello schermo. I cookie di accesso durano due giorni mentre i cookie per le opzioni dello schermo durano un anno. Se selezioni \u201cRicordami\u201d, il tuo accesso persister\u00e0 per due settimane. Se esci dal tuo account, i cookie di accesso verranno rimossi.\n\n<!-- \/wp:par\u00e1grafo -->\n\n<!-- wp:par\u00e1grafo -->\n\nSe modifichi o pubblichi un articolo, un cookie aggiuntivo verr\u00e0 salvato nel tuo browser. Questo cookie non include dati personali e indica semplicemente l&#039;ID del post dell&#039;articolo che hai appena modificato. Scade dopo 1 giorno.\n\n<!-- \/wp:par\u00e1grafo -->\n\n<!-- wp:t\u00edtulo -->\n<h2>Contenuti incorporati da altri siti web<\/h2>\n<!-- \/wp:t\u00edtulo -->\n\n<!-- wp:par\u00e1grafo -->\n\nGli articoli su questo sito possono includere contenuti incorporati (ad esempio video, immagini, articoli, ecc.). I contenuti incorporati di altri siti web si comportano esattamente come se il visitatore avesse visitato l&#039;altro sito web.\n\n<!-- \/wp:par\u00e1grafo -->\n\n<!-- wp:par\u00e1grafo -->\n\nQuesti siti web possono raccogliere dati su di te, utilizzare cookie, incorporare ulteriori tracciamenti di terze parti e monitorare la tua interazione con quel contenuto incorporato, incluso il tracciamento della tua interazione con il contenuto incorporato se hai un account e hai effettuato l&#039;accesso a quel sito web.\n\n<!-- \/wp:par\u00e1grafo -->\n\n<!-- wp:t\u00edtulo -->\n<h2>Con chi condividiamo i tuoi dati<\/h2>\n<!-- \/wp:t\u00edtulo -->\n\n<!-- wp:par\u00e1grafo -->\n\nSe richiedi la reimpostazione della password, il tuo indirizzo IP verr\u00e0 incluso nell&#039;e-mail di reimpostazione.\n\n<!-- \/wp:par\u00e1grafo -->\n\n<!-- wp:t\u00edtulo -->\n<h2>Per quanto tempo conserviamo i tuoi dati<\/h2>\n<!-- \/wp:t\u00edtulo -->\n\n<!-- wp:par\u00e1grafo -->\n\nSe lasci un commento, il commento e i relativi metadati verranno conservati a tempo indeterminato. In questo modo possiamo riconoscere e approvare automaticamente eventuali commenti successivi, anzich\u00e9 tenerli in una coda di moderazione.\n\n<!-- \/wp:par\u00e1grafo -->\n\n<!-- wp:par\u00e1grafo -->\n\nPer gli utenti che si registrano sul nostro sito web (se presenti), memorizziamo anche le informazioni personali che forniscono nel loro profilo utente. Tutti gli utenti possono vedere, modificare o eliminare le proprie informazioni personali in qualsiasi momento (tranne che non possono cambiare il proprio nome utente). Gli amministratori del sito possono anche visualizzare e modificare queste informazioni.\n\n<!-- \/wp:par\u00e1grafo -->\n\n<!-- wp:t\u00edtulo -->\n<h2>Quali diritti hai sui tuoi dati<\/h2>\n<!-- \/wp:t\u00edtulo -->\n\n<!-- wp:par\u00e1grafo -->\n\nSe hai un account su questo sito, o hai lasciato commenti, puoi richiedere di ricevere un file esportato dal sito con i dati personali che conserviamo su di te, compresi i dati che ci hai fornito. Puoi anche richiedere che cancelliamo tutti i dati personali che conserviamo su di te. Ci\u00f2 non include i dati che siamo obbligati a conservare per scopi amministrativi, legali,","protected":false},"excerpt":{"rendered":"<p>Chi siamo L&#039;indirizzo del nostro sito web \u00e8: economiaportal.com. Commenti Quando i visitatori lasciano commenti sul sito, raccogliamo i dati mostrati nel modulo dei commenti oltre all&#039;indirizzo IP del visitatore. <\/p>","protected":false},"author":14,"featured_media":0,"parent":0,"menu_order":0,"comment_status":"closed","ping_status":"open","template":"","meta":{"footnotes":""},"class_list":["post-3","page","type-page","status-publish","hentry","latest_post"],"yoast_head":"<!-- This site is optimized with the Yoast SEO plugin v26.8 - https:\/\/yoast.com\/product\/yoast-seo-wordpress\/ -->\n<title>Pol\u00edtica de Privacidade - Economia Portal<\/title>\n<meta name=\"robots\" content=\"index, follow, max-snippet:-1, max-image-preview:large, max-video-preview:-1\" \/>\n<link rel=\"canonical\" href=\"https:\/\/economiaportal.com\/it\/informativa-sulla-privacy\/\" \/>\n<meta property=\"og:locale\" content=\"it_IT\" \/>\n<meta property=\"og:type\" content=\"article\" \/>\n<meta property=\"og:title\" content=\"Pol\u00edtica de Privacidade - Economia Portal\" \/>\n<meta property=\"og:description\" content=\"Quem somos O endere\u00e7o do nosso site \u00e9: economiaportal.com. Coment\u00e1rios Quando os visitantes deixam coment\u00e1rios no site, coletamos os dados mostrados no formul\u00e1rio de coment\u00e1rios e tamb\u00e9m o endere\u00e7o IP &hellip;\" \/>\n<meta property=\"og:url\" content=\"https:\/\/economiaportal.com\/it\/informativa-sulla-privacy\/\" \/>\n<meta property=\"og:site_name\" content=\"Economia Portal\" \/>\n<meta property=\"article:modified_time\" content=\"2022-10-20T13:46:57+00:00\" \/>\n<meta name=\"twitter:card\" content=\"summary_large_image\" \/>\n<meta name=\"twitter:label1\" content=\"Tempo di lettura stimato\" \/>\n\t<meta name=\"twitter:data1\" content=\"4 minuti\" \/>\n<script type=\"application\/ld+json\" class=\"yoast-schema-graph\">{\"@context\":\"https:\/\/schema.org\",\"@graph\":[{\"@type\":\"WebPage\",\"@id\":\"https:\/\/economiaportal.com\/privacy-policy\/\",\"url\":\"https:\/\/economiaportal.com\/privacy-policy\/\",\"name\":\"Pol\u00edtica de Privacidade - Economia Portal\",\"isPartOf\":{\"@id\":\"https:\/\/economiaportal.com\/#website\"},\"datePublished\":\"2022-10-07T00:33:05+00:00\",\"dateModified\":\"2022-10-20T13:46:57+00:00\",\"breadcrumb\":{\"@id\":\"https:\/\/economiaportal.com\/privacy-policy\/#breadcrumb\"},\"inLanguage\":\"it-IT\",\"potentialAction\":[{\"@type\":\"ReadAction\",\"target\":[\"https:\/\/economiaportal.com\/privacy-policy\/\"]}]},{\"@type\":\"BreadcrumbList\",\"@id\":\"https:\/\/economiaportal.com\/privacy-policy\/#breadcrumb\",\"itemListElement\":[{\"@type\":\"ListItem\",\"position\":1,\"name\":\"In\u00edcio\",\"item\":\"https:\/\/economiaportal.com\/\"},{\"@type\":\"ListItem\",\"position\":2,\"name\":\"Pol\u00edtica de Privacidade\"}]},{\"@type\":\"WebSite\",\"@id\":\"https:\/\/economiaportal.com\/#website\",\"url\":\"https:\/\/economiaportal.com\/\",\"name\":\"Economia Portal\",\"description\":\"\",\"publisher\":{\"@id\":\"https:\/\/economiaportal.com\/#organization\"},\"potentialAction\":[{\"@type\":\"SearchAction\",\"target\":{\"@type\":\"EntryPoint\",\"urlTemplate\":\"https:\/\/economiaportal.com\/?s={search_term_string}\"},\"query-input\":{\"@type\":\"PropertyValueSpecification\",\"valueRequired\":true,\"valueName\":\"search_term_string\"}}],\"inLanguage\":\"it-IT\"},{\"@type\":\"Organization\",\"@id\":\"https:\/\/economiaportal.com\/#organization\",\"name\":\"Economia Portal\",\"url\":\"https:\/\/economiaportal.com\/\",\"logo\":{\"@type\":\"ImageObject\",\"inLanguage\":\"it-IT\",\"@id\":\"https:\/\/economiaportal.com\/#\/schema\/logo\/image\/\",\"url\":\"https:\/\/economiaportal.com\/wp-content\/uploads\/2024\/07\/cropped-Design-sem-nome.jpg\",\"contentUrl\":\"https:\/\/economiaportal.com\/wp-content\/uploads\/2024\/07\/cropped-Design-sem-nome.jpg\",\"width\":161,\"height\":45,\"caption\":\"Economia Portal\"},\"image\":{\"@id\":\"https:\/\/economiaportal.com\/#\/schema\/logo\/image\/\"}}]}<\/script>\n<!-- \/ Yoast SEO plugin. -->","yoast_head_json":{"title":"Informativa sulla privacy - Portale Economia","robots":{"index":"index","follow":"follow","max-snippet":"max-snippet:-1","max-image-preview":"max-image-preview:large","max-video-preview":"max-video-preview:-1"},"canonical":"https:\/\/economiaportal.com\/it\/informativa-sulla-privacy\/","og_locale":"it_IT","og_type":"article","og_title":"Pol\u00edtica de Privacidade - Economia Portal","og_description":"Quem somos O endere\u00e7o do nosso site \u00e9: economiaportal.com. Coment\u00e1rios Quando os visitantes deixam coment\u00e1rios no site, coletamos os dados mostrados no formul\u00e1rio de coment\u00e1rios e tamb\u00e9m o endere\u00e7o IP &hellip;","og_url":"https:\/\/economiaportal.com\/it\/informativa-sulla-privacy\/","og_site_name":"Economia Portal","article_modified_time":"2022-10-20T13:46:57+00:00","twitter_card":"summary_large_image","twitter_misc":{"Tempo di lettura stimato":"4 minuti"},"schema":{"@context":"https:\/\/schema.org","@graph":[{"@type":"WebPage","@id":"https:\/\/economiaportal.com\/privacy-policy\/","url":"https:\/\/economiaportal.com\/privacy-policy\/","name":"Informativa sulla privacy - Portale Economia","isPartOf":{"@id":"https:\/\/economiaportal.com\/#website"},"datePublished":"2022-10-07T00:33:05+00:00","dateModified":"2022-10-20T13:46:57+00:00","breadcrumb":{"@id":"https:\/\/economiaportal.com\/privacy-policy\/#breadcrumb"},"inLanguage":"it-IT","potentialAction":[{"@type":"ReadAction","target":["https:\/\/economiaportal.com\/privacy-policy\/"]}]},{"@type":"BreadcrumbList","@id":"https:\/\/economiaportal.com\/privacy-policy\/#breadcrumb","itemListElement":[{"@type":"ListItem","position":1,"name":"In\u00edcio","item":"https:\/\/economiaportal.com\/"},{"@type":"ListItem","position":2,"name":"Pol\u00edtica de Privacidade"}]},{"@type":"WebSite","@id":"https:\/\/economiaportal.com\/#website","url":"https:\/\/economiaportal.com\/","name":"Portale dell&#039;Economia","description":"","publisher":{"@id":"https:\/\/economiaportal.com\/#organization"},"potentialAction":[{"@type":"SearchAction","target":{"@type":"EntryPoint","urlTemplate":"https:\/\/economiaportal.com\/?s={search_term_string}"},"query-input":{"@type":"PropertyValueSpecification","valueRequired":true,"valueName":"search_term_string"}}],"inLanguage":"it-IT"},{"@type":"Organization","@id":"https:\/\/economiaportal.com\/#organization","name":"Portale dell&#039;Economia","url":"https:\/\/economiaportal.com\/","logo":{"@type":"ImageObject","inLanguage":"it-IT","@id":"https:\/\/economiaportal.com\/#\/schema\/logo\/image\/","url":"https:\/\/economiaportal.com\/wp-content\/uploads\/2024\/07\/cropped-Design-sem-nome.jpg","contentUrl":"https:\/\/economiaportal.com\/wp-content\/uploads\/2024\/07\/cropped-Design-sem-nome.jpg","width":161,"height":45,"caption":"Economia Portal"},"image":{"@id":"https:\/\/economiaportal.com\/#\/schema\/logo\/image\/"}}]}},"_links":{"self":[{"href":"https:\/\/economiaportal.com\/it\/wp-json\/wp\/v2\/pages\/3","targetHints":{"allow":["GET"]}}],"collection":[{"href":"https:\/\/economiaportal.com\/it\/wp-json\/wp\/v2\/pages"}],"about":[{"href":"https:\/\/economiaportal.com\/it\/wp-json\/wp\/v2\/types\/page"}],"author":[{"embeddable":true,"href":"https:\/\/economiaportal.com\/it\/wp-json\/wp\/v2\/users\/14"}],"replies":[{"embeddable":true,"href":"https:\/\/economiaportal.com\/it\/wp-json\/wp\/v2\/comments?post=3"}],"version-history":[{"count":2,"href":"https:\/\/economiaportal.com\/it\/wp-json\/wp\/v2\/pages\/3\/revisions"}],"predecessor-version":[{"id":123,"href":"https:\/\/economiaportal.com\/it\/wp-json\/wp\/v2\/pages\/3\/revisions\/123"}],"wp:attachment":[{"href":"https:\/\/economiaportal.com\/it\/wp-json\/wp\/v2\/media?parent=3"}],"curies":[{"name":"parola chiave","href":"https:\/\/api.w.org\/{rel}","templated":true}]}}