{"id":1512,"date":"2024-11-11T16:03:49","date_gmt":"2024-11-11T13:03:49","guid":{"rendered":"https:\/\/economiaportal.com\/?page_id=1512"},"modified":"2024-11-11T16:03:50","modified_gmt":"2024-11-11T13:03:50","slug":"over-ons","status":"publish","type":"page","link":"https:\/\/economiaportal.com\/nl\/sobre-nos\/","title":{"rendered":"Over ons"},"content":{"rendered":"<p>Welkom bij <strong>Economieportaal<\/strong>!<\/p>\n\n\n\n<p>Hier geloven wij dat de <strong>financi\u00eble informatie<\/strong> het moet zo zijn <strong>eenvoudig en toegankelijk<\/strong> voor iedereen. Ons doel is om inhoud uit te brengen <strong>kwaliteit<\/strong> die uw financi\u00eble keuzes transformeren en u helpen een economisch leven op te bouwen <strong>stabiel en welvarend<\/strong>.<\/p>\n\n\n\n<h3 class=\"wp-block-heading\">Onze missie<\/h3>\n\n\n\n<p>Knooppunt <strong>Economieportaal<\/strong>, wij willen <strong>bekrachtigen<\/strong> onze lezers met kennis zodat ze kunnen doen <strong>slimme en veilige beslissingen<\/strong> in het dagelijks leven. Wij geloven in dat begrip <strong>economie, investeringen<\/strong> En <strong>financi\u00eble planning<\/strong> is de sleutel tot financi\u00eble vrijheid.<\/p>\n\n\n\n<h3 class=\"wp-block-heading\">Wat je hier vindt<\/h3>\n\n\n\n<p>We bieden een scala aan inhoud over onderwerpen vari\u00ebrend van <strong>investeringen<\/strong>, <strong>persoonlijk financieel beheer<\/strong>, <strong>technologie toegepast op de economie<\/strong> En <strong>nieuws over de financi\u00eble markt<\/strong>. We weten dat informatie een krachtig hulpmiddel is en we proberen dit in een vorm aan te bieden <strong>duidelijk en praktisch<\/strong>.<\/p>\n\n\n\n<p>Je vindt secties zoals:<\/p>\n\n\n\n<ul class=\"wp-block-list\">\n<li><strong>Bespaartips<\/strong>: Praktische begeleiding voor <strong>kosten besparen<\/strong> En <strong>om geld te besparen<\/strong> in het dagelijks leven.<\/li>\n\n\n\n<li><strong>Investeringsgidsen<\/strong>: Stap voor stap hoe <strong>veilig investeren<\/strong>, of je nu beginner of gevorderd bent.<\/li>\n\n\n\n<li><strong>Marktupdates<\/strong>: Naar de <strong>topnieuws<\/strong> en trends in de economische wereld, met gedetailleerde en toegankelijke analyses.<\/li>\n\n\n\n<li><strong>Financi\u00eble technologie<\/strong>: Hoe te gebruiken <strong>apps<\/strong> En <strong>online hulpmiddelen<\/strong> om uw financi\u00eble leven te verbeteren.<\/li>\n<\/ul>\n\n\n\n<h3 class=\"wp-block-heading\">Ons team<\/h3>\n\n\n\n<p>Gevormd door een team van <strong>deskundigen<\/strong> in economie, financi\u00ebn en technologie, de <strong>Economieportaal<\/strong> Het heeft schrijvers, analisten en liefhebbers uit de financi\u00eble wereld. Elk artikel, gids of tip is geschreven met <strong>toewijding<\/strong> en toewijding, met het beste in <strong>financi\u00eble inhoud<\/strong>.<\/p>\n\n\n\n<h3 class=\"wp-block-heading\">Laten we samen gaan!<\/h3>\n\n\n\n<p>Wij zijn hier om samen met u naar binnen te lopen <strong>reis naar financi\u00eble vrijheid<\/strong>. Volg onze artikelen, neem deel aan onze debatten en ontdek de tips die transformeren. Immers, de <strong>Economieportaal<\/strong> Het is voor jou en door jou gemaakt.<\/p>\n\n\n\n<p><strong>Krijg toegang tot, bewaar en transformeer uw financi\u00ebn!<\/strong><\/p>\n\n\n\n<hr class=\"wp-block-separator has-alpha-channel-opacity\"\/>","protected":false},"excerpt":{"rendered":"<p>Welkom bij het Economieportaal! Wij vinden dat financi\u00eble informatie eenvoudig en toegankelijk moet zijn voor iedereen. Ons doel is om u kwalitatieve content te bieden die uw financi\u00eble keuzes transformeert en \u2026 <\/p>","protected":false},"author":14,"featured_media":0,"parent":0,"menu_order":0,"comment_status":"closed","ping_status":"closed","template":"","meta":{"footnotes":""},"class_list":["post-1512","page","type-page","status-publish","hentry","latest_post"],"yoast_head":"<!-- This site is optimized with the Yoast SEO plugin v26.8 - https:\/\/yoast.com\/product\/yoast-seo-wordpress\/ -->\n<title>Sobre N\u00f3s - Economia Portal<\/title>\n<meta name=\"robots\" content=\"index, follow, max-snippet:-1, max-image-preview:large, max-video-preview:-1\" \/>\n<link rel=\"canonical\" href=\"https:\/\/economiaportal.com\/nl\/over-ons\/\" \/>\n<meta property=\"og:locale\" content=\"nl_NL\" \/>\n<meta property=\"og:type\" content=\"article\" \/>\n<meta property=\"og:title\" content=\"Sobre N\u00f3s - Economia Portal\" \/>\n<meta property=\"og:description\" content=\"Bem-vindo ao Economia Portal! Aqui, acreditamos que a informa\u00e7\u00e3o financeira deve ser simples e acess\u00edvel para todos. Nosso objetivo \u00e9 trazer conte\u00fados de qualidade que transformem suas escolhas financeiras e &hellip;\" \/>\n<meta property=\"og:url\" content=\"https:\/\/economiaportal.com\/nl\/over-ons\/\" \/>\n<meta property=\"og:site_name\" content=\"Economia Portal\" \/>\n<meta property=\"article:modified_time\" content=\"2024-11-11T13:03:50+00:00\" \/>\n<meta name=\"twitter:card\" content=\"summary_large_image\" \/>\n<meta name=\"twitter:label1\" content=\"Geschatte leestijd\" \/>\n\t<meta name=\"twitter:data1\" content=\"2 minuten\" \/>\n<script type=\"application\/ld+json\" class=\"yoast-schema-graph\">{\"@context\":\"https:\/\/schema.org\",\"@graph\":[{\"@type\":\"WebPage\",\"@id\":\"https:\/\/economiaportal.com\/sobre-nos\/\",\"url\":\"https:\/\/economiaportal.com\/sobre-nos\/\",\"name\":\"Sobre N\u00f3s - Economia Portal\",\"isPartOf\":{\"@id\":\"https:\/\/economiaportal.com\/#website\"},\"datePublished\":\"2024-11-11T13:03:49+00:00\",\"dateModified\":\"2024-11-11T13:03:50+00:00\",\"breadcrumb\":{\"@id\":\"https:\/\/economiaportal.com\/sobre-nos\/#breadcrumb\"},\"inLanguage\":\"nl-NL\",\"potentialAction\":[{\"@type\":\"ReadAction\",\"target\":[\"https:\/\/economiaportal.com\/sobre-nos\/\"]}]},{\"@type\":\"BreadcrumbList\",\"@id\":\"https:\/\/economiaportal.com\/sobre-nos\/#breadcrumb\",\"itemListElement\":[{\"@type\":\"ListItem\",\"position\":1,\"name\":\"In\u00edcio\",\"item\":\"https:\/\/economiaportal.com\/\"},{\"@type\":\"ListItem\",\"position\":2,\"name\":\"Sobre N\u00f3s\"}]},{\"@type\":\"WebSite\",\"@id\":\"https:\/\/economiaportal.com\/#website\",\"url\":\"https:\/\/economiaportal.com\/\",\"name\":\"Economia Portal\",\"description\":\"\",\"publisher\":{\"@id\":\"https:\/\/economiaportal.com\/#organization\"},\"potentialAction\":[{\"@type\":\"SearchAction\",\"target\":{\"@type\":\"EntryPoint\",\"urlTemplate\":\"https:\/\/economiaportal.com\/?s={search_term_string}\"},\"query-input\":{\"@type\":\"PropertyValueSpecification\",\"valueRequired\":true,\"valueName\":\"search_term_string\"}}],\"inLanguage\":\"nl-NL\"},{\"@type\":\"Organization\",\"@id\":\"https:\/\/economiaportal.com\/#organization\",\"name\":\"Economia Portal\",\"url\":\"https:\/\/economiaportal.com\/\",\"logo\":{\"@type\":\"ImageObject\",\"inLanguage\":\"nl-NL\",\"@id\":\"https:\/\/economiaportal.com\/#\/schema\/logo\/image\/\",\"url\":\"https:\/\/economiaportal.com\/wp-content\/uploads\/2024\/07\/cropped-Design-sem-nome.jpg\",\"contentUrl\":\"https:\/\/economiaportal.com\/wp-content\/uploads\/2024\/07\/cropped-Design-sem-nome.jpg\",\"width\":161,\"height\":45,\"caption\":\"Economia Portal\"},\"image\":{\"@id\":\"https:\/\/economiaportal.com\/#\/schema\/logo\/image\/\"}}]}<\/script>\n<!-- \/ Yoast SEO plugin. -->","yoast_head_json":{"title":"Over ons - Economisch Portaal","robots":{"index":"index","follow":"follow","max-snippet":"max-snippet:-1","max-image-preview":"max-image-preview:large","max-video-preview":"max-video-preview:-1"},"canonical":"https:\/\/economiaportal.com\/nl\/over-ons\/","og_locale":"nl_NL","og_type":"article","og_title":"Sobre N\u00f3s - Economia Portal","og_description":"Bem-vindo ao Economia Portal! Aqui, acreditamos que a informa\u00e7\u00e3o financeira deve ser simples e acess\u00edvel para todos. Nosso objetivo \u00e9 trazer conte\u00fados de qualidade que transformem suas escolhas financeiras e &hellip;","og_url":"https:\/\/economiaportal.com\/nl\/over-ons\/","og_site_name":"Economia Portal","article_modified_time":"2024-11-11T13:03:50+00:00","twitter_card":"summary_large_image","twitter_misc":{"Geschatte leestijd":"2 minuten"},"schema":{"@context":"https:\/\/schema.org","@graph":[{"@type":"WebPage","@id":"https:\/\/economiaportal.com\/sobre-nos\/","url":"https:\/\/economiaportal.com\/sobre-nos\/","name":"Over ons - Economisch Portaal","isPartOf":{"@id":"https:\/\/economiaportal.com\/#website"},"datePublished":"2024-11-11T13:03:49+00:00","dateModified":"2024-11-11T13:03:50+00:00","breadcrumb":{"@id":"https:\/\/economiaportal.com\/sobre-nos\/#breadcrumb"},"inLanguage":"nl-NL","potentialAction":[{"@type":"ReadAction","target":["https:\/\/economiaportal.com\/sobre-nos\/"]}]},{"@type":"BreadcrumbList","@id":"https:\/\/economiaportal.com\/sobre-nos\/#breadcrumb","itemListElement":[{"@type":"ListItem","position":1,"name":"In\u00edcio","item":"https:\/\/economiaportal.com\/"},{"@type":"ListItem","position":2,"name":"Sobre N\u00f3s"}]},{"@type":"WebSite","@id":"https:\/\/economiaportal.com\/#website","url":"https:\/\/economiaportal.com\/","name":"Economieportaal","description":"","publisher":{"@id":"https:\/\/economiaportal.com\/#organization"},"potentialAction":[{"@type":"SearchAction","target":{"@type":"EntryPoint","urlTemplate":"https:\/\/economiaportal.com\/?s={search_term_string}"},"query-input":{"@type":"PropertyValueSpecification","valueRequired":true,"valueName":"search_term_string"}}],"inLanguage":"nl-NL"},{"@type":"Organization","@id":"https:\/\/economiaportal.com\/#organization","name":"Economieportaal","url":"https:\/\/economiaportal.com\/","logo":{"@type":"ImageObject","inLanguage":"nl-NL","@id":"https:\/\/economiaportal.com\/#\/schema\/logo\/image\/","url":"https:\/\/economiaportal.com\/wp-content\/uploads\/2024\/07\/cropped-Design-sem-nome.jpg","contentUrl":"https:\/\/economiaportal.com\/wp-content\/uploads\/2024\/07\/cropped-Design-sem-nome.jpg","width":161,"height":45,"caption":"Economia Portal"},"image":{"@id":"https:\/\/economiaportal.com\/#\/schema\/logo\/image\/"}}]}},"_links":{"self":[{"href":"https:\/\/economiaportal.com\/nl\/wp-json\/wp\/v2\/pages\/1512","targetHints":{"allow":["GET"]}}],"collection":[{"href":"https:\/\/economiaportal.com\/nl\/wp-json\/wp\/v2\/pages"}],"about":[{"href":"https:\/\/economiaportal.com\/nl\/wp-json\/wp\/v2\/types\/page"}],"author":[{"embeddable":true,"href":"https:\/\/economiaportal.com\/nl\/wp-json\/wp\/v2\/users\/14"}],"replies":[{"embeddable":true,"href":"https:\/\/economiaportal.com\/nl\/wp-json\/wp\/v2\/comments?post=1512"}],"version-history":[{"count":1,"href":"https:\/\/economiaportal.com\/nl\/wp-json\/wp\/v2\/pages\/1512\/revisions"}],"predecessor-version":[{"id":1513,"href":"https:\/\/economiaportal.com\/nl\/wp-json\/wp\/v2\/pages\/1512\/revisions\/1513"}],"wp:attachment":[{"href":"https:\/\/economiaportal.com\/nl\/wp-json\/wp\/v2\/media?parent=1512"}],"curies":[{"name":"wp","href":"https:\/\/api.w.org\/{rel}","templated":true}]}}