{"id":3,"date":"2022-10-07T00:33:05","date_gmt":"2022-10-07T00:33:05","guid":{"rendered":"https:\/\/economiaportal.com\/?page_id=3"},"modified":"2022-10-20T13:46:57","modified_gmt":"2022-10-20T13:46:57","slug":"privacybeleid","status":"publish","type":"page","link":"https:\/\/economiaportal.com\/nl\/privacy-policy\/","title":{"rendered":"Privacybeleid"},"content":{"rendered":"<!-- wp:t\u00edtulo -->\n<h2>Wie wij zijn<\/h2>\n<!-- \/wp:t\u00edtulo -->\n\n<!-- wp:par\u00e1grafo -->\n\nOns websiteadres is:economyportal.com.\n\n<!-- \/wp:par\u00e1grafo -->\n\n<!-- wp:t\u00edtulo -->\n<h2>Opmerkingen<\/h2>\n<!-- \/wp:t\u00edtulo -->\n\n<!-- wp:par\u00e1grafo -->\n\nWanneer bezoekers reacties achterlaten op de site, verzamelen we de gegevens die worden weergegeven in het reactieformulier, en ook het IP-adres van de bezoeker en de browser user agent-string om spamdetectie te helpen.\n\n<!-- \/wp:par\u00e1grafo -->\n\n<!-- wp:par\u00e1grafo -->\n\nEr kan een geanonimiseerde reeks gemaakt op basis van uw e-mailadres (ook wel een hash genoemd) aan de Gravatar-service worden verstrekt om te zien of u deze gebruikt. Het privacybeleid van de Gravatar-service is hier beschikbaar: https:\/\/automattic.com\/privacy\/. Na goedkeuring van uw reactie is uw profielfoto publiekelijk zichtbaar in de context van uw reactie.\n\n<!-- \/wp:par\u00e1grafo -->\n\n<!-- wp:t\u00edtulo -->\n<h2>Media<\/h2>\n<!-- \/wp:t\u00edtulo -->\n\n<!-- wp:par\u00e1grafo -->\n\nAls u afbeeldingen naar de website uploadt, vermijd dan het uploaden van afbeeldingen met ingesloten locatiegegevens (EXIF GPS). Websitebezoekers kunnen locatiegegevens downloaden en extraheren uit afbeeldingen op de website.\n\n<!-- \/wp:par\u00e1grafo -->\n\n<!-- wp:t\u00edtulo -->\n<h2>Koekjes<\/h2>\n<!-- \/wp:t\u00edtulo -->\n\n<!-- wp:par\u00e1grafo -->\n\nAls u een reactie achterlaat op onze site, kunt u ervoor kiezen om uw naam, e-mailadres en website in cookies op te slaan. Deze zijn voor uw gemak, zodat u bij een volgende reactie uw gegevens niet opnieuw hoeft in te vullen. Deze cookies zijn een jaar geldig.\n\n<!-- \/wp:par\u00e1grafo -->\n\n<!-- wp:par\u00e1grafo -->\n\nAls u onze inlogpagina bezoekt, plaatsen wij een tijdelijke cookie om te bepalen of uw browser cookies accepteert. Deze cookie bevat geen persoonlijke gegevens en wordt verwijderd zodra u uw browser sluit.\n\n<!-- \/wp:par\u00e1grafo -->\n\n<!-- wp:par\u00e1grafo -->\n\nWanneer u inlogt, zullen we ook verschillende cookies instellen om uw inloggegevens en uw schermweergavekeuzes op te slaan. Login-cookies duren twee dagen en cookies voor schermopties een jaar. Als u \u201cOnthoud mij\u201d selecteert, blijft uw login twee weken behouden. Als u uitlogt bij uw account, worden uw inlogcookies verwijderd.\n\n<!-- \/wp:par\u00e1grafo -->\n\n<!-- wp:par\u00e1grafo -->\n\nAls u een artikel bewerkt of publiceert, wordt er een extra cookie in uw browser opgeslagen. Deze cookie bevat geen persoonlijke gegevens en geeft eenvoudigweg de post-ID aan van het artikel dat u zojuist hebt bewerkt. Deze vervalt na 1 dag.\n\n<!-- \/wp:par\u00e1grafo -->\n\n<!-- wp:t\u00edtulo -->\n<h2>Ingesloten inhoud van andere websites<\/h2>\n<!-- \/wp:t\u00edtulo -->\n\n<!-- wp:par\u00e1grafo -->\n\nArtikelen op deze site kunnen ingesloten inhoud bevatten (bijvoorbeeld video&#039;s, afbeeldingen, artikelen, enz.). Ingesloten inhoud van andere websites gedraagt zich precies hetzelfde alsof de bezoeker de andere website heeft bezocht.\n\n<!-- \/wp:par\u00e1grafo -->\n\n<!-- wp:par\u00e1grafo -->\n\nDeze websites kunnen gegevens over u verzamelen, cookies gebruiken, aanvullende tracking van derden insluiten en uw interactie met die ingesloten inhoud monitoren, inclusief het volgen van uw interactie met de ingesloten inhoud als u een account heeft en bent ingelogd op die website.\n\n<!-- \/wp:par\u00e1grafo -->\n\n<!-- wp:t\u00edtulo -->\n<h2>Met wie wij uw gegevens delen<\/h2>\n<!-- \/wp:t\u00edtulo -->\n\n<!-- wp:par\u00e1grafo -->\n\nAls u een wachtwoordreset aanvraagt, wordt uw IP-adres opgenomen in de reset-e-mail.\n\n<!-- \/wp:par\u00e1grafo -->\n\n<!-- wp:t\u00edtulo -->\n<h2>Hoe lang bewaren wij uw gegevens<\/h2>\n<!-- \/wp:t\u00edtulo -->\n\n<!-- wp:par\u00e1grafo -->\n\nAls u een reactie achterlaat, worden de reactie en de metagegevens ervan voor onbepaalde tijd bewaard. Dit is zodat we vervolgreacties automatisch kunnen herkennen en goedkeuren, in plaats van ze in de moderatiewachtrij te houden.\n\n<!-- \/wp:par\u00e1grafo -->\n\n<!-- wp:par\u00e1grafo -->\n\nVoor gebruikers die zich registreren op onze website (indien van toepassing), slaan we ook de persoonlijke informatie op die zij verstrekken in hun gebruikersprofiel. Alle gebruikers kunnen hun persoonlijke gegevens op elk moment bekijken, bewerken of verwijderen (behalve dat ze hun gebruikersnaam niet kunnen wijzigen). Sitebeheerders kunnen deze informatie ook bekijken en bewerken.\n\n<!-- \/wp:par\u00e1grafo -->\n\n<!-- wp:t\u00edtulo -->\n<h2>Welke rechten heeft u over uw gegevens?<\/h2>\n<!-- \/wp:t\u00edtulo -->\n\n<!-- wp:par\u00e1grafo -->\n\nAls u een account op deze site heeft of reacties heeft achtergelaten, kunt u verzoeken om een exportbestand van de persoonlijke gegevens die we over u bewaren, inclusief alle gegevens die u ons heeft verstrekt. U kunt ook verzoeken dat wij alle persoonlijke gegevens die wij over u bewaren, verwijderen. Hieronder vallen geen gegevens die wij verplicht moeten bewaren voor administratieve, juridische,","protected":false},"excerpt":{"rendered":"<p>Wie we zijn Ons websiteadres is: economiaportal.com. Reacties Wanneer bezoekers reacties achterlaten op de site, verzamelen we de gegevens getoond in het reactieformulier en ook het IP-adres van de bezoeker. <\/p>","protected":false},"author":14,"featured_media":0,"parent":0,"menu_order":0,"comment_status":"closed","ping_status":"open","template":"","meta":{"footnotes":""},"class_list":["post-3","page","type-page","status-publish","hentry","latest_post"],"yoast_head":"<!-- This site is optimized with the Yoast SEO plugin v26.8 - https:\/\/yoast.com\/product\/yoast-seo-wordpress\/ -->\n<title>Pol\u00edtica de Privacidade - Economia Portal<\/title>\n<meta name=\"robots\" content=\"index, follow, max-snippet:-1, max-image-preview:large, max-video-preview:-1\" \/>\n<link rel=\"canonical\" href=\"https:\/\/economiaportal.com\/nl\/privacybeleid\/\" \/>\n<meta property=\"og:locale\" content=\"nl_NL\" \/>\n<meta property=\"og:type\" content=\"article\" \/>\n<meta property=\"og:title\" content=\"Pol\u00edtica de Privacidade - Economia Portal\" \/>\n<meta property=\"og:description\" content=\"Quem somos O endere\u00e7o do nosso site \u00e9: economiaportal.com. Coment\u00e1rios Quando os visitantes deixam coment\u00e1rios no site, coletamos os dados mostrados no formul\u00e1rio de coment\u00e1rios e tamb\u00e9m o endere\u00e7o IP &hellip;\" \/>\n<meta property=\"og:url\" content=\"https:\/\/economiaportal.com\/nl\/privacybeleid\/\" \/>\n<meta property=\"og:site_name\" content=\"Economia Portal\" \/>\n<meta property=\"article:modified_time\" content=\"2022-10-20T13:46:57+00:00\" \/>\n<meta name=\"twitter:card\" content=\"summary_large_image\" \/>\n<meta name=\"twitter:label1\" content=\"Geschatte leestijd\" \/>\n\t<meta name=\"twitter:data1\" content=\"4 minuten\" \/>\n<script type=\"application\/ld+json\" class=\"yoast-schema-graph\">{\"@context\":\"https:\/\/schema.org\",\"@graph\":[{\"@type\":\"WebPage\",\"@id\":\"https:\/\/economiaportal.com\/privacy-policy\/\",\"url\":\"https:\/\/economiaportal.com\/privacy-policy\/\",\"name\":\"Pol\u00edtica de Privacidade - Economia Portal\",\"isPartOf\":{\"@id\":\"https:\/\/economiaportal.com\/#website\"},\"datePublished\":\"2022-10-07T00:33:05+00:00\",\"dateModified\":\"2022-10-20T13:46:57+00:00\",\"breadcrumb\":{\"@id\":\"https:\/\/economiaportal.com\/privacy-policy\/#breadcrumb\"},\"inLanguage\":\"nl-NL\",\"potentialAction\":[{\"@type\":\"ReadAction\",\"target\":[\"https:\/\/economiaportal.com\/privacy-policy\/\"]}]},{\"@type\":\"BreadcrumbList\",\"@id\":\"https:\/\/economiaportal.com\/privacy-policy\/#breadcrumb\",\"itemListElement\":[{\"@type\":\"ListItem\",\"position\":1,\"name\":\"In\u00edcio\",\"item\":\"https:\/\/economiaportal.com\/\"},{\"@type\":\"ListItem\",\"position\":2,\"name\":\"Pol\u00edtica de Privacidade\"}]},{\"@type\":\"WebSite\",\"@id\":\"https:\/\/economiaportal.com\/#website\",\"url\":\"https:\/\/economiaportal.com\/\",\"name\":\"Economia Portal\",\"description\":\"\",\"publisher\":{\"@id\":\"https:\/\/economiaportal.com\/#organization\"},\"potentialAction\":[{\"@type\":\"SearchAction\",\"target\":{\"@type\":\"EntryPoint\",\"urlTemplate\":\"https:\/\/economiaportal.com\/?s={search_term_string}\"},\"query-input\":{\"@type\":\"PropertyValueSpecification\",\"valueRequired\":true,\"valueName\":\"search_term_string\"}}],\"inLanguage\":\"nl-NL\"},{\"@type\":\"Organization\",\"@id\":\"https:\/\/economiaportal.com\/#organization\",\"name\":\"Economia Portal\",\"url\":\"https:\/\/economiaportal.com\/\",\"logo\":{\"@type\":\"ImageObject\",\"inLanguage\":\"nl-NL\",\"@id\":\"https:\/\/economiaportal.com\/#\/schema\/logo\/image\/\",\"url\":\"https:\/\/economiaportal.com\/wp-content\/uploads\/2024\/07\/cropped-Design-sem-nome.jpg\",\"contentUrl\":\"https:\/\/economiaportal.com\/wp-content\/uploads\/2024\/07\/cropped-Design-sem-nome.jpg\",\"width\":161,\"height\":45,\"caption\":\"Economia Portal\"},\"image\":{\"@id\":\"https:\/\/economiaportal.com\/#\/schema\/logo\/image\/\"}}]}<\/script>\n<!-- \/ Yoast SEO plugin. -->","yoast_head_json":{"title":"Privacybeleid - Economia Portal","robots":{"index":"index","follow":"follow","max-snippet":"max-snippet:-1","max-image-preview":"max-image-preview:large","max-video-preview":"max-video-preview:-1"},"canonical":"https:\/\/economiaportal.com\/nl\/privacybeleid\/","og_locale":"nl_NL","og_type":"article","og_title":"Pol\u00edtica de Privacidade - Economia Portal","og_description":"Quem somos O endere\u00e7o do nosso site \u00e9: economiaportal.com. Coment\u00e1rios Quando os visitantes deixam coment\u00e1rios no site, coletamos os dados mostrados no formul\u00e1rio de coment\u00e1rios e tamb\u00e9m o endere\u00e7o IP &hellip;","og_url":"https:\/\/economiaportal.com\/nl\/privacybeleid\/","og_site_name":"Economia Portal","article_modified_time":"2022-10-20T13:46:57+00:00","twitter_card":"summary_large_image","twitter_misc":{"Geschatte leestijd":"4 minuten"},"schema":{"@context":"https:\/\/schema.org","@graph":[{"@type":"WebPage","@id":"https:\/\/economiaportal.com\/privacy-policy\/","url":"https:\/\/economiaportal.com\/privacy-policy\/","name":"Privacybeleid - Economia Portal","isPartOf":{"@id":"https:\/\/economiaportal.com\/#website"},"datePublished":"2022-10-07T00:33:05+00:00","dateModified":"2022-10-20T13:46:57+00:00","breadcrumb":{"@id":"https:\/\/economiaportal.com\/privacy-policy\/#breadcrumb"},"inLanguage":"nl-NL","potentialAction":[{"@type":"ReadAction","target":["https:\/\/economiaportal.com\/privacy-policy\/"]}]},{"@type":"BreadcrumbList","@id":"https:\/\/economiaportal.com\/privacy-policy\/#breadcrumb","itemListElement":[{"@type":"ListItem","position":1,"name":"In\u00edcio","item":"https:\/\/economiaportal.com\/"},{"@type":"ListItem","position":2,"name":"Pol\u00edtica de Privacidade"}]},{"@type":"WebSite","@id":"https:\/\/economiaportal.com\/#website","url":"https:\/\/economiaportal.com\/","name":"Economieportaal","description":"","publisher":{"@id":"https:\/\/economiaportal.com\/#organization"},"potentialAction":[{"@type":"SearchAction","target":{"@type":"EntryPoint","urlTemplate":"https:\/\/economiaportal.com\/?s={search_term_string}"},"query-input":{"@type":"PropertyValueSpecification","valueRequired":true,"valueName":"search_term_string"}}],"inLanguage":"nl-NL"},{"@type":"Organization","@id":"https:\/\/economiaportal.com\/#organization","name":"Economieportaal","url":"https:\/\/economiaportal.com\/","logo":{"@type":"ImageObject","inLanguage":"nl-NL","@id":"https:\/\/economiaportal.com\/#\/schema\/logo\/image\/","url":"https:\/\/economiaportal.com\/wp-content\/uploads\/2024\/07\/cropped-Design-sem-nome.jpg","contentUrl":"https:\/\/economiaportal.com\/wp-content\/uploads\/2024\/07\/cropped-Design-sem-nome.jpg","width":161,"height":45,"caption":"Economia Portal"},"image":{"@id":"https:\/\/economiaportal.com\/#\/schema\/logo\/image\/"}}]}},"_links":{"self":[{"href":"https:\/\/economiaportal.com\/nl\/wp-json\/wp\/v2\/pages\/3","targetHints":{"allow":["GET"]}}],"collection":[{"href":"https:\/\/economiaportal.com\/nl\/wp-json\/wp\/v2\/pages"}],"about":[{"href":"https:\/\/economiaportal.com\/nl\/wp-json\/wp\/v2\/types\/page"}],"author":[{"embeddable":true,"href":"https:\/\/economiaportal.com\/nl\/wp-json\/wp\/v2\/users\/14"}],"replies":[{"embeddable":true,"href":"https:\/\/economiaportal.com\/nl\/wp-json\/wp\/v2\/comments?post=3"}],"version-history":[{"count":2,"href":"https:\/\/economiaportal.com\/nl\/wp-json\/wp\/v2\/pages\/3\/revisions"}],"predecessor-version":[{"id":123,"href":"https:\/\/economiaportal.com\/nl\/wp-json\/wp\/v2\/pages\/3\/revisions\/123"}],"wp:attachment":[{"href":"https:\/\/economiaportal.com\/nl\/wp-json\/wp\/v2\/media?parent=3"}],"curies":[{"name":"wp","href":"https:\/\/api.w.org\/{rel}","templated":true}]}}