{"id":1512,"date":"2024-11-11T16:03:49","date_gmt":"2024-11-11T13:03:49","guid":{"rendered":"https:\/\/economiaportal.com\/?page_id=1512"},"modified":"2024-11-11T16:03:50","modified_gmt":"2024-11-11T13:03:50","slug":"%d0%be-%d0%bd%d0%b0%d1%81","status":"publish","type":"page","link":"https:\/\/economiaportal.com\/ru\/sobre-nos\/","title":{"rendered":"\u041e \u043d\u0430\u0441"},"content":{"rendered":"<p>\u0414\u043e\u0431\u0440\u043e \u043f\u043e\u0436\u0430\u043b\u043e\u0432\u0430\u0442\u044c \u0432 <strong>\u042d\u043a\u043e\u043d\u043e\u043c\u0438\u0447\u043d\u044b\u0439 \u043f\u043e\u0440\u0442\u0430\u043b<\/strong>!<\/p>\n\n\n\n<p>\u0417\u0434\u0435\u0441\u044c \u043c\u044b \u0441\u0447\u0438\u0442\u0430\u0435\u043c, \u0447\u0442\u043e <strong>\u0444\u0438\u043d\u0430\u043d\u0441\u043e\u0432\u0430\u044f \u0438\u043d\u0444\u043e\u0440\u043c\u0430\u0446\u0438\u044f<\/strong> \u044d\u0442\u043e \u0434\u043e\u043b\u0436\u043d\u043e \u0431\u044b\u0442\u044c <strong>\u043f\u0440\u043e\u0441\u0442\u043e\u0439 \u0438 \u0434\u043e\u0441\u0442\u0443\u043f\u043d\u044b\u0439<\/strong> \u0434\u043b\u044f \u0432\u0441\u0435\u0445. \u041d\u0430\u0448\u0430 \u0446\u0435\u043b\u044c \u2014 \u043f\u0440\u0438\u043d\u0435\u0441\u0442\u0438 \u043a\u043e\u043d\u0442\u0435\u043d\u0442 \u0438\u0437 <strong>\u043a\u0430\u0447\u0435\u0441\u0442\u0432\u043e<\/strong> \u043a\u043e\u0442\u043e\u0440\u044b\u0435 \u0438\u0437\u043c\u0435\u043d\u044f\u0442 \u0432\u0430\u0448 \u0444\u0438\u043d\u0430\u043d\u0441\u043e\u0432\u044b\u0439 \u0432\u044b\u0431\u043e\u0440 \u0438 \u043f\u043e\u043c\u043e\u0433\u0443\u0442 \u0432\u0430\u043c \u043f\u043e\u0441\u0442\u0440\u043e\u0438\u0442\u044c \u044d\u043a\u043e\u043d\u043e\u043c\u043d\u0443\u044e \u0436\u0438\u0437\u043d\u044c <strong>\u0441\u0442\u0430\u0431\u0438\u043b\u044c\u043d\u044b\u0439 \u0438 \u043f\u0440\u043e\u0446\u0432\u0435\u0442\u0430\u044e\u0449\u0438\u0439<\/strong>.<\/p>\n\n\n\n<h3 class=\"wp-block-heading\">\u041d\u0430\u0448\u0430 \u043c\u0438\u0441\u0441\u0438\u044f<\/h3>\n\n\n\n<p>\u041d\u0430 <strong>\u042d\u043a\u043e\u043d\u043e\u043c\u0438\u0447\u043d\u044b\u0439 \u043f\u043e\u0440\u0442\u0430\u043b<\/strong>, \u043c\u044b \u0445\u043e\u0442\u0438\u043c <strong>\u0440\u0430\u0441\u0448\u0438\u0440\u044f\u0442\u044c \u0432\u043e\u0437\u043c\u043e\u0436\u043d\u043e\u0441\u0442\u0438<\/strong> \u043d\u0430\u0448\u0438 \u0447\u0438\u0442\u0430\u0442\u0435\u043b\u0438 \u043e\u0431\u043b\u0430\u0434\u0430\u044e\u0442 \u0437\u043d\u0430\u043d\u0438\u044f\u043c\u0438, \u0447\u0442\u043e\u0431\u044b \u043e\u043d\u0438 \u043c\u043e\u0433\u043b\u0438 \u0441\u0434\u0435\u043b\u0430\u0442\u044c <strong>\u0443\u043c\u043d\u044b\u0435 \u0438 \u0431\u0435\u0437\u043e\u043f\u0430\u0441\u043d\u044b\u0435 \u0440\u0435\u0448\u0435\u043d\u0438\u044f<\/strong> \u0432 \u043f\u043e\u0432\u0441\u0435\u0434\u043d\u0435\u0432\u043d\u043e\u0439 \u0436\u0438\u0437\u043d\u0438. \u041c\u044b \u0432\u0435\u0440\u0438\u043c, \u0447\u0442\u043e \u043f\u043e\u043d\u0438\u043c\u0430\u043d\u0438\u0435 <strong>\u044d\u043a\u043e\u043d\u043e\u043c\u0438\u043a\u0430, \u0438\u043d\u0432\u0435\u0441\u0442\u0438\u0446\u0438\u0438<\/strong> \u042d\u0442\u043e <strong>\u0444\u0438\u043d\u0430\u043d\u0441\u043e\u0432\u043e\u0435 \u043f\u043b\u0430\u043d\u0438\u0440\u043e\u0432\u0430\u043d\u0438\u0435<\/strong> \u044f\u0432\u043b\u044f\u0435\u0442\u0441\u044f \u043a\u043b\u044e\u0447\u043e\u043c \u043a \u0444\u0438\u043d\u0430\u043d\u0441\u043e\u0432\u043e\u0439 \u0441\u0432\u043e\u0431\u043e\u0434\u0435.<\/p>\n\n\n\n<h3 class=\"wp-block-heading\">\u0427\u0442\u043e \u0432\u044b \u0437\u0434\u0435\u0441\u044c \u043d\u0430\u0439\u0434\u0435\u0442\u0435<\/h3>\n\n\n\n<p>\u041c\u044b \u043f\u0440\u0435\u0434\u043b\u0430\u0433\u0430\u0435\u043c \u0448\u0438\u0440\u043e\u043a\u0438\u0439 \u0441\u043f\u0435\u043a\u0442\u0440 \u043a\u043e\u043d\u0442\u0435\u043d\u0442\u0430 \u043f\u043e \u0442\u0435\u043c\u0430\u043c, \u043d\u0430\u0447\u0438\u043d\u0430\u044f \u043e\u0442 <strong>\u0438\u043d\u0432\u0435\u0441\u0442\u0438\u0446\u0438\u0438<\/strong>, <strong>\u0443\u043f\u0440\u0430\u0432\u043b\u0435\u043d\u0438\u0435 \u043b\u0438\u0447\u043d\u044b\u043c\u0438 \u0444\u0438\u043d\u0430\u043d\u0441\u0430\u043c\u0438<\/strong>, <strong>\u0442\u0435\u0445\u043d\u043e\u043b\u043e\u0433\u0438\u0438, \u043f\u0440\u0438\u043c\u0435\u043d\u044f\u0435\u043c\u044b\u0435 \u0432 \u044d\u043a\u043e\u043d\u043e\u043c\u0438\u043a\u0435<\/strong> \u042d\u0442\u043e <strong>\u043d\u043e\u0432\u043e\u0441\u0442\u0438 \u043e \u0444\u0438\u043d\u0430\u043d\u0441\u043e\u0432\u043e\u043c \u0440\u044b\u043d\u043a\u0435<\/strong>. \u041c\u044b \u0437\u043d\u0430\u0435\u043c, \u0447\u0442\u043e \u0438\u043d\u0444\u043e\u0440\u043c\u0430\u0446\u0438\u044f \u044f\u0432\u043b\u044f\u0435\u0442\u0441\u044f \u043c\u043e\u0449\u043d\u044b\u043c \u0438\u043d\u0441\u0442\u0440\u0443\u043c\u0435\u043d\u0442\u043e\u043c, \u0438 \u043c\u044b \u0441\u0442\u0440\u0435\u043c\u0438\u043c\u0441\u044f \u0434\u043e\u0441\u0442\u0430\u0432\u043b\u044f\u0442\u044c \u0435\u0435 \u0432 \u0434\u043e\u0441\u0442\u0443\u043f\u043d\u043e\u0439 \u0444\u043e\u0440\u043c\u0435. <strong>\u043f\u043e\u043d\u044f\u0442\u043d\u043e \u0438 \u043f\u0440\u0430\u043a\u0442\u0438\u0447\u043d\u043e<\/strong>.<\/p>\n\n\n\n<p>\u0412\u044b \u043d\u0430\u0439\u0434\u0435\u0442\u0435 \u0442\u0430\u043a\u0438\u0435 \u0440\u0430\u0437\u0434\u0435\u043b\u044b, \u043a\u0430\u043a:<\/p>\n\n\n\n<ul class=\"wp-block-list\">\n<li><strong>\u0421\u043e\u0432\u0435\u0442\u044b \u043f\u043e \u044d\u043a\u043e\u043d\u043e\u043c\u0438\u0438<\/strong>: \u041f\u0440\u0430\u043a\u0442\u0438\u0447\u0435\u0441\u043a\u043e\u0435 \u0440\u0443\u043a\u043e\u0432\u043e\u0434\u0441\u0442\u0432\u043e \u0434\u043b\u044f <strong>\u0441\u043e\u043a\u0440\u0430\u0442\u0438\u0442\u044c \u0440\u0430\u0441\u0445\u043e\u0434\u044b<\/strong> \u042d\u0442\u043e <strong>\u0447\u0442\u043e\u0431\u044b \u0441\u044d\u043a\u043e\u043d\u043e\u043c\u0438\u0442\u044c \u0434\u0435\u043d\u044c\u0433\u0438<\/strong> \u0432 \u043f\u043e\u0432\u0441\u0435\u0434\u043d\u0435\u0432\u043d\u043e\u0439 \u0436\u0438\u0437\u043d\u0438.<\/li>\n\n\n\n<li><strong>\u0418\u043d\u0432\u0435\u0441\u0442\u0438\u0446\u0438\u043e\u043d\u043d\u044b\u0435 \u043f\u0443\u0442\u0435\u0432\u043e\u0434\u0438\u0442\u0435\u043b\u0438<\/strong>: \u0428\u0430\u0433 \u0437\u0430 \u0448\u0430\u0433\u043e\u043c \u043e \u0442\u043e\u043c, \u043a\u0430\u043a <strong>\u0438\u043d\u0432\u0435\u0441\u0442\u0438\u0440\u0443\u0439\u0442\u0435 \u0431\u0435\u0437\u043e\u043f\u0430\u0441\u043d\u043e<\/strong>, \u043d\u0435\u0437\u0430\u0432\u0438\u0441\u0438\u043c\u043e \u043e\u0442 \u0442\u043e\u0433\u043e, \u043d\u043e\u0432\u0438\u0447\u043e\u043a \u0432\u044b \u0438\u043b\u0438 \u043f\u0440\u043e\u0434\u0432\u0438\u043d\u0443\u0442\u044b\u0439.<\/li>\n\n\n\n<li><strong>\u041e\u0431\u043d\u043e\u0432\u043b\u0435\u043d\u0438\u044f \u0440\u044b\u043d\u043a\u0430<\/strong>: \u041a <strong>\u0433\u043b\u0430\u0432\u043d\u044b\u0435 \u043d\u043e\u0432\u043e\u0441\u0442\u0438<\/strong> \u0438 \u0442\u0435\u043d\u0434\u0435\u043d\u0446\u0438\u0438 \u0432 \u043c\u0438\u0440\u0435 \u044d\u043a\u043e\u043d\u043e\u043c\u0438\u043a\u0438, \u0441 \u043f\u043e\u0434\u0440\u043e\u0431\u043d\u044b\u043c \u0438 \u0434\u043e\u0441\u0442\u0443\u043f\u043d\u044b\u043c \u0430\u043d\u0430\u043b\u0438\u0437\u043e\u043c.<\/li>\n\n\n\n<li><strong>\u0424\u0438\u043d\u0430\u043d\u0441\u043e\u0432\u044b\u0435 \u0442\u0435\u0445\u043d\u043e\u043b\u043e\u0433\u0438\u0438<\/strong>: \u041a\u0430\u043a \u0438\u0441\u043f\u043e\u043b\u044c\u0437\u043e\u0432\u0430\u0442\u044c <strong>\u043f\u0440\u0438\u043b\u043e\u0436\u0435\u043d\u0438\u044f<\/strong> \u042d\u0442\u043e <strong>\u043e\u043d\u043b\u0430\u0439\u043d-\u0438\u043d\u0441\u0442\u0440\u0443\u043c\u0435\u043d\u0442\u044b<\/strong> \u0443\u043b\u0443\u0447\u0448\u0438\u0442\u044c \u0441\u0432\u043e\u044e \u0444\u0438\u043d\u0430\u043d\u0441\u043e\u0432\u0443\u044e \u0436\u0438\u0437\u043d\u044c.<\/li>\n<\/ul>\n\n\n\n<h3 class=\"wp-block-heading\">\u041d\u0430\u0448\u0430 \u043a\u043e\u043c\u0430\u043d\u0434\u0430<\/h3>\n\n\n\n<p>\u0421\u043e\u0437\u0434\u0430\u043d\u043d\u0430\u044f \u043a\u043e\u043c\u0430\u043d\u0434\u043e\u0439 \u0438\u0437 <strong>\u044d\u043a\u0441\u043f\u0435\u0440\u0442\u044b<\/strong> \u0432 \u043e\u0431\u043b\u0430\u0441\u0442\u0438 \u044d\u043a\u043e\u043d\u043e\u043c\u0438\u043a\u0438, \u0444\u0438\u043d\u0430\u043d\u0441\u043e\u0432 \u0438 \u0442\u0435\u0445\u043d\u043e\u043b\u043e\u0433\u0438\u0439, <strong>\u042d\u043a\u043e\u043d\u043e\u043c\u0438\u0447\u043d\u044b\u0439 \u043f\u043e\u0440\u0442\u0430\u043b<\/strong> \u0417\u0434\u0435\u0441\u044c \u0435\u0441\u0442\u044c \u043f\u0438\u0441\u0430\u0442\u0435\u043b\u0438, \u0430\u043d\u0430\u043b\u0438\u0442\u0438\u043a\u0438 \u0438 \u044d\u043d\u0442\u0443\u0437\u0438\u0430\u0441\u0442\u044b \u0438\u0437 \u0444\u0438\u043d\u0430\u043d\u0441\u043e\u0432\u043e\u0433\u043e \u043c\u0438\u0440\u0430. \u041a\u0430\u0436\u0434\u0430\u044f \u0441\u0442\u0430\u0442\u044c\u044f, \u0440\u0443\u043a\u043e\u0432\u043e\u0434\u0441\u0442\u0432\u043e \u0438\u043b\u0438 \u0441\u043e\u0432\u0435\u0442 \u043d\u0430\u043f\u0438\u0441\u0430\u043d\u044b \u0441 \u0438\u0441\u043f\u043e\u043b\u044c\u0437\u043e\u0432\u0430\u043d\u0438\u0435\u043c <strong>\u043f\u0440\u0435\u0434\u0430\u043d\u043d\u043e\u0441\u0442\u044c<\/strong> \u0438 \u043f\u0440\u0438\u0432\u0435\u0440\u0436\u0435\u043d\u043d\u043e\u0441\u0442\u044c, \u043f\u0440\u0435\u0434\u043b\u0430\u0433\u0430\u044f \u043b\u0443\u0447\u0448\u0435\u0435 \u0432 <strong>\u0444\u0438\u043d\u0430\u043d\u0441\u043e\u0432\u043e\u0435 \u0441\u043e\u0434\u0435\u0440\u0436\u0430\u043d\u0438\u0435<\/strong>.<\/p>\n\n\n\n<h3 class=\"wp-block-heading\">\u041f\u043e\u0439\u0434\u0435\u043c \u0432\u043c\u0435\u0441\u0442\u0435!<\/h3>\n\n\n\n<p>\u041c\u044b \u0437\u0434\u0435\u0441\u044c, \u0447\u0442\u043e\u0431\u044b \u0438\u0434\u0442\u0438 \u0440\u044f\u0434\u043e\u043c \u0441 \u0432\u0430\u043c\u0438 <strong>\u043f\u0443\u0442\u0435\u0448\u0435\u0441\u0442\u0432\u0438\u0435 \u043a \u0444\u0438\u043d\u0430\u043d\u0441\u043e\u0432\u043e\u0439 \u0441\u0432\u043e\u0431\u043e\u0434\u0435<\/strong>. \u0421\u043b\u0435\u0434\u0438\u0442\u0435 \u0437\u0430 \u043d\u0430\u0448\u0438\u043c\u0438 \u0441\u0442\u0430\u0442\u044c\u044f\u043c\u0438, \u0443\u0447\u0430\u0441\u0442\u0432\u0443\u0439\u0442\u0435 \u0432 \u043d\u0430\u0448\u0438\u0445 \u0434\u0435\u0431\u0430\u0442\u0430\u0445 \u0438 \u0438\u0437\u0443\u0447\u0430\u0439\u0442\u0435 \u0441\u043e\u0432\u0435\u0442\u044b, \u043a\u043e\u0442\u043e\u0440\u044b\u0435 \u043c\u0435\u043d\u044f\u044e\u0442 \u0436\u0438\u0437\u043d\u044c. \u0412 \u043a\u043e\u043d\u0446\u0435 \u043a\u043e\u043d\u0446\u043e\u0432, <strong>\u042d\u043a\u043e\u043d\u043e\u043c\u0438\u0447\u043d\u044b\u0439 \u043f\u043e\u0440\u0442\u0430\u043b<\/strong> \u042d\u0442\u043e \u0441\u0434\u0435\u043b\u0430\u043d\u043e \u0434\u043b\u044f \u0432\u0430\u0441 \u0438 \u0432\u0430\u043c\u0438.<\/p>\n\n\n\n<p><strong>\u041f\u043e\u043b\u0443\u0447\u0438\u0442\u0435 \u0434\u043e\u0441\u0442\u0443\u043f, \u0441\u043e\u0445\u0440\u0430\u043d\u0438\u0442\u0435 \u0438 \u043f\u0440\u0435\u043e\u0431\u0440\u0430\u0437\u0443\u0439\u0442\u0435 \u0441\u0432\u043e\u0438 \u0444\u0438\u043d\u0430\u043d\u0441\u044b!<\/strong><\/p>\n\n\n\n<hr class=\"wp-block-separator has-alpha-channel-opacity\"\/>","protected":false},"excerpt":{"rendered":"<p>\u0414\u043e\u0431\u0440\u043e \u043f\u043e\u0436\u0430\u043b\u043e\u0432\u0430\u0442\u044c \u043d\u0430 \u043f\u043e\u0440\u0442\u0430\u043b Economia! \u0417\u0434\u0435\u0441\u044c \u043c\u044b \u0441\u0447\u0438\u0442\u0430\u0435\u043c, \u0447\u0442\u043e \u0444\u0438\u043d\u0430\u043d\u0441\u043e\u0432\u0430\u044f \u0438\u043d\u0444\u043e\u0440\u043c\u0430\u0446\u0438\u044f \u0434\u043e\u043b\u0436\u043d\u0430 \u0431\u044b\u0442\u044c \u043f\u0440\u043e\u0441\u0442\u043e\u0439 \u0438 \u0434\u043e\u0441\u0442\u0443\u043f\u043d\u043e\u0439 \u0434\u043b\u044f \u0432\u0441\u0435\u0445. \u041d\u0430\u0448\u0430 \u0446\u0435\u043b\u044c \u2014 \u043f\u0440\u0435\u0434\u043e\u0441\u0442\u0430\u0432\u0438\u0442\u044c \u0432\u0430\u043c \u043a\u0430\u0447\u0435\u0441\u0442\u0432\u0435\u043d\u043d\u044b\u0439 \u043a\u043e\u043d\u0442\u0435\u043d\u0442, \u043a\u043e\u0442\u043e\u0440\u044b\u0439 \u043f\u0440\u0435\u043e\u0431\u0440\u0430\u0437\u0443\u0435\u0442 \u0432\u0430\u0448\u0438 \u0444\u0438\u043d\u0430\u043d\u0441\u043e\u0432\u044b\u0435 \u0440\u0435\u0448\u0435\u043d\u0438\u044f \u0438 \u2026 <\/p>","protected":false},"author":14,"featured_media":0,"parent":0,"menu_order":0,"comment_status":"closed","ping_status":"closed","template":"","meta":{"footnotes":""},"class_list":["post-1512","page","type-page","status-publish","hentry","latest_post"],"yoast_head":"<!-- This site is optimized with the Yoast SEO plugin v26.8 - https:\/\/yoast.com\/product\/yoast-seo-wordpress\/ -->\n<title>Sobre N\u00f3s - Economia Portal<\/title>\n<meta name=\"robots\" content=\"index, follow, max-snippet:-1, max-image-preview:large, max-video-preview:-1\" \/>\n<link rel=\"canonical\" href=\"https:\/\/economiaportal.com\/ru\/\u043e-\u043d\u0430\u0441\/\" \/>\n<meta property=\"og:locale\" content=\"ru_RU\" \/>\n<meta property=\"og:type\" content=\"article\" \/>\n<meta property=\"og:title\" content=\"Sobre N\u00f3s - Economia Portal\" \/>\n<meta property=\"og:description\" content=\"Bem-vindo ao Economia Portal! Aqui, acreditamos que a informa\u00e7\u00e3o financeira deve ser simples e acess\u00edvel para todos. Nosso objetivo \u00e9 trazer conte\u00fados de qualidade que transformem suas escolhas financeiras e &hellip;\" \/>\n<meta property=\"og:url\" content=\"https:\/\/economiaportal.com\/ru\/\u043e-\u043d\u0430\u0441\/\" \/>\n<meta property=\"og:site_name\" content=\"Economia Portal\" \/>\n<meta property=\"article:modified_time\" content=\"2024-11-11T13:03:50+00:00\" \/>\n<meta name=\"twitter:card\" content=\"summary_large_image\" \/>\n<meta name=\"twitter:label1\" content=\"\u041f\u0440\u0438\u043c\u0435\u0440\u043d\u043e\u0435 \u0432\u0440\u0435\u043c\u044f \u0434\u043b\u044f \u0447\u0442\u0435\u043d\u0438\u044f\" \/>\n\t<meta name=\"twitter:data1\" content=\"2 \u043c\u0438\u043d\u0443\u0442\u044b\" \/>\n<script type=\"application\/ld+json\" class=\"yoast-schema-graph\">{\"@context\":\"https:\/\/schema.org\",\"@graph\":[{\"@type\":\"WebPage\",\"@id\":\"https:\/\/economiaportal.com\/sobre-nos\/\",\"url\":\"https:\/\/economiaportal.com\/sobre-nos\/\",\"name\":\"Sobre N\u00f3s - Economia Portal\",\"isPartOf\":{\"@id\":\"https:\/\/economiaportal.com\/#website\"},\"datePublished\":\"2024-11-11T13:03:49+00:00\",\"dateModified\":\"2024-11-11T13:03:50+00:00\",\"breadcrumb\":{\"@id\":\"https:\/\/economiaportal.com\/sobre-nos\/#breadcrumb\"},\"inLanguage\":\"ru-RU\",\"potentialAction\":[{\"@type\":\"ReadAction\",\"target\":[\"https:\/\/economiaportal.com\/sobre-nos\/\"]}]},{\"@type\":\"BreadcrumbList\",\"@id\":\"https:\/\/economiaportal.com\/sobre-nos\/#breadcrumb\",\"itemListElement\":[{\"@type\":\"ListItem\",\"position\":1,\"name\":\"In\u00edcio\",\"item\":\"https:\/\/economiaportal.com\/\"},{\"@type\":\"ListItem\",\"position\":2,\"name\":\"Sobre N\u00f3s\"}]},{\"@type\":\"WebSite\",\"@id\":\"https:\/\/economiaportal.com\/#website\",\"url\":\"https:\/\/economiaportal.com\/\",\"name\":\"Economia Portal\",\"description\":\"\",\"publisher\":{\"@id\":\"https:\/\/economiaportal.com\/#organization\"},\"potentialAction\":[{\"@type\":\"SearchAction\",\"target\":{\"@type\":\"EntryPoint\",\"urlTemplate\":\"https:\/\/economiaportal.com\/?s={search_term_string}\"},\"query-input\":{\"@type\":\"PropertyValueSpecification\",\"valueRequired\":true,\"valueName\":\"search_term_string\"}}],\"inLanguage\":\"ru-RU\"},{\"@type\":\"Organization\",\"@id\":\"https:\/\/economiaportal.com\/#organization\",\"name\":\"Economia Portal\",\"url\":\"https:\/\/economiaportal.com\/\",\"logo\":{\"@type\":\"ImageObject\",\"inLanguage\":\"ru-RU\",\"@id\":\"https:\/\/economiaportal.com\/#\/schema\/logo\/image\/\",\"url\":\"https:\/\/economiaportal.com\/wp-content\/uploads\/2024\/07\/cropped-Design-sem-nome.jpg\",\"contentUrl\":\"https:\/\/economiaportal.com\/wp-content\/uploads\/2024\/07\/cropped-Design-sem-nome.jpg\",\"width\":161,\"height\":45,\"caption\":\"Economia Portal\"},\"image\":{\"@id\":\"https:\/\/economiaportal.com\/#\/schema\/logo\/image\/\"}}]}<\/script>\n<!-- \/ Yoast SEO plugin. -->","yoast_head_json":{"title":"\u041e \u043d\u0430\u0441 - \u042d\u043a\u043e\u043d\u043e\u043c\u0438\u0447\u0435\u0441\u043a\u0438\u0439 \u043f\u043e\u0440\u0442\u0430\u043b","robots":{"index":"index","follow":"follow","max-snippet":"max-snippet:-1","max-image-preview":"max-image-preview:large","max-video-preview":"max-video-preview:-1"},"canonical":"https:\/\/economiaportal.com\/ru\/\u043e-\u043d\u0430\u0441\/","og_locale":"ru_RU","og_type":"article","og_title":"Sobre N\u00f3s - Economia Portal","og_description":"Bem-vindo ao Economia Portal! Aqui, acreditamos que a informa\u00e7\u00e3o financeira deve ser simples e acess\u00edvel para todos. Nosso objetivo \u00e9 trazer conte\u00fados de qualidade que transformem suas escolhas financeiras e &hellip;","og_url":"https:\/\/economiaportal.com\/ru\/\u043e-\u043d\u0430\u0441\/","og_site_name":"Economia Portal","article_modified_time":"2024-11-11T13:03:50+00:00","twitter_card":"summary_large_image","twitter_misc":{"\u041f\u0440\u0438\u043c\u0435\u0440\u043d\u043e\u0435 \u0432\u0440\u0435\u043c\u044f \u0434\u043b\u044f \u0447\u0442\u0435\u043d\u0438\u044f":"2 \u043c\u0438\u043d\u0443\u0442\u044b"},"schema":{"@context":"https:\/\/schema.org","@graph":[{"@type":"WebPage","@id":"https:\/\/economiaportal.com\/sobre-nos\/","url":"https:\/\/economiaportal.com\/sobre-nos\/","name":"\u041e \u043d\u0430\u0441 - \u042d\u043a\u043e\u043d\u043e\u043c\u0438\u0447\u0435\u0441\u043a\u0438\u0439 \u043f\u043e\u0440\u0442\u0430\u043b","isPartOf":{"@id":"https:\/\/economiaportal.com\/#website"},"datePublished":"2024-11-11T13:03:49+00:00","dateModified":"2024-11-11T13:03:50+00:00","breadcrumb":{"@id":"https:\/\/economiaportal.com\/sobre-nos\/#breadcrumb"},"inLanguage":"ru-RU","potentialAction":[{"@type":"ReadAction","target":["https:\/\/economiaportal.com\/sobre-nos\/"]}]},{"@type":"BreadcrumbList","@id":"https:\/\/economiaportal.com\/sobre-nos\/#breadcrumb","itemListElement":[{"@type":"ListItem","position":1,"name":"In\u00edcio","item":"https:\/\/economiaportal.com\/"},{"@type":"ListItem","position":2,"name":"Sobre N\u00f3s"}]},{"@type":"WebSite","@id":"https:\/\/economiaportal.com\/#website","url":"https:\/\/economiaportal.com\/","name":"\u042d\u043a\u043e\u043d\u043e\u043c\u0438\u0447\u043d\u044b\u0439 \u043f\u043e\u0440\u0442\u0430\u043b","description":"","publisher":{"@id":"https:\/\/economiaportal.com\/#organization"},"potentialAction":[{"@type":"SearchAction","target":{"@type":"EntryPoint","urlTemplate":"https:\/\/economiaportal.com\/?s={search_term_string}"},"query-input":{"@type":"PropertyValueSpecification","valueRequired":true,"valueName":"search_term_string"}}],"inLanguage":"ru-RU"},{"@type":"Organization","@id":"https:\/\/economiaportal.com\/#organization","name":"\u042d\u043a\u043e\u043d\u043e\u043c\u0438\u0447\u043d\u044b\u0439 \u043f\u043e\u0440\u0442\u0430\u043b","url":"https:\/\/economiaportal.com\/","logo":{"@type":"ImageObject","inLanguage":"ru-RU","@id":"https:\/\/economiaportal.com\/#\/schema\/logo\/image\/","url":"https:\/\/economiaportal.com\/wp-content\/uploads\/2024\/07\/cropped-Design-sem-nome.jpg","contentUrl":"https:\/\/economiaportal.com\/wp-content\/uploads\/2024\/07\/cropped-Design-sem-nome.jpg","width":161,"height":45,"caption":"Economia Portal"},"image":{"@id":"https:\/\/economiaportal.com\/#\/schema\/logo\/image\/"}}]}},"_links":{"self":[{"href":"https:\/\/economiaportal.com\/ru\/wp-json\/wp\/v2\/pages\/1512","targetHints":{"allow":["GET"]}}],"collection":[{"href":"https:\/\/economiaportal.com\/ru\/wp-json\/wp\/v2\/pages"}],"about":[{"href":"https:\/\/economiaportal.com\/ru\/wp-json\/wp\/v2\/types\/page"}],"author":[{"embeddable":true,"href":"https:\/\/economiaportal.com\/ru\/wp-json\/wp\/v2\/users\/14"}],"replies":[{"embeddable":true,"href":"https:\/\/economiaportal.com\/ru\/wp-json\/wp\/v2\/comments?post=1512"}],"version-history":[{"count":1,"href":"https:\/\/economiaportal.com\/ru\/wp-json\/wp\/v2\/pages\/1512\/revisions"}],"predecessor-version":[{"id":1513,"href":"https:\/\/economiaportal.com\/ru\/wp-json\/wp\/v2\/pages\/1512\/revisions\/1513"}],"wp:attachment":[{"href":"https:\/\/economiaportal.com\/ru\/wp-json\/wp\/v2\/media?parent=1512"}],"curies":[{"name":"WP","href":"https:\/\/api.w.org\/{rel}","templated":true}]}}