{"id":1512,"date":"2024-11-11T16:03:49","date_gmt":"2024-11-11T13:03:49","guid":{"rendered":"https:\/\/economiaportal.com\/?page_id=1512"},"modified":"2024-11-11T16:03:50","modified_gmt":"2024-11-11T13:03:50","slug":"rreth-nesh","status":"publish","type":"page","link":"https:\/\/economiaportal.com\/sq\/sobre-nos\/","title":{"rendered":"Rreth Nesh"},"content":{"rendered":"<p>Mir\u00eb se vini n\u00eb <strong>Portali i Ekonomis\u00eb<\/strong>!<\/p>\n\n\n\n<p>K\u00ebtu, ne besojm\u00eb se <strong>informacion financiar<\/strong> duhet t\u00eb jet\u00eb <strong>e thjesht\u00eb dhe e arritshme<\/strong> p\u00ebr t\u00eb gjith\u00eb. Q\u00ebllimi yn\u00eb \u00ebsht\u00eb t\u00eb sjellim p\u00ebrmbajtje nga <strong>cil\u00ebsi<\/strong> q\u00eb transformojn\u00eb zgjedhjet tuaja financiare dhe ju ndihmojn\u00eb t\u00eb nd\u00ebrtoni nj\u00eb jet\u00eb ekonomike <strong>i q\u00ebndruesh\u00ebm dhe i begat\u00eb<\/strong>.<\/p>\n\n\n\n<h3 class=\"wp-block-heading\">Misioni yn\u00eb<\/h3>\n\n\n\n<p>Nyja <strong>Portali i Ekonomis\u00eb<\/strong>, ne duam <strong>fuqizoj<\/strong> lexuesit tan\u00eb me njohuri n\u00eb m\u00ebnyr\u00eb q\u00eb t\u00eb mund t\u00eb b\u00ebjn\u00eb <strong>vendime t\u00eb zgjuara dhe t\u00eb sigurta<\/strong> n\u00eb jet\u00ebn e p\u00ebrditshme. Ne besojm\u00eb se t\u00eb kuptuarit rreth <strong>ekonomia, investimet<\/strong> dhe <strong>planifikim financiar<\/strong> \u00ebsht\u00eb \u00e7el\u00ebsi i liris\u00eb financiare.<\/p>\n\n\n\n<h3 class=\"wp-block-heading\">\u00c7far\u00eb gjeni k\u00ebtu<\/h3>\n\n\n\n<p>Ne ofrojm\u00eb nj\u00eb gam\u00eb p\u00ebrmbajtjesh mbi tema q\u00eb variojn\u00eb nga <strong>investime<\/strong>, <strong>menaxhim i financave personale<\/strong>, <strong>teknologjia e aplikuar n\u00eb ekonomi<\/strong> dhe <strong>lajme rreth tregut financiar<\/strong>Ne e dim\u00eb q\u00eb informacioni \u00ebsht\u00eb nj\u00eb mjet i fuqish\u00ebm dhe p\u00ebrpiqemi ta ofrojm\u00eb at\u00eb n\u00eb nj\u00eb m\u00ebnyr\u00eb <strong>i qart\u00eb dhe praktik<\/strong>.<\/p>\n\n\n\n<p>Do t\u00eb gjeni seksione t\u00eb tilla si:<\/p>\n\n\n\n<ul class=\"wp-block-list\">\n<li><strong>K\u00ebshilla p\u00ebr kursimin<\/strong>Udh\u00ebzime praktike p\u00ebr <strong>ul kostot<\/strong> dhe <strong>p\u00ebr t\u00eb kursyer para<\/strong> n\u00eb jet\u00ebn e p\u00ebrditshme.<\/li>\n\n\n\n<li><strong>Udh\u00ebzues p\u00ebr Investime<\/strong>Hap pas hapi se si t\u00eb <strong>investoni n\u00eb m\u00ebnyr\u00eb t\u00eb sigurt<\/strong>, pavar\u00ebsisht n\u00ebse jeni fillestar apo i p\u00ebrparuar.<\/li>\n\n\n\n<li><strong>P\u00ebrdit\u00ebsimet e Tregut<\/strong>P\u00ebr te <strong>lajmet kryesore<\/strong> dhe trendet n\u00eb bot\u00ebn ekonomike, me analiza t\u00eb holl\u00ebsishme dhe t\u00eb arritshme.<\/li>\n\n\n\n<li><strong>Teknologji Financiare<\/strong>Si t\u00eb p\u00ebrdoret <strong>aplikacione<\/strong> dhe <strong>mjete online<\/strong> p\u00ebr t\u00eb p\u00ebrmir\u00ebsuar jet\u00ebn tuaj financiare.<\/li>\n<\/ul>\n\n\n\n<h3 class=\"wp-block-heading\">Ekipi yn\u00eb<\/h3>\n\n\n\n<p>Formuar nga nj\u00eb ekip i <strong>ekspert\u00eb<\/strong> n\u00eb ekonomi, financ\u00eb dhe teknologji, <strong>Portali i Ekonomis\u00eb<\/strong> ka shkrimtar\u00eb, analist\u00eb dhe entuziast\u00eb nga bota financiare. \u00c7do artikull, udh\u00ebzues ose k\u00ebshill\u00eb \u00ebsht\u00eb shkruar me <strong>p\u00ebrkushtim<\/strong> dhe p\u00ebrkushtim, duke ofruar m\u00eb t\u00eb mir\u00ebn n\u00eb <strong>p\u00ebrmbajtje financiare<\/strong>.<\/p>\n\n\n\n<h3 class=\"wp-block-heading\">Le t\u00eb shkojm\u00eb s\u00eb bashku!<\/h3>\n\n\n\n<p>Ne jemi k\u00ebtu p\u00ebr t\u00eb ecur p\u00ebrkrah jush <strong>udh\u00ebtimi i liris\u00eb financiare<\/strong>Ndiqni artikujt tan\u00eb, merrni pjes\u00eb n\u00eb debatet tona dhe eksploroni k\u00ebshillat q\u00eb transformojn\u00eb. N\u00eb fund t\u00eb fundit, <strong>Portali i Ekonomis\u00eb<\/strong> \u00cbsht\u00eb b\u00ebr\u00eb p\u00ebr ty dhe nga ti.<\/p>\n\n\n\n<p><strong>Qasuni, kurseni dhe transformoni financat tuaja!<\/strong><\/p>\n\n\n\n<hr class=\"wp-block-separator has-alpha-channel-opacity\"\/>","protected":false},"excerpt":{"rendered":"<p>Bem-vindo ao Economia Portal! Aqui, acreditamos que a informa\u00e7\u00e3o financeira deve ser simples e acess\u00edvel para todos. Nosso objetivo \u00e9 trazer conte\u00fados de qualidade que transformem suas escolhas financeiras e &hellip; <\/p>","protected":false},"author":14,"featured_media":0,"parent":0,"menu_order":0,"comment_status":"closed","ping_status":"closed","template":"","meta":{"footnotes":""},"class_list":["post-1512","page","type-page","status-publish","hentry","latest_post"],"yoast_head":"<!-- This site is optimized with the Yoast SEO plugin v26.8 - https:\/\/yoast.com\/product\/yoast-seo-wordpress\/ -->\n<title>Sobre N\u00f3s - Economia Portal<\/title>\n<meta name=\"robots\" content=\"index, follow, max-snippet:-1, max-image-preview:large, max-video-preview:-1\" \/>\n<link rel=\"canonical\" href=\"https:\/\/economiaportal.com\/sq\/rreth-nesh\/\" \/>\n<meta property=\"og:locale\" content=\"sq_AL\" \/>\n<meta property=\"og:type\" content=\"article\" \/>\n<meta property=\"og:title\" content=\"Sobre N\u00f3s - Economia Portal\" \/>\n<meta property=\"og:description\" content=\"Bem-vindo ao Economia Portal! Aqui, acreditamos que a informa\u00e7\u00e3o financeira deve ser simples e acess\u00edvel para todos. Nosso objetivo \u00e9 trazer conte\u00fados de qualidade que transformem suas escolhas financeiras e &hellip;\" \/>\n<meta property=\"og:url\" content=\"https:\/\/economiaportal.com\/sq\/rreth-nesh\/\" \/>\n<meta property=\"og:site_name\" content=\"Economia Portal\" \/>\n<meta property=\"article:modified_time\" content=\"2024-11-11T13:03:50+00:00\" \/>\n<meta name=\"twitter:card\" content=\"summary_large_image\" \/>\n<meta name=\"twitter:label1\" content=\"Est. reading time\" \/>\n\t<meta name=\"twitter:data1\" content=\"2 minuta\" \/>\n<script type=\"application\/ld+json\" class=\"yoast-schema-graph\">{\"@context\":\"https:\/\/schema.org\",\"@graph\":[{\"@type\":\"WebPage\",\"@id\":\"https:\/\/economiaportal.com\/sobre-nos\/\",\"url\":\"https:\/\/economiaportal.com\/sobre-nos\/\",\"name\":\"Sobre N\u00f3s - Economia Portal\",\"isPartOf\":{\"@id\":\"https:\/\/economiaportal.com\/#website\"},\"datePublished\":\"2024-11-11T13:03:49+00:00\",\"dateModified\":\"2024-11-11T13:03:50+00:00\",\"breadcrumb\":{\"@id\":\"https:\/\/economiaportal.com\/sobre-nos\/#breadcrumb\"},\"inLanguage\":\"sq\",\"potentialAction\":[{\"@type\":\"ReadAction\",\"target\":[\"https:\/\/economiaportal.com\/sobre-nos\/\"]}]},{\"@type\":\"BreadcrumbList\",\"@id\":\"https:\/\/economiaportal.com\/sobre-nos\/#breadcrumb\",\"itemListElement\":[{\"@type\":\"ListItem\",\"position\":1,\"name\":\"In\u00edcio\",\"item\":\"https:\/\/economiaportal.com\/\"},{\"@type\":\"ListItem\",\"position\":2,\"name\":\"Sobre N\u00f3s\"}]},{\"@type\":\"WebSite\",\"@id\":\"https:\/\/economiaportal.com\/#website\",\"url\":\"https:\/\/economiaportal.com\/\",\"name\":\"Economia Portal\",\"description\":\"\",\"publisher\":{\"@id\":\"https:\/\/economiaportal.com\/#organization\"},\"potentialAction\":[{\"@type\":\"SearchAction\",\"target\":{\"@type\":\"EntryPoint\",\"urlTemplate\":\"https:\/\/economiaportal.com\/?s={search_term_string}\"},\"query-input\":{\"@type\":\"PropertyValueSpecification\",\"valueRequired\":true,\"valueName\":\"search_term_string\"}}],\"inLanguage\":\"sq\"},{\"@type\":\"Organization\",\"@id\":\"https:\/\/economiaportal.com\/#organization\",\"name\":\"Economia Portal\",\"url\":\"https:\/\/economiaportal.com\/\",\"logo\":{\"@type\":\"ImageObject\",\"inLanguage\":\"sq\",\"@id\":\"https:\/\/economiaportal.com\/#\/schema\/logo\/image\/\",\"url\":\"https:\/\/economiaportal.com\/wp-content\/uploads\/2024\/07\/cropped-Design-sem-nome.jpg\",\"contentUrl\":\"https:\/\/economiaportal.com\/wp-content\/uploads\/2024\/07\/cropped-Design-sem-nome.jpg\",\"width\":161,\"height\":45,\"caption\":\"Economia Portal\"},\"image\":{\"@id\":\"https:\/\/economiaportal.com\/#\/schema\/logo\/image\/\"}}]}<\/script>\n<!-- \/ Yoast SEO plugin. -->","yoast_head_json":{"title":"Rreth Nesh - Portali i Ekonomis\u00eb","robots":{"index":"index","follow":"follow","max-snippet":"max-snippet:-1","max-image-preview":"max-image-preview:large","max-video-preview":"max-video-preview:-1"},"canonical":"https:\/\/economiaportal.com\/sq\/rreth-nesh\/","og_locale":"sq_AL","og_type":"article","og_title":"Sobre N\u00f3s - Economia Portal","og_description":"Bem-vindo ao Economia Portal! Aqui, acreditamos que a informa\u00e7\u00e3o financeira deve ser simples e acess\u00edvel para todos. Nosso objetivo \u00e9 trazer conte\u00fados de qualidade que transformem suas escolhas financeiras e &hellip;","og_url":"https:\/\/economiaportal.com\/sq\/rreth-nesh\/","og_site_name":"Economia Portal","article_modified_time":"2024-11-11T13:03:50+00:00","twitter_card":"summary_large_image","twitter_misc":{"Est. reading time":"2 minuta"},"schema":{"@context":"https:\/\/schema.org","@graph":[{"@type":"WebPage","@id":"https:\/\/economiaportal.com\/sobre-nos\/","url":"https:\/\/economiaportal.com\/sobre-nos\/","name":"Rreth Nesh - Portali i Ekonomis\u00eb","isPartOf":{"@id":"https:\/\/economiaportal.com\/#website"},"datePublished":"2024-11-11T13:03:49+00:00","dateModified":"2024-11-11T13:03:50+00:00","breadcrumb":{"@id":"https:\/\/economiaportal.com\/sobre-nos\/#breadcrumb"},"inLanguage":"sq","potentialAction":[{"@type":"ReadAction","target":["https:\/\/economiaportal.com\/sobre-nos\/"]}]},{"@type":"BreadcrumbList","@id":"https:\/\/economiaportal.com\/sobre-nos\/#breadcrumb","itemListElement":[{"@type":"ListItem","position":1,"name":"In\u00edcio","item":"https:\/\/economiaportal.com\/"},{"@type":"ListItem","position":2,"name":"Sobre N\u00f3s"}]},{"@type":"WebSite","@id":"https:\/\/economiaportal.com\/#website","url":"https:\/\/economiaportal.com\/","name":"Portali i Ekonomis\u00eb","description":"","publisher":{"@id":"https:\/\/economiaportal.com\/#organization"},"potentialAction":[{"@type":"SearchAction","target":{"@type":"EntryPoint","urlTemplate":"https:\/\/economiaportal.com\/?s={search_term_string}"},"query-input":{"@type":"PropertyValueSpecification","valueRequired":true,"valueName":"search_term_string"}}],"inLanguage":"sq"},{"@type":"Organization","@id":"https:\/\/economiaportal.com\/#organization","name":"Portali i Ekonomis\u00eb","url":"https:\/\/economiaportal.com\/","logo":{"@type":"ImageObject","inLanguage":"sq","@id":"https:\/\/economiaportal.com\/#\/schema\/logo\/image\/","url":"https:\/\/economiaportal.com\/wp-content\/uploads\/2024\/07\/cropped-Design-sem-nome.jpg","contentUrl":"https:\/\/economiaportal.com\/wp-content\/uploads\/2024\/07\/cropped-Design-sem-nome.jpg","width":161,"height":45,"caption":"Economia Portal"},"image":{"@id":"https:\/\/economiaportal.com\/#\/schema\/logo\/image\/"}}]}},"_links":{"self":[{"href":"https:\/\/economiaportal.com\/sq\/wp-json\/wp\/v2\/pages\/1512","targetHints":{"allow":["GET"]}}],"collection":[{"href":"https:\/\/economiaportal.com\/sq\/wp-json\/wp\/v2\/pages"}],"about":[{"href":"https:\/\/economiaportal.com\/sq\/wp-json\/wp\/v2\/types\/page"}],"author":[{"embeddable":true,"href":"https:\/\/economiaportal.com\/sq\/wp-json\/wp\/v2\/users\/14"}],"replies":[{"embeddable":true,"href":"https:\/\/economiaportal.com\/sq\/wp-json\/wp\/v2\/comments?post=1512"}],"version-history":[{"count":1,"href":"https:\/\/economiaportal.com\/sq\/wp-json\/wp\/v2\/pages\/1512\/revisions"}],"predecessor-version":[{"id":1513,"href":"https:\/\/economiaportal.com\/sq\/wp-json\/wp\/v2\/pages\/1512\/revisions\/1513"}],"wp:attachment":[{"href":"https:\/\/economiaportal.com\/sq\/wp-json\/wp\/v2\/media?parent=1512"}],"curies":[{"name":"wp","href":"https:\/\/api.w.org\/{rel}","templated":true}]}}