{"id":2,"date":"2022-10-07T00:33:05","date_gmt":"2022-10-07T00:33:05","guid":{"rendered":"https:\/\/economiaportal.com\/?page_id=2"},"modified":"2024-11-28T22:36:53","modified_gmt":"2024-11-28T19:36:53","slug":"kushtet-e-perdorimit","status":"publish","type":"page","link":"https:\/\/economiaportal.com\/sq\/termos-de-uso\/","title":{"rendered":"Kushtet e P\u00ebrdorimit"},"content":{"rendered":"<p>Privat\u00ebsia juaj \u00ebsht\u00eb e r\u00ebnd\u00ebsishme p\u00ebr ne. \u00cbsht\u00eb politik\u00eb e Economia Portal t\u00eb respektoj\u00eb privat\u00ebsin\u00eb tuaj n\u00eb lidhje me \u00e7do informacion q\u00eb mund t\u00eb mbledhim nga ju n\u00eb faqen e internetit t\u00eb Economia Portal dhe n\u00eb faqet e tjera q\u00eb ne zot\u00ebrojm\u00eb dhe operojm\u00eb.<\/p>\n\n\n\n<p>Ne k\u00ebrkojm\u00eb informacione personale vet\u00ebm kur na nevojiten v\u00ebrtet p\u00ebr t&#039;ju ofruar nj\u00eb sh\u00ebrbim. Ne i mbledhim ato me mjete t\u00eb drejta dhe ligjore, me dijenin\u00eb dhe p\u00eblqimin tuaj. Gjithashtu ju njoftojm\u00eb pse po i mbledhim ato dhe si do t\u00eb p\u00ebrdoren.<\/p>\n\n\n\n<p>Ne i ruajm\u00eb informacionet e mbledhura vet\u00ebm p\u00ebr aq koh\u00eb sa \u00ebsht\u00eb e nevojshme p\u00ebr t&#039;ju ofruar sh\u00ebrbimin e k\u00ebrkuar. T\u00eb dh\u00ebnat q\u00eb ruajm\u00eb, ne do t&#039;i mbrojm\u00eb brenda mjeteve t\u00eb pranueshme komerciale p\u00ebr t\u00eb parandaluar humbjen dhe vjedhjen, si dhe aksesin, zbulimin, kopjimin, p\u00ebrdorimin ose modifikimin e paautorizuar.<\/p>\n\n\n\n<p>Ne nuk ndajm\u00eb asnj\u00eb informacion identifikues personal publikisht ose me pal\u00eb t\u00eb treta, p\u00ebrve\u00e7 rasteve kur k\u00ebrkohet me ligj.<\/p>\n\n\n\n<p>Uebsajti yn\u00eb mund t\u00eb lidhet me faqe t\u00eb jashtme q\u00eb nuk operohen nga ne. Ju lutemi t\u00eb keni parasysh se ne nuk kemi kontroll mbi p\u00ebrmbajtjen dhe praktikat e k\u00ebtyre faqeve dhe nuk mund t\u00eb pranojm\u00eb p\u00ebrgjegj\u00ebsi ose detyrim p\u00ebr faqet p\u00ebrkat\u00ebse t\u00eb tyre.&nbsp;<a href=\"https:\/\/politicaprivacidade.com\/\" target=\"_BLANK\" rel=\"noreferrer noopener\">politikat e privat\u00ebsis\u00eb<\/a>.<\/p>\n\n\n\n<p>Ju jeni t\u00eb lir\u00eb t\u00eb refuzoni k\u00ebrkes\u00ebn ton\u00eb p\u00ebr informacionin tuaj personal, me mir\u00ebkuptimin se ne mund t\u00eb mos jemi n\u00eb gjendje t&#039;ju ofrojm\u00eb disa nga sh\u00ebrbimet q\u00eb d\u00ebshironi.<\/p>\n\n\n\n<p>P\u00ebrdorimi juaj i vazhduesh\u00ebm i faqes son\u00eb t\u00eb internetit do t\u00eb konsiderohet si pranim i praktikave tona n\u00eb lidhje me privat\u00ebsin\u00eb dhe informacionin personal. N\u00ebse keni ndonj\u00eb pyetje n\u00eb lidhje me m\u00ebnyr\u00ebn se si i trajtojm\u00eb t\u00eb dh\u00ebnat e p\u00ebrdoruesit dhe informacionin personal, mos ngurroni t\u00eb na kontaktoni.<\/p>\n\n\n\n<h2 class=\"wp-block-heading\">Politika e Cookies Portali Economia<\/h2>\n\n\n\n<h3 class=\"wp-block-heading\">\u00c7far\u00eb jan\u00eb kukit\u00eb?<\/h3>\n\n\n\n<p>Si\u00e7 \u00ebsht\u00eb praktik\u00eb e zakonshme me pothuajse t\u00eb gjitha faqet e internetit profesionale, kjo faqe p\u00ebrdor &quot;cookies&quot;, t\u00eb cilat jan\u00eb skedar\u00eb t\u00eb vegj\u00ebl q\u00eb shkarkohen n\u00eb kompjuterin tuaj, p\u00ebr t\u00eb p\u00ebrmir\u00ebsuar p\u00ebrvoj\u00ebn tuaj. Kjo faqe p\u00ebrshkruan se \u00e7far\u00eb informacioni mbledhin ato, si i p\u00ebrdorim ne dhe pse ndonj\u00ebher\u00eb na duhet t&#039;i ruajm\u00eb k\u00ebto &quot;cookies&quot;. Ne gjithashtu do t\u00eb ndajm\u00eb se si mund ta parandaloni ruajtjen e k\u00ebtyre &quot;cookies&quot;, megjithat\u00eb kjo mund t\u00eb ul\u00eb ose &quot;prish\u00eb&quot; element\u00eb t\u00eb caktuar t\u00eb funksionalitetit t\u00eb faqes.<\/p>\n\n\n\n<h3 class=\"wp-block-heading\">Si i p\u00ebrdorim cookies?<\/h3>\n\n\n\n<p>Ne p\u00ebrdorim cookie-t p\u00ebr nj\u00eb s\u00ebr\u00eb arsyesh t\u00eb detajuara m\u00eb posht\u00eb. Fatkeq\u00ebsisht, n\u00eb shumic\u00ebn e rasteve nuk ka opsione standarde t\u00eb industris\u00eb p\u00ebr \u00e7aktivizimin e cookie-ve pa \u00e7aktivizuar plot\u00ebsisht funksionalitetin dhe ve\u00e7orit\u00eb q\u00eb ato i shtojn\u00eb k\u00ebsaj faqeje interneti. Rekomandohet q\u00eb t&#039;i lini t\u00eb aktivizuara t\u00eb gjitha cookie-t n\u00ebse nuk jeni t\u00eb sigurt n\u00ebse keni nevoj\u00eb p\u00ebr to apo jo, n\u00eb rast se ato p\u00ebrdoren p\u00ebr t\u00eb ofruar nj\u00eb sh\u00ebrbim q\u00eb p\u00ebrdorni.<\/p>\n\n\n\n<h3 class=\"wp-block-heading\">\u00c7aktivizo kukit<\/h3>\n\n\n\n<p>Ju mund ta parandaloni vendosjen e cookie-ve duke rregulluar cil\u00ebsimet n\u00eb shfletuesin tuaj (shihni Ndihm\u00ebn e shfletuesit tuaj p\u00ebr m\u00ebnyr\u00ebn se si ta b\u00ebni k\u00ebt\u00eb). Kini parasysh se \u00e7aktivizimi i cookie-ve do t\u00eb ndikoj\u00eb n\u00eb funksionalitetin e k\u00ebsaj dhe shum\u00eb faqeve t\u00eb tjera t\u00eb internetit q\u00eb vizitoni. \u00c7aktivizimi i cookie-ve zakonisht do t\u00eb rezultoj\u00eb n\u00eb \u00e7aktivizimin e disa funksioneve dhe ve\u00e7orive t\u00eb k\u00ebsaj faqeje interneti. Prandaj, rekomandohet q\u00eb t\u00eb mos i \u00e7aktivizoni cookie-t.<\/p>\n\n\n\n<h3 class=\"wp-block-heading\">Kukit\u00eb q\u00eb vendosim<\/h3>\n\n\n\n<ul class=\"wp-block-list\">\n<li>Kukit\u00eb q\u00eb lidhen me llogarin\u00eb<br><br>N\u00ebse krijoni nj\u00eb llogari tek ne, at\u00ebher\u00eb ne do t\u00eb p\u00ebrdorim cookie-t p\u00ebr menaxhimin e procesit t\u00eb regjistrimit dhe administrimin e p\u00ebrgjithsh\u00ebm. K\u00ebto cookie zakonisht fshihen kur t\u00eb dilni, megjithat\u00eb n\u00eb disa raste ato mund t\u00eb mbeten m\u00eb pas p\u00ebr t\u00eb kujtuar preferencat tuaja t\u00eb faqes kur t\u00eb dilni.<br><\/li>\n\n\n\n<li>Kukit\u00eb q\u00eb lidhen me hyrjen<br><br>Ne p\u00ebrdorim &quot;cookies&quot; kur jeni i ky\u00e7ur, n\u00eb m\u00ebnyr\u00eb q\u00eb ta mbajm\u00eb mend k\u00ebt\u00eb fakt. Kjo ju pengon t\u00eb identifikoheni sa her\u00eb q\u00eb vizitoni nj\u00eb faqe t\u00eb re. K\u00ebto &quot;cookies&quot; zakonisht hiqen ose pastrohen kur dilni, p\u00ebr t&#039;u siguruar q\u00eb t\u00eb keni akses vet\u00ebm n\u00eb ve\u00e7orit\u00eb dhe zonat e kufizuara kur jeni i ky\u00e7ur.<br><\/li>\n\n\n\n<li>Kukit\u00eb q\u00eb lidhen me buletinin elektronik t\u00eb email-it<br><br>Kjo faqe ofron sh\u00ebrbime abonimi n\u00eb buletinin informativ ose email dhe cookie-t mund t\u00eb p\u00ebrdoren p\u00ebr t\u00eb kujtuar n\u00ebse jeni regjistruar tashm\u00eb dhe n\u00ebse duhen shfaqur njoftime t\u00eb caktuara t\u00eb cilat mund t\u00eb jen\u00eb t\u00eb vlefshme vet\u00ebm p\u00ebr p\u00ebrdoruesit e abonuar\/t\u00eb paabonuar.<br><\/li>\n\n\n\n<li>Cookies t\u00eb lidhura me p\u00ebrpunimin e porosive<br><br>Kjo faqe ofron mund\u00ebsi tregtie elektronike ose pagese dhe disa cookie jan\u00eb thelb\u00ebsore p\u00ebr t\u00eb siguruar q\u00eb porosia juaj t\u00eb mbahet mend midis faqeve n\u00eb m\u00ebnyr\u00eb q\u00eb ne ta p\u00ebrpunojm\u00eb at\u00eb si\u00e7 duhet.<br><\/li>\n\n\n\n<li>Kukit\u00eb q\u00eb lidhen me k\u00ebrkimin<br><br>Her\u00eb pas here ne ofrojm\u00eb anketa dhe pyet\u00ebsor\u00eb p\u00ebrdoruesish p\u00ebr t&#039;ju ofruar njohuri interesante, mjete t\u00eb dobishme ose p\u00ebr t\u00eb kuptuar m\u00eb sakt\u00eb baz\u00ebn ton\u00eb t\u00eb p\u00ebrdoruesve. K\u00ebto anketa mund t\u00eb p\u00ebrdorin cookie p\u00ebr t\u00eb kujtuar se kush ka marr\u00eb pjes\u00eb tashm\u00eb n\u00eb nj\u00eb anket\u00eb ose p\u00ebr t&#039;ju ofruar rezultate t\u00eb sakta pasi t\u00eb ndryshoni faqet.<br><\/li>\n\n\n\n<li>Kukit\u00eb q\u00eb lidhen me formular\u00ebt<br><br>Kur d\u00ebrgoni t\u00eb dh\u00ebna p\u00ebrmes nj\u00eb formulari si ato q\u00eb gjenden n\u00eb faqet e kontaktit ose formular\u00ebt e komenteve, cookie-t mund t\u00eb vendosen p\u00ebr t\u00eb kujtuar t\u00eb dh\u00ebnat tuaja t\u00eb p\u00ebrdoruesit p\u00ebr korrespondenc\u00ebn e ardhshme.<br><\/li>\n\n\n\n<li>Kukit\u00eb e Preferencave t\u00eb Faqes<br><br>P\u00ebr t&#039;ju ofruar nj\u00eb p\u00ebrvoj\u00eb t\u00eb shk\u00eblqyer n\u00eb k\u00ebt\u00eb faqe interneti, ne ofrojm\u00eb funksionalitetin p\u00ebr t\u00eb vendosur preferencat tuaja p\u00ebr m\u00ebnyr\u00ebn se si funksionon kjo faqe kur e p\u00ebrdorni at\u00eb. P\u00ebr t\u00eb kujtuar preferencat tuaja, ne duhet t\u00eb vendosim cookie-t n\u00eb m\u00ebnyr\u00eb q\u00eb ky informacion t\u00eb mund t\u00eb thirret sa her\u00eb q\u00eb bashk\u00ebveproni me nj\u00eb faqe q\u00eb ndikohet nga preferencat tuaja.<\/li>\n<\/ul>\n\n\n\n<h3 class=\"wp-block-heading\">Kukit\u00eb e pal\u00ebve t\u00eb treta<\/h3>\n\n\n\n<p>N\u00eb disa raste t\u00eb ve\u00e7anta, ne p\u00ebrdorim edhe cookie-t e ofruara nga pal\u00eb t\u00eb treta t\u00eb besuara. Seksioni i m\u00ebposht\u00ebm detajon se cilat cookie-t e pal\u00ebve t\u00eb treta mund t\u00eb hasni p\u00ebrmes k\u00ebsaj faqeje interneti.<\/p>\n\n\n\n<ul class=\"wp-block-list\">\n<li>Kjo faqe p\u00ebrdor Google Analytics, e cila \u00ebsht\u00eb nj\u00eb nga zgjidhjet m\u00eb t\u00eb p\u00ebrhapura dhe m\u00eb t\u00eb besueshme t\u00eb analizave n\u00eb internet, p\u00ebr t\u00eb na ndihmuar t\u00eb kuptojm\u00eb se si e p\u00ebrdorni faqen dhe m\u00ebnyrat se si mund ta p\u00ebrmir\u00ebsojm\u00eb p\u00ebrvoj\u00ebn tuaj. K\u00ebto cookie mund t\u00eb gjurmojn\u00eb gj\u00ebra t\u00eb tilla si sa koh\u00eb kaloni n\u00eb faqe dhe faqet q\u00eb vizitoni, n\u00eb m\u00ebnyr\u00eb q\u00eb t\u00eb mund t\u00eb vazhdojm\u00eb t\u00eb prodhojm\u00eb p\u00ebrmbajtje t\u00ebrheq\u00ebse.<\/li>\n<\/ul>\n\n\n\n<p>P\u00ebr m\u00eb shum\u00eb informacion rreth cookie-ve t\u00eb Google Analytics, shihni faqen zyrtare t\u00eb Google Analytics.<\/p>\n\n\n\n<ul class=\"wp-block-list\">\n<li>Analitika e pal\u00ebve t\u00eb treta p\u00ebrdoret p\u00ebr t\u00eb ndjekur dhe matur p\u00ebrdorimin e k\u00ebsaj faqeje interneti n\u00eb m\u00ebnyr\u00eb q\u00eb ne t\u00eb mund t\u00eb vazhdojm\u00eb t\u00eb prodhojm\u00eb p\u00ebrmbajtje t\u00ebrheq\u00ebse. K\u00ebto cookie mund t\u00eb gjurmojn\u00eb gj\u00ebra t\u00eb tilla si koh\u00ebzgjatja q\u00eb kaloni n\u00eb faqe ose faqet q\u00eb vizitoni, gj\u00eb q\u00eb na ndihmon t\u00eb kuptojm\u00eb se si mund ta p\u00ebrmir\u00ebsojm\u00eb faqen p\u00ebr ju.<\/li>\n\n\n\n<li>Her\u00eb pas here ne testojm\u00eb ve\u00e7ori t\u00eb reja dhe b\u00ebjm\u00eb ndryshime t\u00eb vogla n\u00eb m\u00ebnyr\u00ebn se si ofrohet faqja. Kur jemi ende duke testuar ve\u00e7ori t\u00eb reja, k\u00ebto cookie mund t\u00eb p\u00ebrdoren p\u00ebr t\u00eb siguruar q\u00eb ju t\u00eb merrni nj\u00eb p\u00ebrvoj\u00eb t\u00eb q\u00ebndrueshme nd\u00ebrsa jeni n\u00eb faqe, duke u siguruar q\u00eb ne t\u00eb kuptojm\u00eb se cilat optimizime i vler\u00ebsojn\u00eb m\u00eb shum\u00eb p\u00ebrdoruesit tan\u00eb.<\/li>\n\n\n\n<li>Nd\u00ebrsa shesim produkte, \u00ebsht\u00eb e r\u00ebnd\u00ebsishme p\u00ebr ne t\u00eb kuptojm\u00eb statistikat rreth asaj se sa vizitor\u00eb n\u00eb faqen ton\u00eb b\u00ebjn\u00eb nj\u00eb blerje dhe si t\u00eb tilla, ky \u00ebsht\u00eb lloji i t\u00eb dh\u00ebnave q\u00eb k\u00ebto cookie do t\u00eb gjurmojn\u00eb. Kjo \u00ebsht\u00eb e r\u00ebnd\u00ebsishme p\u00ebr ju pasi do t\u00eb thot\u00eb q\u00eb ne mund t\u00eb b\u00ebjm\u00eb me sakt\u00ebsi parashikime biznesi q\u00eb na lejojn\u00eb t\u00eb monitorojm\u00eb kostot e reklamave dhe t\u00eb produkteve tona p\u00ebr t\u00eb siguruar \u00e7mimin m\u00eb t\u00eb mir\u00eb t\u00eb mundsh\u00ebm.<\/li>\n\n\n\n<li>Sh\u00ebrbimi Google AdSense q\u00eb ne p\u00ebrdorim p\u00ebr t\u00eb ofruar reklama p\u00ebrdor nj\u00eb cookie DoubleClick p\u00ebr t\u00eb shfaqur reklama m\u00eb t\u00eb r\u00ebnd\u00ebsishme n\u00eb t\u00eb gjith\u00eb uebin dhe p\u00ebr t\u00eb kufizuar numrin e her\u00ebve q\u00eb nj\u00eb reklam\u00eb e caktuar ju shfaqet.<br>P\u00ebr m\u00eb shum\u00eb informacion rreth Google AdSense, shihni Pyetjet e Shpeshta zyrtare mbi Privat\u00ebsin\u00eb e Google AdSense.<\/li>\n\n\n\n<li>Ne p\u00ebrdorim reklama p\u00ebr t\u00eb kompensuar kostot e funksionimit t\u00eb k\u00ebsaj faqeje dhe p\u00ebr t\u00eb siguruar fonde p\u00ebr zhvillim t\u00eb m\u00ebtejsh\u00ebm. Cookie-t e reklamimit t\u00eb sjelljes t\u00eb p\u00ebrdorura nga kjo faqe jan\u00eb krijuar p\u00ebr t\u00eb siguruar q\u00eb ne t&#039;ju ofrojm\u00eb reklamat m\u00eb t\u00eb r\u00ebnd\u00ebsishme, aty ku \u00ebsht\u00eb e mundur, duke ndjekur n\u00eb m\u00ebnyr\u00eb anonime interesat tuaja dhe duke paraqitur gj\u00ebra t\u00eb ngjashme q\u00eb mund t\u00eb jen\u00eb me interes.<\/li>\n\n\n\n<li>Disa partner\u00eb reklamojn\u00eb n\u00eb emrin ton\u00eb dhe &quot;cookies&quot; e gjurmimit t\u00eb partner\u00ebve thjesht na lejojn\u00eb t\u00eb shohim n\u00ebse klient\u00ebt tan\u00eb kan\u00eb ardhur n\u00eb faqe p\u00ebrmes nj\u00ebr\u00ebs prej faqeve tona partnere, n\u00eb m\u00ebnyr\u00eb q\u00eb t&#039;i kreditojm\u00eb ata n\u00eb m\u00ebnyr\u00eb t\u00eb p\u00ebrshtatshme dhe, kur \u00ebsht\u00eb e aplikueshme, t&#039;u lejojm\u00eb partner\u00ebve tan\u00eb t\u00eb bashk\u00ebpun\u00ebtor\u00ebve t\u00eb ofrojn\u00eb \u00e7do bonus q\u00eb mund t&#039;ju ofrojn\u00eb p\u00ebr kryerjen e nj\u00eb blerjeje.<\/li>\n<\/ul>\n\n\n\n<h3 class=\"wp-block-heading\">Angazhimi i P\u00ebrdoruesit<\/h3>\n\n\n\n<p>P\u00ebrdoruesi merr p\u00ebrsip\u00ebr t\u00eb p\u00ebrdor\u00eb n\u00eb m\u00ebnyr\u00eb t\u00eb p\u00ebrshtatshme p\u00ebrmbajtjen dhe informacionin q\u00eb Economia Portal ofron n\u00eb faqen e internetit dhe, si shembull, por pa u kufizuar n\u00eb:<\/p>\n\n\n\n<ul class=\"wp-block-list\">\n<li>A) T\u00eb mos p\u00ebrfshihet n\u00eb aktivitete q\u00eb jan\u00eb t\u00eb paligjshme ose n\u00eb kund\u00ebrshtim me mir\u00ebbesimin dhe rendin publik;<\/li>\n\n\n\n<li>B) Mos p\u00ebrhapni propagand\u00eb ose p\u00ebrmbajtje me natyr\u00eb paragjykuese dhe ksenofobike,\u00a0<a href=\"https:\/\/jogoshoje.io\/\">ndeshjet e sotme<\/a>\u00a0ose fat i keq, \u00e7do lloj p\u00ebrmbajtjeje t\u00eb paligjshme p\u00ebr t\u00eb rritur ose p\u00ebrmbajtje kund\u00ebr t\u00eb drejtave t\u00eb njeriut;<\/li>\n\n\n\n<li>C) T\u00eb mos shkaktoj\u00eb d\u00ebme n\u00eb sistemet fizike (hardware) dhe logjike (software) t\u00eb Economia Portal, furnizuesve t\u00eb tij ose pal\u00ebve t\u00eb treta, t\u00eb mos fut\u00eb ose p\u00ebrhap\u00eb viruse kompjuterike ose ndonj\u00eb sistem tjet\u00ebr hardware ose software q\u00eb \u00ebsht\u00eb i aft\u00eb t\u00eb shkaktoj\u00eb d\u00ebmin e lartp\u00ebrmendur.<\/li>\n<\/ul>\n\n\n\n<h3 class=\"wp-block-heading\">M\u00eb shum\u00eb informacion<\/h3>\n\n\n\n<p>Shpresoj q\u00eb kjo ju ka sqaruar gj\u00ebrat dhe, si\u00e7 u p\u00ebrmend m\u00eb par\u00eb, n\u00ebse ka di\u00e7ka p\u00ebr t\u00eb cil\u00ebn nuk jeni t\u00eb sigurt n\u00ebse ju nevojitet apo jo, zakonisht \u00ebsht\u00eb m\u00eb e sigurt t&#039;i lini t\u00eb aktivizuara &quot;cookies&quot; n\u00eb rast se ato nd\u00ebrveprojn\u00eb me nj\u00eb nga ve\u00e7orit\u00eb q\u00eb p\u00ebrdorni n\u00eb faqen ton\u00eb.<\/p>\n\n\n\n<p>Kjo politik\u00eb \u00ebsht\u00eb n\u00eb fuqi q\u00eb nga&nbsp;<strong>Korrik<\/strong>\/<strong>2021<\/strong>.<\/p>","protected":false},"excerpt":{"rendered":"<p>A sua privacidade \u00e9 importante para n\u00f3s. \u00c9 pol\u00edtica do Economia Portal respeitar a sua privacidade em rela\u00e7\u00e3o a qualquer informa\u00e7\u00e3o sua que possamos coletar no site&nbsp;Economia Portal, e outros &hellip; <\/p>","protected":false},"author":14,"featured_media":0,"parent":0,"menu_order":0,"comment_status":"closed","ping_status":"open","template":"","meta":{"footnotes":""},"class_list":["post-2","page","type-page","status-publish","hentry","latest_post"],"yoast_head":"<!-- This site is optimized with the Yoast SEO plugin v26.8 - https:\/\/yoast.com\/product\/yoast-seo-wordpress\/ -->\n<title>Termos de Uso - Economia Portal<\/title>\n<meta name=\"robots\" content=\"index, follow, max-snippet:-1, max-image-preview:large, max-video-preview:-1\" \/>\n<link rel=\"canonical\" href=\"https:\/\/economiaportal.com\/sq\/kushtet-e-perdorimit\/\" \/>\n<meta property=\"og:locale\" content=\"sq_AL\" \/>\n<meta property=\"og:type\" content=\"article\" \/>\n<meta property=\"og:title\" content=\"Termos de Uso - Economia Portal\" \/>\n<meta property=\"og:description\" content=\"A sua privacidade \u00e9 importante para n\u00f3s. \u00c9 pol\u00edtica do Economia Portal respeitar a sua privacidade em rela\u00e7\u00e3o a qualquer informa\u00e7\u00e3o sua que possamos coletar no site&nbsp;Economia Portal, e outros &hellip;\" \/>\n<meta property=\"og:url\" content=\"https:\/\/economiaportal.com\/sq\/kushtet-e-perdorimit\/\" \/>\n<meta property=\"og:site_name\" content=\"Economia Portal\" \/>\n<meta property=\"article:modified_time\" content=\"2024-11-28T19:36:53+00:00\" \/>\n<meta name=\"twitter:card\" content=\"summary_large_image\" \/>\n<meta name=\"twitter:label1\" content=\"Est. reading time\" \/>\n\t<meta name=\"twitter:data1\" content=\"8 minuta\" \/>\n<script type=\"application\/ld+json\" class=\"yoast-schema-graph\">{\"@context\":\"https:\/\/schema.org\",\"@graph\":[{\"@type\":\"WebPage\",\"@id\":\"https:\/\/economiaportal.com\/termos-de-uso\/\",\"url\":\"https:\/\/economiaportal.com\/termos-de-uso\/\",\"name\":\"Termos de Uso - Economia Portal\",\"isPartOf\":{\"@id\":\"https:\/\/economiaportal.com\/#website\"},\"datePublished\":\"2022-10-07T00:33:05+00:00\",\"dateModified\":\"2024-11-28T19:36:53+00:00\",\"breadcrumb\":{\"@id\":\"https:\/\/economiaportal.com\/termos-de-uso\/#breadcrumb\"},\"inLanguage\":\"sq\",\"potentialAction\":[{\"@type\":\"ReadAction\",\"target\":[\"https:\/\/economiaportal.com\/termos-de-uso\/\"]}]},{\"@type\":\"BreadcrumbList\",\"@id\":\"https:\/\/economiaportal.com\/termos-de-uso\/#breadcrumb\",\"itemListElement\":[{\"@type\":\"ListItem\",\"position\":1,\"name\":\"In\u00edcio\",\"item\":\"https:\/\/economiaportal.com\/\"},{\"@type\":\"ListItem\",\"position\":2,\"name\":\"Termos de Uso\"}]},{\"@type\":\"WebSite\",\"@id\":\"https:\/\/economiaportal.com\/#website\",\"url\":\"https:\/\/economiaportal.com\/\",\"name\":\"Economia Portal\",\"description\":\"\",\"publisher\":{\"@id\":\"https:\/\/economiaportal.com\/#organization\"},\"potentialAction\":[{\"@type\":\"SearchAction\",\"target\":{\"@type\":\"EntryPoint\",\"urlTemplate\":\"https:\/\/economiaportal.com\/?s={search_term_string}\"},\"query-input\":{\"@type\":\"PropertyValueSpecification\",\"valueRequired\":true,\"valueName\":\"search_term_string\"}}],\"inLanguage\":\"sq\"},{\"@type\":\"Organization\",\"@id\":\"https:\/\/economiaportal.com\/#organization\",\"name\":\"Economia Portal\",\"url\":\"https:\/\/economiaportal.com\/\",\"logo\":{\"@type\":\"ImageObject\",\"inLanguage\":\"sq\",\"@id\":\"https:\/\/economiaportal.com\/#\/schema\/logo\/image\/\",\"url\":\"https:\/\/economiaportal.com\/wp-content\/uploads\/2024\/07\/cropped-Design-sem-nome.jpg\",\"contentUrl\":\"https:\/\/economiaportal.com\/wp-content\/uploads\/2024\/07\/cropped-Design-sem-nome.jpg\",\"width\":161,\"height\":45,\"caption\":\"Economia Portal\"},\"image\":{\"@id\":\"https:\/\/economiaportal.com\/#\/schema\/logo\/image\/\"}}]}<\/script>\n<!-- \/ Yoast SEO plugin. -->","yoast_head_json":{"title":"Kushtet e P\u00ebrdorimit - Portali i Ekonomis\u00eb","robots":{"index":"index","follow":"follow","max-snippet":"max-snippet:-1","max-image-preview":"max-image-preview:large","max-video-preview":"max-video-preview:-1"},"canonical":"https:\/\/economiaportal.com\/sq\/kushtet-e-perdorimit\/","og_locale":"sq_AL","og_type":"article","og_title":"Termos de Uso - Economia Portal","og_description":"A sua privacidade \u00e9 importante para n\u00f3s. \u00c9 pol\u00edtica do Economia Portal respeitar a sua privacidade em rela\u00e7\u00e3o a qualquer informa\u00e7\u00e3o sua que possamos coletar no site&nbsp;Economia Portal, e outros &hellip;","og_url":"https:\/\/economiaportal.com\/sq\/kushtet-e-perdorimit\/","og_site_name":"Economia Portal","article_modified_time":"2024-11-28T19:36:53+00:00","twitter_card":"summary_large_image","twitter_misc":{"Est. reading time":"8 minuta"},"schema":{"@context":"https:\/\/schema.org","@graph":[{"@type":"WebPage","@id":"https:\/\/economiaportal.com\/termos-de-uso\/","url":"https:\/\/economiaportal.com\/termos-de-uso\/","name":"Kushtet e P\u00ebrdorimit - Portali i Ekonomis\u00eb","isPartOf":{"@id":"https:\/\/economiaportal.com\/#website"},"datePublished":"2022-10-07T00:33:05+00:00","dateModified":"2024-11-28T19:36:53+00:00","breadcrumb":{"@id":"https:\/\/economiaportal.com\/termos-de-uso\/#breadcrumb"},"inLanguage":"sq","potentialAction":[{"@type":"ReadAction","target":["https:\/\/economiaportal.com\/termos-de-uso\/"]}]},{"@type":"BreadcrumbList","@id":"https:\/\/economiaportal.com\/termos-de-uso\/#breadcrumb","itemListElement":[{"@type":"ListItem","position":1,"name":"In\u00edcio","item":"https:\/\/economiaportal.com\/"},{"@type":"ListItem","position":2,"name":"Termos de Uso"}]},{"@type":"WebSite","@id":"https:\/\/economiaportal.com\/#website","url":"https:\/\/economiaportal.com\/","name":"Portali i Ekonomis\u00eb","description":"","publisher":{"@id":"https:\/\/economiaportal.com\/#organization"},"potentialAction":[{"@type":"SearchAction","target":{"@type":"EntryPoint","urlTemplate":"https:\/\/economiaportal.com\/?s={search_term_string}"},"query-input":{"@type":"PropertyValueSpecification","valueRequired":true,"valueName":"search_term_string"}}],"inLanguage":"sq"},{"@type":"Organization","@id":"https:\/\/economiaportal.com\/#organization","name":"Portali i Ekonomis\u00eb","url":"https:\/\/economiaportal.com\/","logo":{"@type":"ImageObject","inLanguage":"sq","@id":"https:\/\/economiaportal.com\/#\/schema\/logo\/image\/","url":"https:\/\/economiaportal.com\/wp-content\/uploads\/2024\/07\/cropped-Design-sem-nome.jpg","contentUrl":"https:\/\/economiaportal.com\/wp-content\/uploads\/2024\/07\/cropped-Design-sem-nome.jpg","width":161,"height":45,"caption":"Economia Portal"},"image":{"@id":"https:\/\/economiaportal.com\/#\/schema\/logo\/image\/"}}]}},"_links":{"self":[{"href":"https:\/\/economiaportal.com\/sq\/wp-json\/wp\/v2\/pages\/2","targetHints":{"allow":["GET"]}}],"collection":[{"href":"https:\/\/economiaportal.com\/sq\/wp-json\/wp\/v2\/pages"}],"about":[{"href":"https:\/\/economiaportal.com\/sq\/wp-json\/wp\/v2\/types\/page"}],"author":[{"embeddable":true,"href":"https:\/\/economiaportal.com\/sq\/wp-json\/wp\/v2\/users\/14"}],"replies":[{"embeddable":true,"href":"https:\/\/economiaportal.com\/sq\/wp-json\/wp\/v2\/comments?post=2"}],"version-history":[{"count":7,"href":"https:\/\/economiaportal.com\/sq\/wp-json\/wp\/v2\/pages\/2\/revisions"}],"predecessor-version":[{"id":1620,"href":"https:\/\/economiaportal.com\/sq\/wp-json\/wp\/v2\/pages\/2\/revisions\/1620"}],"wp:attachment":[{"href":"https:\/\/economiaportal.com\/sq\/wp-json\/wp\/v2\/media?parent=2"}],"curies":[{"name":"wp","href":"https:\/\/api.w.org\/{rel}","templated":true}]}}