{"id":126,"date":"2022-10-20T14:09:15","date_gmt":"2022-10-20T14:09:15","guid":{"rendered":"https:\/\/economiaportal.com\/?page_id=126"},"modified":"2025-01-06T21:09:16","modified_gmt":"2025-01-06T18:09:16","slug":"iletisim","status":"publish","type":"page","link":"https:\/\/economiaportal.com\/tr\/contato\/","title":{"rendered":"Temas etmek"},"content":{"rendered":"<div class=\"wpcf7 no-js\" id=\"wpcf7-f1692-o1\" lang=\"pt-BR\" dir=\"ltr\" data-wpcf7-id=\"1692\">\n<div class=\"screen-reader-response\"><p role=\"status\" aria-live=\"polite\" aria-atomic=\"true\"><\/p> <ul><\/ul><\/div>\n<form action=\"\/tr\/wp-json\/wp\/v2\/pages\/126#wpcf7-f1692-o1\" method=\"post\" class=\"wpcf7-form init\" aria-label=\"\u0130leti\u015fim formlar\u0131\" novalidate=\"novalidate\" data-status=\"init\" data-trp-original-action=\"\/tr\/wp-json\/wp\/v2\/pages\/126#wpcf7-f1692-o1\">\n<fieldset class=\"hidden-fields-container\"><input type=\"hidden\" name=\"_wpcf7\" value=\"1692\" \/><input type=\"hidden\" name=\"_wpcf7_version\" value=\"6.1.5\" \/><input type=\"hidden\" name=\"_wpcf7_locale\" value=\"pt_BR\" \/><input type=\"hidden\" name=\"_wpcf7_unit_tag\" value=\"wpcf7-f1692-o1\" \/><input type=\"hidden\" name=\"_wpcf7_container_post\" value=\"0\" \/><input type=\"hidden\" name=\"_wpcf7_posted_data_hash\" value=\"\" \/>\n<\/fieldset>\n<p><label> Ad\u0131n\u0131z<br \/>\n<span class=\"wpcf7-form-control-wrap\" data-name=\"your-name\"><input size=\"40\" maxlength=\"400\" class=\"wpcf7-form-control wpcf7-text wpcf7-validates-as-required\" autocomplete=\"name\" aria-required=\"true\" aria-invalid=\"false\" value=\"\" type=\"text\" name=\"your-name\" \/><\/span> <\/label>\n<\/p>\n<p><label> E-posta adresiniz<br \/>\n<span class=\"wpcf7-form-control-wrap\" data-name=\"your-email\"><input size=\"40\" maxlength=\"400\" class=\"wpcf7-form-control wpcf7-email wpcf7-validates-as-required wpcf7-text wpcf7-validates-as-email\" autocomplete=\"email\" aria-required=\"true\" aria-invalid=\"false\" value=\"\" type=\"email\" name=\"your-email\" \/><\/span> <\/label>\n<\/p>\n<p><label> Ders<br \/>\n<span class=\"wpcf7-form-control-wrap\" data-name=\"your-subject\"><input size=\"40\" maxlength=\"400\" class=\"wpcf7-form-control wpcf7-text wpcf7-validates-as-required\" aria-required=\"true\" aria-invalid=\"false\" value=\"\" type=\"text\" name=\"your-subject\" \/><\/span> <\/label>\n<\/p>\n<p><label> Mesaj\u0131n\u0131z (iste\u011fe ba\u011fl\u0131)<br \/>\n<span class=\"wpcf7-form-control-wrap\" data-name=\"your-message\"><textarea cols=\"40\" rows=\"10\" maxlength=\"2000\" class=\"wpcf7-form-control wpcf7-textarea\" aria-invalid=\"false\" name=\"your-message\"><\/textarea><\/span> <\/label>\n<\/p>\n<p><input class=\"wpcf7-form-control wpcf7-submit has-spinner\" type=\"submit\" value=\"G\u00f6ndermek\" \/>\n<\/p><div class=\"wpcf7-response-output\" aria-hidden=\"true\"><\/div>\n<input type=\"hidden\" name=\"trp-form-language\" value=\"tr\"\/><\/form>\n<\/div>","protected":false},"excerpt":{"rendered":"","protected":false},"author":14,"featured_media":0,"parent":0,"menu_order":0,"comment_status":"closed","ping_status":"closed","template":"","meta":{"footnotes":""},"class_list":["post-126","page","type-page","status-publish","hentry","latest_post"],"yoast_head":"<!-- This site is optimized with the Yoast SEO plugin v26.8 - https:\/\/yoast.com\/product\/yoast-seo-wordpress\/ -->\n<title>Contato - Economia Portal<\/title>\n<meta name=\"robots\" content=\"index, follow, max-snippet:-1, max-image-preview:large, max-video-preview:-1\" \/>\n<link rel=\"canonical\" href=\"https:\/\/economiaportal.com\/tr\/iletisim\/\" \/>\n<meta property=\"og:locale\" content=\"tr_TR\" \/>\n<meta property=\"og:type\" content=\"article\" \/>\n<meta property=\"og:title\" content=\"Contato - Economia Portal\" \/>\n<meta property=\"og:url\" content=\"https:\/\/economiaportal.com\/tr\/iletisim\/\" \/>\n<meta property=\"og:site_name\" content=\"Economia Portal\" \/>\n<meta property=\"article:modified_time\" content=\"2025-01-06T18:09:16+00:00\" \/>\n<meta name=\"twitter:card\" content=\"summary_large_image\" \/>\n<meta name=\"twitter:label1\" content=\"Tahmini okuma s\u00fcresi\" \/>\n\t<meta name=\"twitter:data1\" content=\"1 dakika\" \/>\n<script type=\"application\/ld+json\" class=\"yoast-schema-graph\">{\"@context\":\"https:\/\/schema.org\",\"@graph\":[{\"@type\":\"WebPage\",\"@id\":\"https:\/\/economiaportal.com\/contato\/\",\"url\":\"https:\/\/economiaportal.com\/contato\/\",\"name\":\"Contato - Economia Portal\",\"isPartOf\":{\"@id\":\"https:\/\/economiaportal.com\/#website\"},\"datePublished\":\"2022-10-20T14:09:15+00:00\",\"dateModified\":\"2025-01-06T18:09:16+00:00\",\"breadcrumb\":{\"@id\":\"https:\/\/economiaportal.com\/contato\/#breadcrumb\"},\"inLanguage\":\"tr\",\"potentialAction\":[{\"@type\":\"ReadAction\",\"target\":[\"https:\/\/economiaportal.com\/contato\/\"]}]},{\"@type\":\"BreadcrumbList\",\"@id\":\"https:\/\/economiaportal.com\/contato\/#breadcrumb\",\"itemListElement\":[{\"@type\":\"ListItem\",\"position\":1,\"name\":\"In\u00edcio\",\"item\":\"https:\/\/economiaportal.com\/\"},{\"@type\":\"ListItem\",\"position\":2,\"name\":\"Contato\"}]},{\"@type\":\"WebSite\",\"@id\":\"https:\/\/economiaportal.com\/#website\",\"url\":\"https:\/\/economiaportal.com\/\",\"name\":\"Economia Portal\",\"description\":\"\",\"publisher\":{\"@id\":\"https:\/\/economiaportal.com\/#organization\"},\"potentialAction\":[{\"@type\":\"SearchAction\",\"target\":{\"@type\":\"EntryPoint\",\"urlTemplate\":\"https:\/\/economiaportal.com\/?s={search_term_string}\"},\"query-input\":{\"@type\":\"PropertyValueSpecification\",\"valueRequired\":true,\"valueName\":\"search_term_string\"}}],\"inLanguage\":\"tr\"},{\"@type\":\"Organization\",\"@id\":\"https:\/\/economiaportal.com\/#organization\",\"name\":\"Economia Portal\",\"url\":\"https:\/\/economiaportal.com\/\",\"logo\":{\"@type\":\"ImageObject\",\"inLanguage\":\"tr\",\"@id\":\"https:\/\/economiaportal.com\/#\/schema\/logo\/image\/\",\"url\":\"https:\/\/economiaportal.com\/wp-content\/uploads\/2024\/07\/cropped-Design-sem-nome.jpg\",\"contentUrl\":\"https:\/\/economiaportal.com\/wp-content\/uploads\/2024\/07\/cropped-Design-sem-nome.jpg\",\"width\":161,\"height\":45,\"caption\":\"Economia Portal\"},\"image\":{\"@id\":\"https:\/\/economiaportal.com\/#\/schema\/logo\/image\/\"}}]}<\/script>\n<!-- \/ Yoast SEO plugin. -->","yoast_head_json":{"title":"\u0130leti\u015fim - Ekonomi Portal\u0131","robots":{"index":"index","follow":"follow","max-snippet":"max-snippet:-1","max-image-preview":"max-image-preview:large","max-video-preview":"max-video-preview:-1"},"canonical":"https:\/\/economiaportal.com\/tr\/iletisim\/","og_locale":"tr_TR","og_type":"article","og_title":"Contato - Economia Portal","og_url":"https:\/\/economiaportal.com\/tr\/iletisim\/","og_site_name":"Economia Portal","article_modified_time":"2025-01-06T18:09:16+00:00","twitter_card":"summary_large_image","twitter_misc":{"Tahmini okuma s\u00fcresi":"1 dakika"},"schema":{"@context":"https:\/\/schema.org","@graph":[{"@type":"WebPage","@id":"https:\/\/economiaportal.com\/contato\/","url":"https:\/\/economiaportal.com\/contato\/","name":"\u0130leti\u015fim - Ekonomi Portal\u0131","isPartOf":{"@id":"https:\/\/economiaportal.com\/#website"},"datePublished":"2022-10-20T14:09:15+00:00","dateModified":"2025-01-06T18:09:16+00:00","breadcrumb":{"@id":"https:\/\/economiaportal.com\/contato\/#breadcrumb"},"inLanguage":"tr","potentialAction":[{"@type":"ReadAction","target":["https:\/\/economiaportal.com\/contato\/"]}]},{"@type":"BreadcrumbList","@id":"https:\/\/economiaportal.com\/contato\/#breadcrumb","itemListElement":[{"@type":"ListItem","position":1,"name":"In\u00edcio","item":"https:\/\/economiaportal.com\/"},{"@type":"ListItem","position":2,"name":"Contato"}]},{"@type":"WebSite","@id":"https:\/\/economiaportal.com\/#website","url":"https:\/\/economiaportal.com\/","name":"Ekonomi Portal\u0131","description":"","publisher":{"@id":"https:\/\/economiaportal.com\/#organization"},"potentialAction":[{"@type":"SearchAction","target":{"@type":"EntryPoint","urlTemplate":"https:\/\/economiaportal.com\/?s={search_term_string}"},"query-input":{"@type":"PropertyValueSpecification","valueRequired":true,"valueName":"search_term_string"}}],"inLanguage":"tr"},{"@type":"Organization","@id":"https:\/\/economiaportal.com\/#organization","name":"Ekonomi Portal\u0131","url":"https:\/\/economiaportal.com\/","logo":{"@type":"ImageObject","inLanguage":"tr","@id":"https:\/\/economiaportal.com\/#\/schema\/logo\/image\/","url":"https:\/\/economiaportal.com\/wp-content\/uploads\/2024\/07\/cropped-Design-sem-nome.jpg","contentUrl":"https:\/\/economiaportal.com\/wp-content\/uploads\/2024\/07\/cropped-Design-sem-nome.jpg","width":161,"height":45,"caption":"Economia Portal"},"image":{"@id":"https:\/\/economiaportal.com\/#\/schema\/logo\/image\/"}}]}},"_links":{"self":[{"href":"https:\/\/economiaportal.com\/tr\/wp-json\/wp\/v2\/pages\/126","targetHints":{"allow":["GET"]}}],"collection":[{"href":"https:\/\/economiaportal.com\/tr\/wp-json\/wp\/v2\/pages"}],"about":[{"href":"https:\/\/economiaportal.com\/tr\/wp-json\/wp\/v2\/types\/page"}],"author":[{"embeddable":true,"href":"https:\/\/economiaportal.com\/tr\/wp-json\/wp\/v2\/users\/14"}],"replies":[{"embeddable":true,"href":"https:\/\/economiaportal.com\/tr\/wp-json\/wp\/v2\/comments?post=126"}],"version-history":[{"count":5,"href":"https:\/\/economiaportal.com\/tr\/wp-json\/wp\/v2\/pages\/126\/revisions"}],"predecessor-version":[{"id":1694,"href":"https:\/\/economiaportal.com\/tr\/wp-json\/wp\/v2\/pages\/126\/revisions\/1694"}],"wp:attachment":[{"href":"https:\/\/economiaportal.com\/tr\/wp-json\/wp\/v2\/media?parent=126"}],"curies":[{"name":"wp","href":"https:\/\/api.w.org\/{rel}","templated":true}]}}